{"id":1034,"date":"2025-12-05T10:47:34","date_gmt":"2025-12-05T10:47:34","guid":{"rendered":"https:\/\/spanje-vakantiehuizen.com\/waescheservice\/"},"modified":"2026-01-30T07:33:29","modified_gmt":"2026-01-30T07:33:29","slug":"waescheservice","status":"publish","type":"page","link":"https:\/\/spanje-vakantiehuizen.com\/de\/waescheservice\/","title":{"rendered":"W\u00e4scheservice"},"content":{"rendered":"\t\t<div data-elementor-type=\"wp-page\" data-elementor-id=\"1034\" class=\"elementor elementor-1034 elementor-416\" data-elementor-post-type=\"page\">\n\t\t\t\t<div class=\"elementor-element elementor-element-3611a4c e-flex e-con-boxed e-con e-parent\" data-id=\"3611a4c\" data-element_type=\"container\" data-e-type=\"container\">\n\t\t\t\t\t<div class=\"e-con-inner\">\n\t\t\t\t<div class=\"elementor-element elementor-element-41c6aa9 elementor-widget elementor-widget-heading\" data-id=\"41c6aa9\" data-element_type=\"widget\" data-e-type=\"widget\" data-widget_type=\"heading.default\">\n\t\t\t\t\t<h2 class=\"elementor-heading-title elementor-size-default\">W\u00e4scheservice<\/h2>\t\t\t\t<\/div>\n\t\t\t\t\t<\/div>\n\t\t\t\t<\/div>\n\t\t<div class=\"elementor-element elementor-element-4824744 e-flex e-con-boxed e-con e-parent\" data-id=\"4824744\" data-element_type=\"container\" data-e-type=\"container\">\n\t\t\t\t\t<div class=\"e-con-inner\">\n\t\t<div class=\"elementor-element elementor-element-2619dec e-con-full e-flex e-con e-child\" data-id=\"2619dec\" data-element_type=\"container\" data-e-type=\"container\">\n\t\t\t\t<div class=\"elementor-element elementor-element-481aa7f elementor-widget elementor-widget-image\" data-id=\"481aa7f\" data-element_type=\"widget\" data-e-type=\"widget\" data-widget_type=\"image.default\">\n\t\t\t\t\t\t\t\t\t\t\t\t\t\t\t<img fetchpriority=\"high\" decoding=\"async\" width=\"450\" height=\"425\" src=\"https:\/\/spanje-vakantiehuizen.com\/wp-content\/uploads\/2025\/12\/Handdoeken.png\" class=\"attachment-large size-large wp-image-1033\" alt=\"W\u00e4scheservice Cumbre del Sol\" srcset=\"https:\/\/spanje-vakantiehuizen.com\/wp-content\/uploads\/2025\/12\/Handdoeken.png 450w, https:\/\/spanje-vakantiehuizen.com\/wp-content\/uploads\/2025\/12\/Handdoeken-300x283.png 300w\" sizes=\"(max-width: 450px) 100vw, 450px\" \/>\t\t\t\t\t\t\t\t\t\t\t\t\t\t\t<\/div>\n\t\t\t\t<\/div>\n\t\t<div class=\"elementor-element elementor-element-905a1ec e-con-full e-flex e-con e-child\" data-id=\"905a1ec\" data-element_type=\"container\" data-e-type=\"container\">\n\t\t\t\t<div class=\"elementor-element elementor-element-ae7a5c9 elementor-widget elementor-widget-text-editor\" data-id=\"ae7a5c9\" data-element_type=\"widget\" data-e-type=\"widget\" data-widget_type=\"text-editor.default\">\n\t\t\t\t\t\t\t\t\t<p>F\u00fcr Ferienh\u00e4user, die \u00fcber Arthedi SL gemietet werden, bieten wir auch einen W\u00e4scheservice an. Ganz egal, mit wie vielen Personen Sie reisen, welche Bettgr\u00f6\u00dfe Sie haben oder wie viele Badezimmer vorhanden sind: Arthedi stellt geb\u00fcgelte Bettw\u00e4sche bereit, die farblich optimal auf den Stil des Schlafzimmers abgestimmt ist, und stellt Geschirrt\u00fccher, K\u00fcchent\u00fccher und Sp\u00fclt\u00fccher zur Verf\u00fcgung. Und ja, die Handt\u00fccher (4 pro Person) sind wunderbar weich!   <\/p>\t\t\t\t\t\t\t\t<\/div>\n\t\t\t\t<div class=\"elementor-element elementor-element-57fc005 elementor-align-center elementor-widget elementor-widget-button\" data-id=\"57fc005\" data-element_type=\"widget\" data-e-type=\"widget\" data-widget_type=\"button.default\">\n\t\t\t\t\t\t\t\t\t\t<a class=\"elementor-button elementor-button-link elementor-size-sm\" href=\"https:\/\/spanje-vakantiehuizen.com\/de\/kontakt\/\">\n\t\t\t\t\t\t<span class=\"elementor-button-content-wrapper\">\n\t\t\t\t\t\t\t\t\t<span class=\"elementor-button-text\">Weitere Informationen<\/span>\n\t\t\t\t\t<\/span>\n\t\t\t\t\t<\/a>\n\t\t\t\t\t\t\t\t<\/div>\n\t\t\t\t<\/div>\n\t\t\t\t\t<\/div>\n\t\t\t\t<\/div>\n\t\t\t\t<\/div>\n\t\t","protected":false},"excerpt":{"rendered":"<p>W\u00e4scheservice F\u00fcr Ferienh\u00e4user, die \u00fcber Arthedi SL gemietet werden, bieten wir auch einen W\u00e4scheservice an. Ganz egal, mit wie vielen Personen Sie reisen, welche Bettgr\u00f6\u00dfe Sie haben oder wie viele Badezimmer vorhanden sind: Arthedi stellt geb\u00fcgelte Bettw\u00e4sche bereit, die farblich optimal auf den Stil des Schlafzimmers abgestimmt ist, und stellt Geschirrt\u00fccher, K\u00fcchent\u00fccher und Sp\u00fclt\u00fccher zur [&hellip;]<\/p>\n","protected":false},"author":2,"featured_media":0,"parent":0,"menu_order":0,"comment_status":"closed","ping_status":"closed","template":"","meta":{"footnotes":""},"class_list":["post-1034","page","type-page","status-publish","hentry"],"_links":{"self":[{"href":"https:\/\/spanje-vakantiehuizen.com\/de\/wp-json\/wp\/v2\/pages\/1034","targetHints":{"allow":["GET"]}}],"collection":[{"href":"https:\/\/spanje-vakantiehuizen.com\/de\/wp-json\/wp\/v2\/pages"}],"about":[{"href":"https:\/\/spanje-vakantiehuizen.com\/de\/wp-json\/wp\/v2\/types\/page"}],"author":[{"embeddable":true,"href":"https:\/\/spanje-vakantiehuizen.com\/de\/wp-json\/wp\/v2\/users\/2"}],"replies":[{"embeddable":true,"href":"https:\/\/spanje-vakantiehuizen.com\/de\/wp-json\/wp\/v2\/comments?post=1034"}],"version-history":[{"count":3,"href":"https:\/\/spanje-vakantiehuizen.com\/de\/wp-json\/wp\/v2\/pages\/1034\/revisions"}],"predecessor-version":[{"id":1037,"href":"https:\/\/spanje-vakantiehuizen.com\/de\/wp-json\/wp\/v2\/pages\/1034\/revisions\/1037"}],"wp:attachment":[{"href":"https:\/\/spanje-vakantiehuizen.com\/de\/wp-json\/wp\/v2\/media?parent=1034"}],"curies":[{"name":"wp","href":"https:\/\/api.w.org\/{rel}","templated":true}]}}