{"id":1042,"date":"2025-11-18T11:37:12","date_gmt":"2025-11-18T11:37:12","guid":{"rendered":"https:\/\/spanje-vakantiehuizen.com\/ueber-uns\/"},"modified":"2026-02-06T07:40:55","modified_gmt":"2026-02-06T07:40:55","slug":"ueber-uns","status":"publish","type":"page","link":"https:\/\/spanje-vakantiehuizen.com\/de\/ueber-uns\/","title":{"rendered":"\u00dcber uns"},"content":{"rendered":"\t\t<div data-elementor-type=\"wp-page\" data-elementor-id=\"1042\" class=\"elementor elementor-1042 elementor-35\" data-elementor-post-type=\"page\">\n\t\t\t\t<div class=\"elementor-element elementor-element-71b4f355 e-flex e-con-boxed e-con e-parent\" data-id=\"71b4f355\" data-element_type=\"container\" data-e-type=\"container\">\n\t\t\t\t\t<div class=\"e-con-inner\">\n\t\t<div class=\"elementor-element elementor-element-46a54fec e-con-full e-flex e-con e-child\" data-id=\"46a54fec\" data-element_type=\"container\" data-e-type=\"container\" data-settings=\"{&quot;background_background&quot;:&quot;classic&quot;}\">\n\t\t\t\t<div class=\"elementor-element elementor-element-e4b2ee2 elementor-widget elementor-widget-heading\" data-id=\"e4b2ee2\" data-element_type=\"widget\" data-e-type=\"widget\" data-widget_type=\"heading.default\">\n\t\t\t\t\t<h2 class=\"elementor-heading-title elementor-size-default\">Wer sind wir?<\/h2>\t\t\t\t<\/div>\n\t\t\t\t<div class=\"elementor-element elementor-element-fd38025 elementor-widget elementor-widget-text-editor\" data-id=\"fd38025\" data-element_type=\"widget\" data-e-type=\"widget\" data-widget_type=\"text-editor.default\">\n\t\t\t\t\t\t\t\t\t<p>Arthedi SL verf\u00fcgt \u00fcber 28 Jahre Erfahrung in der Immobilienverwaltung von Objekten auf Cumbre del Sol. Zu den Leistungen geh\u00f6ren die Vermietung von Ferienh\u00e4usern, Poolpflege, Schl\u00fcsselverwaltung, Gartenpflege und Reinigungsdienste. Arthedi SL betreut sowohl Urlauber als auch Hausbesitzer.  <\/p><p>Der Besitz eines Zweitwohnsitzes in Spanien ist mit viel Arbeit und Instandhaltung verbunden. Wenn Sie Urlaub an der Costa Blanca machen, w\u00fcnschen Sie sich ein passendes und nat\u00fcrlich sauberes Zuhause. Das Team von Arthedi SL verf\u00fcgt \u00fcber die Erfahrung und Leidenschaft, sowohl Hausbesitzern als auch G\u00e4sten in Cumbre del Sol umfassende Service- und Instandhaltungsleistungen zu bieten.  <\/p><p>Das Abenteuer begann 1997. Mit dem Traum, ein Unternehmen auf Cumbre del Sol zu gr\u00fcnden, wurde Arthedi SL im 20. Jahrhundert ins Leben gerufen. Die Unternehmensstruktur nahm schnell Gestalt an, und die ersten Mitarbeiter traten dem Team bei. Diese Kollegen waren Experten f\u00fcr Installation, Elektrotechnik, Malerarbeiten und Reinigung. Mit dem Zuzug vieler neuer Hausbesitzer Ende des 20. Jahrhunderts und in den 2000er Jahren wuchs Arthedi, und es wurde bald Zeit, \u00fcber ein Team zu sprechen.    <\/p><p>Die Schwimmbadpflege geh\u00f6rt von Anfang an zum Leistungsspektrum von Arthedi. Drei Mitarbeiter k\u00fcmmern sich aktuell um die Reinigung der Becken. Dank ihrer Expertise sind sowohl Chlor- als auch Salzwasserbecken in einwandfreiem Zustand.  <\/p><p>Alle Teams sind ausschlie\u00dflich in Cumbre del Sol im Einsatz, sowohl f\u00fcr die Instandhaltung als auch f\u00fcr die Reinigung. Auch die Vermietung von luxuri\u00f6sen Ferienh\u00e4usern konzentriert sich auf Cumbre del Sol. <\/p><p>Alle Teams sind ausschlie\u00dflich in Cumbre del Sol im Einsatz, sowohl f\u00fcr die Instandhaltung als auch f\u00fcr die Reinigung. Auch die Vermietung von luxuri\u00f6sen Ferienh\u00e4usern konzentriert sich auf Cumbre del Sol.   <\/p>\t\t\t\t\t\t\t\t<\/div>\n\t\t\t\t<\/div>\n\t\t\t\t\t<\/div>\n\t\t\t\t<\/div>\n\t\t<div class=\"elementor-element elementor-element-cc4e1e6 e-flex e-con-boxed e-con e-parent\" data-id=\"cc4e1e6\" data-element_type=\"container\" data-e-type=\"container\">\n\t\t\t\t\t<div class=\"e-con-inner\">\n\t\t\t\t<div class=\"elementor-element elementor-element-b879aa4 elementor-widget elementor-widget-image\" data-id=\"b879aa4\" data-element_type=\"widget\" data-e-type=\"widget\" data-widget_type=\"image.default\">\n\t\t\t\t\t\t\t\t\t\t\t\t\t\t\t<img fetchpriority=\"high\" decoding=\"async\" width=\"800\" height=\"535\" src=\"https:\/\/spanje-vakantiehuizen.com\/wp-content\/uploads\/2025\/11\/DSC_0004-1024x685.jpg\" class=\"attachment-large size-large wp-image-1038\" alt=\"\" srcset=\"https:\/\/spanje-vakantiehuizen.com\/wp-content\/uploads\/2025\/11\/DSC_0004-1024x685.jpg 1024w, https:\/\/spanje-vakantiehuizen.com\/wp-content\/uploads\/2025\/11\/DSC_0004-300x201.jpg 300w, https:\/\/spanje-vakantiehuizen.com\/wp-content\/uploads\/2025\/11\/DSC_0004-768x514.jpg 768w, https:\/\/spanje-vakantiehuizen.com\/wp-content\/uploads\/2025\/11\/DSC_0004-1536x1028.jpg 1536w, https:\/\/spanje-vakantiehuizen.com\/wp-content\/uploads\/2025\/11\/DSC_0004-2048x1371.jpg 2048w\" sizes=\"(max-width: 800px) 100vw, 800px\" \/>\t\t\t\t\t\t\t\t\t\t\t\t\t\t\t<\/div>\n\t\t\t\t\t<\/div>\n\t\t\t\t<\/div>\n\t\t<div class=\"elementor-element elementor-element-6467b494 e-flex e-con-boxed e-con e-parent\" data-id=\"6467b494\" data-element_type=\"container\" data-e-type=\"container\">\n\t\t\t\t\t<div class=\"e-con-inner\">\n\t\t\t\t<div class=\"elementor-element elementor-element-5fafacda elementor-widget elementor-widget-cta\" data-id=\"5fafacda\" data-element_type=\"widget\" data-e-type=\"widget\" data-settings=\"{&quot;primary_button_shape&quot;:&quot;round&quot;,&quot;layout_preset&quot;:&quot;streamline&quot;,&quot;content_alignment&quot;:&quot;center&quot;,&quot;content_alignment_tablet&quot;:&quot;center&quot;,&quot;content_alignment_mobile&quot;:&quot;center&quot;,&quot;cta_width&quot;:&quot;default&quot;,&quot;cta_position&quot;:&quot;default&quot;,&quot;box_shape&quot;:&quot;sharp&quot;}\" data-widget_type=\"cta.default\">\n\t\t\t\t<div class=\"elementor-widget-container\">\n\t\t\t\t\t\t\t<div class=\"has-shape-sharp shape-type-box ehp-cta has-preset-streamline\">\n\t\t\t<div class=\"ehp-cta__overlay\"><\/div>\n\t\t\t<div class=\"ehp-cta__elements-container\">\n\t\t\t\t\t\t<div class=\"ehp-cta__text-container\">\n\t\t\t<h2 class=\"ehp-cta__heading\">Ihr vertrauensw\u00fcrdiger Partner bei Cumbre del Sol seit \u00fcber 25 Jahren<\/h2><p class=\"ehp-cta__description\">Wie k\u00f6nnen wir Ihnen helfen?<\/p>\t\t<\/div>\n\t\t\t\t\t<div class=\"ehp-cta__ctas-container has-cta-width-default\">\n\t\t\t\t<div class=\"ehp-cta__buttons-wrapper\">\n\t\t\t\t\t\t\t<a class=\"has-shape-round shape-type-button ehp-button ehp-button--primary ehp-cta__button ehp-cta__button--primary is-type-button\" href=\"https:\/\/library.elementor.com\/adventure-travels-and-guided-tours-hp\/destinations\/\">\n\t\t\t\t\t<span class=\"ehp-button__text ehp-cta__button-text ehp-cta__button-text--primary\">\n\t\t\tKontakt\t\t\t\t<\/a>\n\t\t\t\t\t\t\t\t\t\t\t<\/div>\n\t\t\t<\/div>\n\t\t\t\t\t<\/div>\n\t\t<\/div>\n\t\t\t\t\t\t<\/div>\n\t\t\t\t<\/div>\n\t\t\t\t\t<\/div>\n\t\t\t\t<\/div>\n\t\t<div class=\"elementor-element elementor-element-5da48115 e-flex e-con-boxed e-con e-parent\" data-id=\"5da48115\" data-element_type=\"container\" data-e-type=\"container\">\n\t\t\t\t\t<div class=\"e-con-inner\">\n\t\t<div class=\"elementor-element elementor-element-4d6beb40 e-con-full e-flex e-con e-child\" data-id=\"4d6beb40\" data-element_type=\"container\" data-e-type=\"container\">\n\t\t\t\t<div class=\"elementor-element elementor-element-5def37eb elementor-widget elementor-widget-image\" data-id=\"5def37eb\" data-element_type=\"widget\" data-e-type=\"widget\" data-widget_type=\"image.default\">\n\t\t\t\t\t\t\t\t\t\t\t\t\t\t\t<img decoding=\"async\" width=\"1504\" height=\"1000\" src=\"https:\/\/spanje-vakantiehuizen.com\/wp-content\/uploads\/2026\/01\/DSC_0545.jpg\" class=\"attachment-1536x1536 size-1536x1536 wp-image-1039\" alt=\"\" srcset=\"https:\/\/spanje-vakantiehuizen.com\/wp-content\/uploads\/2026\/01\/DSC_0545.jpg 1504w, https:\/\/spanje-vakantiehuizen.com\/wp-content\/uploads\/2026\/01\/DSC_0545-300x199.jpg 300w, https:\/\/spanje-vakantiehuizen.com\/wp-content\/uploads\/2026\/01\/DSC_0545-1024x681.jpg 1024w, https:\/\/spanje-vakantiehuizen.com\/wp-content\/uploads\/2026\/01\/DSC_0545-768x511.jpg 768w\" sizes=\"(max-width: 1504px) 100vw, 1504px\" \/>\t\t\t\t\t\t\t\t\t\t\t\t\t\t\t<\/div>\n\t\t\t\t<\/div>\n\t\t<div class=\"elementor-element elementor-element-3ca42ebd e-con-full e-flex e-con e-child\" data-id=\"3ca42ebd\" data-element_type=\"container\" data-e-type=\"container\" data-settings=\"{&quot;background_background&quot;:&quot;classic&quot;}\">\n\t\t\t\t<div class=\"elementor-element elementor-element-163f6d56 elementor-widget elementor-widget-cta\" data-id=\"163f6d56\" data-element_type=\"widget\" data-e-type=\"widget\" data-settings=\"{&quot;layout_preset&quot;:&quot;streamline&quot;,&quot;primary_button_shape&quot;:&quot;round&quot;,&quot;content_alignment&quot;:&quot;center&quot;,&quot;content_alignment_tablet&quot;:&quot;center&quot;,&quot;content_alignment_mobile&quot;:&quot;center&quot;,&quot;cta_width&quot;:&quot;default&quot;,&quot;cta_position&quot;:&quot;default&quot;,&quot;box_shape&quot;:&quot;sharp&quot;}\" data-widget_type=\"cta.default\">\n\t\t\t\t<div class=\"elementor-widget-container\">\n\t\t\t\t\t\t\t<div class=\"has-shape-sharp shape-type-box ehp-cta has-preset-streamline\">\n\t\t\t<div class=\"ehp-cta__overlay\"><\/div>\n\t\t\t<div class=\"ehp-cta__elements-container\">\n\t\t\t\t\t\t<div class=\"ehp-cta__text-container\">\n\t\t\t<h2 class=\"ehp-cta__heading\">Unser Ziel<\/h2><p class=\"ehp-cta__description\">Arthedi SL strebt nach einem unbeschwerten Leben f\u00fcr Hausbesitzer in Cumbre del Sol, egal ob sie sich in Spanien aufhalten oder nicht.  <\/p>\t\t<\/div>\n\t\t\t\t\t<div class=\"ehp-cta__ctas-container has-cta-width-default\">\n\t\t\t\t<div class=\"ehp-cta__buttons-wrapper\">\n\t\t\t\t\t\t\t\t\t\t\t\t\t\t<\/div>\n\t\t\t<\/div>\n\t\t\t\t\t<\/div>\n\t\t<\/div>\n\t\t\t\t\t\t<\/div>\n\t\t\t\t<\/div>\n\t\t\t\t<\/div>\n\t\t\t\t\t<\/div>\n\t\t\t\t<\/div>\n\t\t<div class=\"elementor-element elementor-element-70a45386 e-flex e-con-boxed e-con e-parent\" data-id=\"70a45386\" data-element_type=\"container\" data-e-type=\"container\" data-settings=\"{&quot;background_background&quot;:&quot;classic&quot;}\">\n\t\t\t\t\t<div class=\"e-con-inner\">\n\t\t\t\t<div class=\"elementor-element elementor-element-586a1d42 elementor-widget elementor-widget-cta\" data-id=\"586a1d42\" data-element_type=\"widget\" data-e-type=\"widget\" data-settings=\"{&quot;cta_vertical_position&quot;:&quot;end&quot;,&quot;primary_button_shape&quot;:&quot;round&quot;,&quot;layout_preset&quot;:&quot;focus&quot;,&quot;box_shape&quot;:&quot;sharp&quot;}\" data-widget_type=\"cta.default\">\n\t\t\t\t<div class=\"elementor-widget-container\">\n\t\t\t\t\t\t\t<div class=\"has-shape-sharp shape-type-box ehp-cta has-preset-focus\">\n\t\t\t<div class=\"ehp-cta__overlay\"><\/div>\n\t\t\t<div class=\"ehp-cta__elements-container\">\n\t\t\t\t\t\t<div class=\"ehp-cta__text-container\">\n\t\t\t<h2 class=\"ehp-cta__heading\">Sicherheit, Sorglosigkeit, Zuverl\u00e4ssigkeit.<br><\/h2><p class=\"ehp-cta__description\">Haben Sie bereits einen Partner f\u00fcr Ihre spanische Immobilie?<\/p>\t\t<\/div>\n\t\t\t\t\t<div class=\"ehp-cta__ctas-container\">\n\t\t\t\t<div class=\"ehp-cta__buttons-wrapper\">\n\t\t\t\t\t\t\t<a class=\"has-shape-round shape-type-button ehp-button ehp-button--primary ehp-cta__button ehp-cta__button--primary is-type-button\" href=\"https:\/\/library.elementor.com\/adventure-travels-and-guided-tours-hp\/contact\/\">\n\t\t\t\t\t<span class=\"ehp-button__text ehp-cta__button-text ehp-cta__button-text--primary\">\n\t\t\tVereinbaren Sie einen Termin\t\t\t\t<\/a>\n\t\t\t\t\t\t\t\t\t\t\t<\/div>\n\t\t\t<\/div>\n\t\t\t\t\t<\/div>\n\t\t<\/div>\n\t\t\t\t\t\t<\/div>\n\t\t\t\t<\/div>\n\t\t\t\t<div class=\"elementor-element elementor-element-6c3043e4 elementor-widget elementor-widget-image-carousel\" data-id=\"6c3043e4\" data-element_type=\"widget\" data-e-type=\"widget\" data-settings=\"{&quot;slides_to_show&quot;:&quot;3&quot;,&quot;navigation&quot;:&quot;none&quot;,&quot;infinite&quot;:&quot;yes&quot;,&quot;speed&quot;:500,&quot;image_spacing_custom&quot;:{&quot;unit&quot;:&quot;px&quot;,&quot;size&quot;:20,&quot;sizes&quot;:[]},&quot;image_spacing_custom_tablet&quot;:{&quot;unit&quot;:&quot;px&quot;,&quot;size&quot;:&quot;&quot;,&quot;sizes&quot;:[]},&quot;image_spacing_custom_mobile&quot;:{&quot;unit&quot;:&quot;px&quot;,&quot;size&quot;:&quot;&quot;,&quot;sizes&quot;:[]}}\" data-widget_type=\"image-carousel.default\">\n\t\t\t\t\t\t\t<div class=\"elementor-image-carousel-wrapper swiper\" role=\"region\" aria-roledescription=\"carousel\" aria-label=\"Image Carousel\" dir=\"ltr\">\n\t\t\t<div class=\"elementor-image-carousel swiper-wrapper swiper-image-stretch\" aria-live=\"polite\">\n\t\t\t\t\t\t\t\t<div class=\"swiper-slide\" role=\"group\" aria-roledescription=\"slide\" aria-label=\"1 von 3\"><figure class=\"swiper-slide-inner\"><img decoding=\"async\" class=\"swiper-slide-image\" src=\"https:\/\/spanje-vakantiehuizen.com\/wp-content\/uploads\/2025\/11\/DSC_0001-1024x685.jpg\" alt=\"Costa Blanca\" \/><\/figure><\/div><div class=\"swiper-slide\" role=\"group\" aria-roledescription=\"slide\" aria-label=\"2 von 3\"><figure class=\"swiper-slide-inner\"><img decoding=\"async\" class=\"swiper-slide-image\" src=\"https:\/\/spanje-vakantiehuizen.com\/wp-content\/uploads\/2025\/11\/DSC_0003-scaled.jpg\" alt=\"Cumbre del Sol\" \/><\/figure><\/div><div class=\"swiper-slide\" role=\"group\" aria-roledescription=\"slide\" aria-label=\"3 von 3\"><figure class=\"swiper-slide-inner\"><img decoding=\"async\" class=\"swiper-slide-image\" src=\"https:\/\/spanje-vakantiehuizen.com\/wp-content\/uploads\/2025\/11\/DSC_0006-1024x685.jpg\" alt=\"Cumbre derl Sol\" \/><\/figure><\/div>\t\t\t<\/div>\n\t\t\t\t\t\t\t\n\t\t\t\t\t\t\t\t\t<\/div>\n\t\t\t\t\t\t<\/div>\n\t\t\t\t\t<\/div>\n\t\t\t\t<\/div>\n\t\t\t\t<\/div>\n\t\t","protected":false},"excerpt":{"rendered":"<p>Wer sind wir? Arthedi SL verf\u00fcgt \u00fcber 28 Jahre Erfahrung in der Immobilienverwaltung von Objekten auf Cumbre del Sol. Zu den Leistungen geh\u00f6ren die Vermietung von Ferienh\u00e4usern, Poolpflege, Schl\u00fcsselverwaltung, Gartenpflege und Reinigungsdienste. Arthedi SL betreut sowohl Urlauber als auch Hausbesitzer. Der Besitz eines Zweitwohnsitzes in Spanien ist mit viel Arbeit und Instandhaltung verbunden. Wenn Sie [&hellip;]<\/p>\n","protected":false},"author":1,"featured_media":0,"parent":0,"menu_order":0,"comment_status":"closed","ping_status":"closed","template":"","meta":{"footnotes":""},"class_list":["post-1042","page","type-page","status-publish","hentry"],"_links":{"self":[{"href":"https:\/\/spanje-vakantiehuizen.com\/de\/wp-json\/wp\/v2\/pages\/1042","targetHints":{"allow":["GET"]}}],"collection":[{"href":"https:\/\/spanje-vakantiehuizen.com\/de\/wp-json\/wp\/v2\/pages"}],"about":[{"href":"https:\/\/spanje-vakantiehuizen.com\/de\/wp-json\/wp\/v2\/types\/page"}],"author":[{"embeddable":true,"href":"https:\/\/spanje-vakantiehuizen.com\/de\/wp-json\/wp\/v2\/users\/1"}],"replies":[{"embeddable":true,"href":"https:\/\/spanje-vakantiehuizen.com\/de\/wp-json\/wp\/v2\/comments?post=1042"}],"version-history":[{"count":3,"href":"https:\/\/spanje-vakantiehuizen.com\/de\/wp-json\/wp\/v2\/pages\/1042\/revisions"}],"predecessor-version":[{"id":1269,"href":"https:\/\/spanje-vakantiehuizen.com\/de\/wp-json\/wp\/v2\/pages\/1042\/revisions\/1269"}],"wp:attachment":[{"href":"https:\/\/spanje-vakantiehuizen.com\/de\/wp-json\/wp\/v2\/media?parent=1042"}],"curies":[{"name":"wp","href":"https:\/\/api.w.org\/{rel}","templated":true}]}}