{"id":1048,"date":"2025-12-05T09:24:17","date_gmt":"2025-12-05T09:24:17","guid":{"rendered":"https:\/\/spanje-vakantiehuizen.com\/reinigungsdienste\/"},"modified":"2026-01-30T08:21:44","modified_gmt":"2026-01-30T08:21:44","slug":"reinigungsdienste","status":"publish","type":"page","link":"https:\/\/spanje-vakantiehuizen.com\/de\/reinigungsdienste\/","title":{"rendered":"Reinigungsdienste"},"content":{"rendered":"\t\t<div data-elementor-type=\"wp-page\" data-elementor-id=\"1048\" class=\"elementor elementor-1048 elementor-373\" data-elementor-post-type=\"page\">\n\t\t\t\t<div class=\"elementor-element elementor-element-d910725 e-flex e-con-boxed e-con e-parent\" data-id=\"d910725\" data-element_type=\"container\" data-e-type=\"container\">\n\t\t\t\t\t<div class=\"e-con-inner\">\n\t\t\t\t<div class=\"elementor-element elementor-element-793f1c1 elementor-widget elementor-widget-heading\" data-id=\"793f1c1\" data-element_type=\"widget\" data-e-type=\"widget\" data-widget_type=\"heading.default\">\n\t\t\t\t\t<h2 class=\"elementor-heading-title elementor-size-default\">Reinigungsdienste<\/h2>\t\t\t\t<\/div>\n\t\t\t\t\t<\/div>\n\t\t\t\t<\/div>\n\t\t<div class=\"elementor-element elementor-element-f98b352 e-flex e-con-boxed e-con e-parent\" data-id=\"f98b352\" data-element_type=\"container\" data-e-type=\"container\">\n\t\t\t\t\t<div class=\"e-con-inner\">\n\t\t<div class=\"elementor-element elementor-element-cad90c4 e-con-full e-flex e-con e-child\" data-id=\"cad90c4\" data-element_type=\"container\" data-e-type=\"container\">\n\t\t\t\t<div class=\"elementor-element elementor-element-6fc7c36 elementor-widget elementor-widget-image\" data-id=\"6fc7c36\" data-element_type=\"widget\" data-e-type=\"widget\" data-widget_type=\"image.default\">\n\t\t\t\t\t\t\t\t\t\t\t\t\t\t\t<img fetchpriority=\"high\" decoding=\"async\" width=\"738\" height=\"491\" src=\"https:\/\/spanje-vakantiehuizen.com\/wp-content\/uploads\/2025\/12\/Schoonmaakdiensten.png\" class=\"attachment-large size-large wp-image-1047\" alt=\"Schoonmaak\" srcset=\"https:\/\/spanje-vakantiehuizen.com\/wp-content\/uploads\/2025\/12\/Schoonmaakdiensten.png 738w, https:\/\/spanje-vakantiehuizen.com\/wp-content\/uploads\/2025\/12\/Schoonmaakdiensten-300x200.png 300w\" sizes=\"(max-width: 738px) 100vw, 738px\" \/>\t\t\t\t\t\t\t\t\t\t\t\t\t\t\t<\/div>\n\t\t\t\t<\/div>\n\t\t<div class=\"elementor-element elementor-element-a309743 e-con-full e-flex e-con e-child\" data-id=\"a309743\" data-element_type=\"container\" data-e-type=\"container\">\n\t\t\t\t<div class=\"elementor-element elementor-element-f1d7ca0 elementor-widget elementor-widget-text-editor\" data-id=\"f1d7ca0\" data-element_type=\"widget\" data-e-type=\"widget\" data-widget_type=\"text-editor.default\">\n\t\t\t\t\t\t\t\t\t<p>Nach Hause zu kommen und ein sauberes Zuhause vorzufinden, ist ein wohltuendes und entspannendes Erlebnis. Arthedi verf\u00fcgt \u00fcber ein Reinigungsteam, das sich um die Innen- und Au\u00dfenreinigung Ihrer Immobilie k\u00fcmmert. Unsere Pakete beinhalten auch Fensterreinigung und Hochdruckreinigung. F\u00fcr \u00fcber Arthedi vermietete Objekte ist die Endreinigung selbstverst\u00e4ndlich obligatorisch. Auch wenn eine Immobilie l\u00e4ngere Zeit leer stand, empfehlen wir eine gr\u00fcndliche Reinigung. Reinigungsvertr\u00e4ge werden j\u00e4hrlich abgeschlossen und sind nur in Verbindung mit anderen Dienstleistungen wie Vermietung und Schl\u00fcsselverwaltung erh\u00e4ltlich.     <\/p>\t\t\t\t\t\t\t\t<\/div>\n\t\t\t\t<div class=\"elementor-element elementor-element-18b33c8 elementor-widget elementor-widget-button\" data-id=\"18b33c8\" data-element_type=\"widget\" data-e-type=\"widget\" data-widget_type=\"button.default\">\n\t\t\t\t\t\t\t\t\t\t<a class=\"elementor-button elementor-button-link elementor-size-sm\" href=\"https:\/\/spanje-vakantiehuizen.com\/de\/kontakt\/\">\n\t\t\t\t\t\t<span class=\"elementor-button-content-wrapper\">\n\t\t\t\t\t\t\t\t\t<span class=\"elementor-button-text\">Fordern Sie ein Angebot an<\/span>\n\t\t\t\t\t<\/span>\n\t\t\t\t\t<\/a>\n\t\t\t\t\t\t\t\t<\/div>\n\t\t\t\t<\/div>\n\t\t\t\t\t<\/div>\n\t\t\t\t<\/div>\n\t\t\t\t<\/div>\n\t\t","protected":false},"excerpt":{"rendered":"<p>Reinigungsdienste Nach Hause zu kommen und ein sauberes Zuhause vorzufinden, ist ein wohltuendes und entspannendes Erlebnis. Arthedi verf\u00fcgt \u00fcber ein Reinigungsteam, das sich um die Innen- und Au\u00dfenreinigung Ihrer Immobilie k\u00fcmmert. Unsere Pakete beinhalten auch Fensterreinigung und Hochdruckreinigung. F\u00fcr \u00fcber Arthedi vermietete Objekte ist die Endreinigung selbstverst\u00e4ndlich obligatorisch. Auch wenn eine Immobilie l\u00e4ngere Zeit leer [&hellip;]<\/p>\n","protected":false},"author":2,"featured_media":0,"parent":0,"menu_order":0,"comment_status":"closed","ping_status":"closed","template":"","meta":{"footnotes":""},"class_list":["post-1048","page","type-page","status-publish","hentry"],"_links":{"self":[{"href":"https:\/\/spanje-vakantiehuizen.com\/de\/wp-json\/wp\/v2\/pages\/1048","targetHints":{"allow":["GET"]}}],"collection":[{"href":"https:\/\/spanje-vakantiehuizen.com\/de\/wp-json\/wp\/v2\/pages"}],"about":[{"href":"https:\/\/spanje-vakantiehuizen.com\/de\/wp-json\/wp\/v2\/types\/page"}],"author":[{"embeddable":true,"href":"https:\/\/spanje-vakantiehuizen.com\/de\/wp-json\/wp\/v2\/users\/2"}],"replies":[{"embeddable":true,"href":"https:\/\/spanje-vakantiehuizen.com\/de\/wp-json\/wp\/v2\/comments?post=1048"}],"version-history":[{"count":1,"href":"https:\/\/spanje-vakantiehuizen.com\/de\/wp-json\/wp\/v2\/pages\/1048\/revisions"}],"predecessor-version":[{"id":1049,"href":"https:\/\/spanje-vakantiehuizen.com\/de\/wp-json\/wp\/v2\/pages\/1048\/revisions\/1049"}],"wp:attachment":[{"href":"https:\/\/spanje-vakantiehuizen.com\/de\/wp-json\/wp\/v2\/media?parent=1048"}],"curies":[{"name":"wp","href":"https:\/\/api.w.org\/{rel}","templated":true}]}}