{"id":1059,"date":"2025-12-05T10:31:12","date_gmt":"2025-12-05T10:31:12","guid":{"rendered":"https:\/\/spanje-vakantiehuizen.com\/tuinonderhoud\/"},"modified":"2026-01-30T08:33:50","modified_gmt":"2026-01-30T08:33:50","slug":"tuinonderhoud","status":"publish","type":"page","link":"https:\/\/spanje-vakantiehuizen.com\/de\/tuinonderhoud\/","title":{"rendered":"Tuinonderhoud"},"content":{"rendered":"\t\t<div data-elementor-type=\"wp-page\" data-elementor-id=\"1059\" class=\"elementor elementor-1059 elementor-405\" data-elementor-post-type=\"page\">\n\t\t\t\t<div class=\"elementor-element elementor-element-b9241dd e-flex e-con-boxed e-con e-parent\" data-id=\"b9241dd\" data-element_type=\"container\" data-e-type=\"container\">\n\t\t\t\t\t<div class=\"e-con-inner\">\n\t\t\t\t<div class=\"elementor-element elementor-element-ec4a87b elementor-widget elementor-widget-heading\" data-id=\"ec4a87b\" data-element_type=\"widget\" data-e-type=\"widget\" data-widget_type=\"heading.default\">\n\t\t\t\t\t<h2 class=\"elementor-heading-title elementor-size-default\">Gartenpflege<\/h2>\t\t\t\t<\/div>\n\t\t\t\t\t<\/div>\n\t\t\t\t<\/div>\n\t\t<div class=\"elementor-element elementor-element-6225c1c e-flex e-con-boxed e-con e-parent\" data-id=\"6225c1c\" data-element_type=\"container\" data-e-type=\"container\">\n\t\t\t\t\t<div class=\"e-con-inner\">\n\t\t<div class=\"elementor-element elementor-element-e27a38c e-con-full e-flex e-con e-child\" data-id=\"e27a38c\" data-element_type=\"container\" data-e-type=\"container\">\n\t\t\t\t<div class=\"elementor-element elementor-element-f526f70 elementor-widget elementor-widget-text-editor\" data-id=\"f526f70\" data-element_type=\"widget\" data-e-type=\"widget\" data-widget_type=\"text-editor.default\">\n\t\t\t\t\t\t\t\t\t<p>Empfinden Sie die Gartenarbeit in Ihrem spanischen Garten als eine m\u00fchsame Angelegenheit? Oder fehlt Ihnen einfach die Zeit? Wir verstehen das. Gartenpflege in Spanien ist eine Spezialdisziplin und oft mit schwierigen oder herausfordernden Aufgaben verbunden. Arthedi SL k\u00fcmmert sich um die Gartenpflege in Cumbre del Sol, sorgt f\u00fcr die richtige Bew\u00e4sserung, bek\u00e4mpft den ber\u00fcchtigten Roten Palmenk\u00e4fer und entfernt Gartenabf\u00e4lle. Wir schneiden Palmen sorgf\u00e4ltig und zum richtigen Zeitpunkt in der gew\u00fcnschten H\u00f6he zur\u00fcck.      <\/p>\t\t\t\t\t\t\t\t<\/div>\n\t\t\t\t<\/div>\n\t\t<div class=\"elementor-element elementor-element-77b3114 e-con-full e-flex e-con e-child\" data-id=\"77b3114\" data-element_type=\"container\" data-e-type=\"container\">\n\t\t\t\t<div class=\"elementor-element elementor-element-5f25449 elementor-widget elementor-widget-image\" data-id=\"5f25449\" data-element_type=\"widget\" data-e-type=\"widget\" data-widget_type=\"image.default\">\n\t\t\t\t\t\t\t\t\t\t\t\t\t\t\t<img decoding=\"async\" src=\"https:\/\/spanje-vakantiehuizen.com\/wp-content\/uploads\/2026\/01\/DSC03430-scaled.jpg\" title=\"\" alt=\"\" loading=\"lazy\" \/>\t\t\t\t\t\t\t\t\t\t\t\t\t\t\t<\/div>\n\t\t\t\t<\/div>\n\t\t\t\t\t<\/div>\n\t\t\t\t<\/div>\n\t\t<div class=\"elementor-element elementor-element-a596924 e-flex e-con-boxed e-con e-parent\" data-id=\"a596924\" data-element_type=\"container\" data-e-type=\"container\">\n\t\t\t\t\t<div class=\"e-con-inner\">\n\t\t\t\t<div class=\"elementor-element elementor-element-738b408 elementor-widget elementor-widget-heading\" data-id=\"738b408\" data-element_type=\"widget\" data-e-type=\"widget\" data-widget_type=\"heading.default\">\n\t\t\t\t\t<h2 class=\"elementor-heading-title elementor-size-default\">G\u00e4rten auf der Cumbre del Sol<\/h2>\t\t\t\t<\/div>\n\t\t\t\t<div class=\"elementor-element elementor-element-c123a8b elementor-align-center elementor-widget elementor-widget-button\" data-id=\"c123a8b\" data-element_type=\"widget\" data-e-type=\"widget\" data-widget_type=\"button.default\">\n\t\t\t\t\t\t\t\t\t\t<a class=\"elementor-button elementor-button-link elementor-size-sm\" href=\"https:\/\/spanje-vakantiehuizen.com\/de\/kontakt\/\">\n\t\t\t\t\t\t<span class=\"elementor-button-content-wrapper\">\n\t\t\t\t\t\t\t\t\t<span class=\"elementor-button-text\">Angebot f\u00fcr Gartenpflege<\/span>\n\t\t\t\t\t<\/span>\n\t\t\t\t\t<\/a>\n\t\t\t\t\t\t\t\t<\/div>\n\t\t\t\t\t<\/div>\n\t\t\t\t<\/div>\n\t\t<div class=\"elementor-element elementor-element-41ced4c e-flex e-con-boxed e-con e-parent\" data-id=\"41ced4c\" data-element_type=\"container\" data-e-type=\"container\">\n\t\t\t\t\t<div class=\"e-con-inner\">\n\t\t<div class=\"elementor-element elementor-element-9f70f94 e-con-full e-flex e-con e-child\" data-id=\"9f70f94\" data-element_type=\"container\" data-e-type=\"container\">\n\t\t\t\t<div class=\"elementor-element elementor-element-0b69673 elementor-widget elementor-widget-image\" data-id=\"0b69673\" data-element_type=\"widget\" data-e-type=\"widget\" data-widget_type=\"image.default\">\n\t\t\t\t\t\t\t\t\t\t\t\t\t\t\t<img fetchpriority=\"high\" decoding=\"async\" width=\"640\" height=\"480\" src=\"https:\/\/spanje-vakantiehuizen.com\/wp-content\/uploads\/2026\/01\/Arthedi-34-001.jpg\" class=\"attachment-large size-large wp-image-1058\" alt=\"\" srcset=\"https:\/\/spanje-vakantiehuizen.com\/wp-content\/uploads\/2026\/01\/Arthedi-34-001.jpg 640w, https:\/\/spanje-vakantiehuizen.com\/wp-content\/uploads\/2026\/01\/Arthedi-34-001-300x225.jpg 300w\" sizes=\"(max-width: 640px) 100vw, 640px\" \/>\t\t\t\t\t\t\t\t\t\t\t\t\t\t\t<\/div>\n\t\t\t\t<\/div>\n\t\t<div class=\"elementor-element elementor-element-fd2acc5 e-con-full e-flex e-con e-child\" data-id=\"fd2acc5\" data-element_type=\"container\" data-e-type=\"container\">\n\t\t\t\t<div class=\"elementor-element elementor-element-eaebd8b elementor-widget elementor-widget-text-editor\" data-id=\"eaebd8b\" data-element_type=\"widget\" data-e-type=\"widget\" data-widget_type=\"text-editor.default\">\n\t\t\t\t\t\t\t\t\t<p>Die Gartenpflege erfolgt in Absprache mit den Hausbesitzern. Daher bieten wir sowohl Jahresvertr\u00e4ge (Abonnements) als auch Stundens\u00e4tze an. Unser Expertenteam kennt sich mit dem fachgerechten Schneiden typisch spanischer Gartenpflanzen und B\u00e4ume aus und arbeitet effizient und sorgf\u00e4ltig. Da in der Regel gro\u00dfe Mengen an Gartenabf\u00e4llen anfallen, \u00fcbernehmen wir auch deren Entsorgung. Dies geschieht \u00fcblicherweise mit gro\u00dfen Bauschutts\u00e4cken und gelegentlich mit einem Container. Die Entsorgung der Gartenabf\u00e4lle ist im Angebotspreis enthalten.     <\/p>\t\t\t\t\t\t\t\t<\/div>\n\t\t\t\t<\/div>\n\t\t\t\t\t<\/div>\n\t\t\t\t<\/div>\n\t\t<div class=\"elementor-element elementor-element-0578bff e-flex e-con-boxed e-con e-parent\" data-id=\"0578bff\" data-element_type=\"container\" data-e-type=\"container\">\n\t\t\t\t\t<div class=\"e-con-inner\">\n\t\t\t\t<div class=\"elementor-element elementor-element-23daf20 elementor-widget elementor-widget-heading\" data-id=\"23daf20\" data-element_type=\"widget\" data-e-type=\"widget\" data-widget_type=\"heading.default\">\n\t\t\t\t\t<h2 class=\"elementor-heading-title elementor-size-default\">Gartenbau<\/h2>\t\t\t\t<\/div>\n\t\t\t\t\t<\/div>\n\t\t\t\t<\/div>\n\t\t<div class=\"elementor-element elementor-element-dad8296 e-flex e-con-boxed e-con e-parent\" data-id=\"dad8296\" data-element_type=\"container\" data-e-type=\"container\">\n\t\t\t\t\t<div class=\"e-con-inner\">\n\t\t<div class=\"elementor-element elementor-element-008223a e-con-full e-flex e-con e-child\" data-id=\"008223a\" data-element_type=\"container\" data-e-type=\"container\">\n\t\t\t\t<div class=\"elementor-element elementor-element-5c48c31 elementor-widget elementor-widget-text-editor\" data-id=\"5c48c31\" data-element_type=\"widget\" data-e-type=\"widget\" data-widget_type=\"text-editor.default\">\n\t\t\t\t\t\t\t\t\t<p>Das Anpflanzen neuer Pflanzen geh\u00f6rt zu den Aufgaben unseres Teams. Gemeinsam mit unserem Partner-Landschaftsg\u00e4rtner koordinieren wir die Gartengestaltung. Dazu geh\u00f6ren die Gartenplanung, das Pflanzen von B\u00e4umen und die Integration typisch mediterraner Pflanzen. Das ist Ihnen in Ihrer Abwesenheit sicherlich eine gro\u00dfe Hilfe.    <\/p>\t\t\t\t\t\t\t\t<\/div>\n\t\t\t\t<div class=\"elementor-element elementor-element-857428e elementor-align-left elementor-widget elementor-widget-button\" data-id=\"857428e\" data-element_type=\"widget\" data-e-type=\"widget\" data-widget_type=\"button.default\">\n\t\t\t\t\t\t\t\t\t\t<a class=\"elementor-button elementor-button-link elementor-size-sm\" href=\"https:\/\/spanje-vakantiehuizen.com\/de\/kontakt\/\">\n\t\t\t\t\t\t<span class=\"elementor-button-content-wrapper\">\n\t\t\t\t\t\t\t\t\t<span class=\"elementor-button-text\">Weitere Informationen<\/span>\n\t\t\t\t\t<\/span>\n\t\t\t\t\t<\/a>\n\t\t\t\t\t\t\t\t<\/div>\n\t\t\t\t<\/div>\n\t\t<div class=\"elementor-element elementor-element-e9a1488 e-con-full e-flex e-con e-child\" data-id=\"e9a1488\" data-element_type=\"container\" data-e-type=\"container\">\n\t\t\t\t<div class=\"elementor-element elementor-element-4a7b609 elementor-widget elementor-widget-image\" data-id=\"4a7b609\" data-element_type=\"widget\" data-e-type=\"widget\" data-widget_type=\"image.default\">\n\t\t\t\t\t\t\t\t\t\t\t\t\t\t\t<img decoding=\"async\" width=\"800\" height=\"532\" src=\"https:\/\/spanje-vakantiehuizen.com\/wp-content\/uploads\/2026\/01\/DSC_0545-1024x681.jpg\" class=\"attachment-large size-large wp-image-1039\" alt=\"\" srcset=\"https:\/\/spanje-vakantiehuizen.com\/wp-content\/uploads\/2026\/01\/DSC_0545-1024x681.jpg 1024w, https:\/\/spanje-vakantiehuizen.com\/wp-content\/uploads\/2026\/01\/DSC_0545-300x199.jpg 300w, https:\/\/spanje-vakantiehuizen.com\/wp-content\/uploads\/2026\/01\/DSC_0545-768x511.jpg 768w, https:\/\/spanje-vakantiehuizen.com\/wp-content\/uploads\/2026\/01\/DSC_0545.jpg 1504w\" sizes=\"(max-width: 800px) 100vw, 800px\" \/>\t\t\t\t\t\t\t\t\t\t\t\t\t\t\t<\/div>\n\t\t\t\t<\/div>\n\t\t\t\t\t<\/div>\n\t\t\t\t<\/div>\n\t\t\t\t<\/div>\n\t\t","protected":false},"excerpt":{"rendered":"<p>Gartenpflege Empfinden Sie die Gartenarbeit in Ihrem spanischen Garten als eine m\u00fchsame Angelegenheit? Oder fehlt Ihnen einfach die Zeit? Wir verstehen das. Gartenpflege in Spanien ist eine Spezialdisziplin und oft mit schwierigen oder herausfordernden Aufgaben verbunden. Arthedi SL k\u00fcmmert sich um die Gartenpflege in Cumbre del Sol, sorgt f\u00fcr die richtige Bew\u00e4sserung, bek\u00e4mpft den ber\u00fcchtigten [&hellip;]<\/p>\n","protected":false},"author":2,"featured_media":0,"parent":0,"menu_order":0,"comment_status":"closed","ping_status":"closed","template":"","meta":{"footnotes":""},"class_list":["post-1059","page","type-page","status-publish","hentry"],"_links":{"self":[{"href":"https:\/\/spanje-vakantiehuizen.com\/de\/wp-json\/wp\/v2\/pages\/1059","targetHints":{"allow":["GET"]}}],"collection":[{"href":"https:\/\/spanje-vakantiehuizen.com\/de\/wp-json\/wp\/v2\/pages"}],"about":[{"href":"https:\/\/spanje-vakantiehuizen.com\/de\/wp-json\/wp\/v2\/types\/page"}],"author":[{"embeddable":true,"href":"https:\/\/spanje-vakantiehuizen.com\/de\/wp-json\/wp\/v2\/users\/2"}],"replies":[{"embeddable":true,"href":"https:\/\/spanje-vakantiehuizen.com\/de\/wp-json\/wp\/v2\/comments?post=1059"}],"version-history":[{"count":1,"href":"https:\/\/spanje-vakantiehuizen.com\/de\/wp-json\/wp\/v2\/pages\/1059\/revisions"}],"predecessor-version":[{"id":1060,"href":"https:\/\/spanje-vakantiehuizen.com\/de\/wp-json\/wp\/v2\/pages\/1059\/revisions\/1060"}],"wp:attachment":[{"href":"https:\/\/spanje-vakantiehuizen.com\/de\/wp-json\/wp\/v2\/media?parent=1059"}],"curies":[{"name":"wp","href":"https:\/\/api.w.org\/{rel}","templated":true}]}}