{"id":1081,"date":"2025-11-18T12:05:15","date_gmt":"2025-11-18T12:05:15","guid":{"rendered":"https:\/\/spanje-vakantiehuizen.com\/fuer-mieter\/"},"modified":"2026-01-30T11:28:19","modified_gmt":"2026-01-30T11:28:19","slug":"fuer-mieter","status":"publish","type":"page","link":"https:\/\/spanje-vakantiehuizen.com\/de\/fuer-mieter\/","title":{"rendered":"F\u00fcr Mieter"},"content":{"rendered":"\t\t<div data-elementor-type=\"wp-page\" data-elementor-id=\"1081\" class=\"elementor elementor-1081 elementor-82\" data-elementor-post-type=\"page\">\n\t\t\t\t<div class=\"elementor-element elementor-element-853a192 e-flex e-con-boxed e-con e-parent\" data-id=\"853a192\" data-element_type=\"container\" data-e-type=\"container\">\n\t\t\t\t\t<div class=\"e-con-inner\">\n\t\t\t\t<div class=\"elementor-element elementor-element-b102c9a elementor-widget elementor-widget-flex-hero\" data-id=\"b102c9a\" data-element_type=\"widget\" data-e-type=\"widget\" data-settings=\"{&quot;layout_preset&quot;:&quot;storytelling&quot;,&quot;primary_button_shape&quot;:&quot;round&quot;,&quot;image_shape&quot;:&quot;sharp&quot;,&quot;box_shape&quot;:&quot;sharp&quot;}\" data-widget_type=\"flex-hero.default\">\n\t\t\t\t<div class=\"elementor-widget-container\">\n\t\t\t\t\t\t\t<div class=\"has-shape-sharp shape-type-box ehp-flex-hero has-layout-preset-storytelling\">\n\t\t\t\t\t\t<div class=\"ehp-flex-hero__overlay\"><\/div>\n\t\t\t<div class=\"ehp-flex-hero__content-container\">\n\t\t\t\t<p class=\"ehp-flex-hero__intro\">Genie\u00dfen Sie die Costa Blanca<\/p><h2 class=\"ehp-flex-hero__heading\">FERIENHAUS MIETEN<\/h2>\t\t\t<div class=\"ehp-flex-hero__ctas-container\">\n\t\t\t\t\t\t\t\t\t\t\t<\/div>\n\t\t\t\t\t<\/div>\n\t\t\t\t<div class=\"ehp-flex-hero__image-wrapper\">\n\t\t\t\t<\/div>\n\t\t\t\t<\/div>\n\t\t\t\t\t\t<\/div>\n\t\t\t\t<\/div>\n\t\t\t\t\t<\/div>\n\t\t\t\t<\/div>\n\t\t<div class=\"elementor-element elementor-element-408fbca e-flex e-con-boxed e-con e-parent\" data-id=\"408fbca\" data-element_type=\"container\" data-e-type=\"container\">\n\t\t\t\t\t<div class=\"e-con-inner\">\n\t\t\t\t<div class=\"elementor-element elementor-element-68b1931 elementor-widget elementor-widget-flex-hero\" data-id=\"68b1931\" data-element_type=\"widget\" data-e-type=\"widget\" data-settings=\"{&quot;primary_button_shape&quot;:&quot;round&quot;,&quot;layout_image_position&quot;:&quot;start&quot;,&quot;layout_preset&quot;:&quot;showcase&quot;,&quot;layout_column_structure&quot;:&quot;50-50&quot;,&quot;image_shape&quot;:&quot;sharp&quot;,&quot;box_shape&quot;:&quot;sharp&quot;}\" data-widget_type=\"flex-hero.default\">\n\t\t\t\t<div class=\"elementor-widget-container\">\n\t\t\t\t\t\t\t<div class=\"has-shape-sharp shape-type-box has-column-structure-50-50  ehp-flex-hero has-layout-preset-showcase has-image-stretch has-image-position-start\">\n\t\t\t\t\t\t<div class=\"ehp-flex-hero__overlay\"><\/div>\n\t\t\t<div class=\"ehp-flex-hero__content-container\">\n\t\t\t\t<p class=\"ehp-flex-hero__intro\">Cumbre ist der h\u00f6chste Punkt der K\u00fcste\n<\/p><h3 class=\"ehp-flex-hero__subheading\">Cumbre del Sol bedeutet w\u00f6rtlich \u201eSonnengipfel\u201c. Genie\u00dfen Sie die Sonne mit Meerblick \u2013 das garantiert Ihnen das Cumbre. Dank der vielen Aussichtspunkte kommen viele Menschen, um den Sonnenuntergang und den Sonnenaufgang zu bewundern. Allerdings ist diese Urbanisation auch f\u00fcr ihre Ruhe und den wundersch\u00f6nen Strand Calle de Moraig bekannt.\n\n<\/h3>\t\t\t<div class=\"ehp-flex-hero__ctas-container\">\n\t\t\t\t\t\t<a class=\"has-shape-round shape-type-button ehp-button ehp-button--primary ehp-flex-hero__button ehp-flex-hero__button--primary is-type-button\" href=\"https:\/\/spanje-vakantiehuizen.com\/de\/kontakt\/\">\n\t\t\t\t\t<span class=\"ehp-button__text ehp-flex-hero__button-text ehp-flex-hero__button-text--primary\">\n\t\t\tH\u00e4user im Angebot\t\t\t\t<\/a>\n\t\t\t\t\t\t\t\t\t<\/div>\n\t\t\t\t\t<\/div>\n\t\t\t\t<div class=\"ehp-flex-hero__image-wrapper\">\n\t\t\t\t\t<div class=\"ehp-image ehp-flex-hero__image-container\">\n\t\t\t\t<img decoding=\"async\" class=\"ehp-image__img ehp-flex-hero__img has-shape-sharp shape-type-image\" src=\"https:\/\/spanje-vakantiehuizen.com\/wp-content\/uploads\/2026\/01\/DSC_0229.jpg\" title=\"DSC_0229\" alt=\"DSC_0229\" loading=\"lazy\" \/>\t\t\t<\/div>\n\t\t\t\t\t<\/div>\n\t\t\t\t<\/div>\n\t\t\t\t\t\t<\/div>\n\t\t\t\t<\/div>\n\t\t\t\t<div class=\"elementor-element elementor-element-2c4e460 elementor-widget elementor-widget-flex-hero\" data-id=\"2c4e460\" data-element_type=\"widget\" data-e-type=\"widget\" data-settings=\"{&quot;primary_button_shape&quot;:&quot;round&quot;,&quot;layout_image_position_mobile&quot;:&quot;start&quot;,&quot;layout_preset&quot;:&quot;showcase&quot;,&quot;layout_column_structure&quot;:&quot;50-50&quot;,&quot;layout_image_position&quot;:&quot;end&quot;,&quot;image_shape&quot;:&quot;sharp&quot;,&quot;box_shape&quot;:&quot;sharp&quot;}\" data-widget_type=\"flex-hero.default\">\n\t\t\t\t<div class=\"elementor-widget-container\">\n\t\t\t\t\t\t\t<div class=\"has-shape-sharp shape-type-box has-column-structure-50-50  ehp-flex-hero has-layout-preset-showcase has-image-stretch has-image-position-end has-image-position-sm-start\">\n\t\t\t\t\t\t<div class=\"ehp-flex-hero__overlay\"><\/div>\n\t\t\t<div class=\"ehp-flex-hero__content-container\">\n\t\t\t\t<p class=\"ehp-flex-hero__intro\">Von 2 bis 8 Personen\n<\/p><h3 class=\"ehp-flex-hero__subheading\">Arthedi SL verwaltet mehrere luxuri\u00f6se Ferienh\u00e4user auf Cumbre del Sol. Suchen Sie ein Ferienhaus f\u00fcr 2 Personen oder sogar f\u00fcr 8 Personen? Dann haben wir ein passendes Angebot f\u00fcr Sie. Die meisten H\u00e4user verf\u00fcgen \u00fcber einen Swimmingpool und eine sch\u00f6ne Aussicht Wenn Sie f\u00fcr einen Urlaub oder einen l\u00e4ngeren Zeitraum mieten m\u00f6chten, ist Arthedi der richtige Ort f\u00fcr Sie.<\/h3>\t\t\t<div class=\"ehp-flex-hero__ctas-container\">\n\t\t\t\t\t\t<a class=\"has-shape-round shape-type-button ehp-button ehp-button--primary ehp-flex-hero__button ehp-flex-hero__button--primary is-type-button\" href=\"https:\/\/spanje-vakantiehuizen.com\/de\/kontakt\/\">\n\t\t\t\t\t<span class=\"ehp-button__text ehp-flex-hero__button-text ehp-flex-hero__button-text--primary\">\n\t\t\tF\u00fcr weitere Informationen.\t\t\t\t<\/a>\n\t\t\t\t\t\t\t\t\t<\/div>\n\t\t\t\t\t<\/div>\n\t\t\t\t<div class=\"ehp-flex-hero__image-wrapper\">\n\t\t\t\t\t<div class=\"ehp-image ehp-flex-hero__image-container\">\n\t\t\t\t<img decoding=\"async\" class=\"ehp-image__img ehp-flex-hero__img has-shape-sharp shape-type-image\" src=\"https:\/\/spanje-vakantiehuizen.com\/wp-content\/uploads\/2026\/01\/DSC_0732.jpg\" title=\"DSC_0732\" alt=\"DSC_0732\" loading=\"lazy\" \/>\t\t\t<\/div>\n\t\t\t\t\t<\/div>\n\t\t\t\t<\/div>\n\t\t\t\t\t\t<\/div>\n\t\t\t\t<\/div>\n\t\t\t\t<div class=\"elementor-element elementor-element-a5f525c elementor-widget elementor-widget-flex-hero\" data-id=\"a5f525c\" data-element_type=\"widget\" data-e-type=\"widget\" data-settings=\"{&quot;primary_button_shape&quot;:&quot;round&quot;,&quot;layout_image_position&quot;:&quot;start&quot;,&quot;layout_preset&quot;:&quot;showcase&quot;,&quot;layout_column_structure&quot;:&quot;50-50&quot;,&quot;image_shape&quot;:&quot;sharp&quot;,&quot;box_shape&quot;:&quot;sharp&quot;}\" data-widget_type=\"flex-hero.default\">\n\t\t\t\t<div class=\"elementor-widget-container\">\n\t\t\t\t\t\t\t<div class=\"has-shape-sharp shape-type-box has-column-structure-50-50  ehp-flex-hero has-layout-preset-showcase has-image-stretch has-image-position-start\">\n\t\t\t\t\t\t<div class=\"ehp-flex-hero__overlay\"><\/div>\n\t\t\t<div class=\"ehp-flex-hero__content-container\">\n\t\t\t\t<p class=\"ehp-flex-hero__intro\">Die Sonne genie\u00dfen<\/p><h3 class=\"ehp-flex-hero__subheading\">Mit 300 Sonnentagen im Jahr an der Costa del Sol ist Cumbre del Sol ein hervorragender Ort, um Ihren Urlaub zu verbringen. Zwischen den beiden idyllischen St\u00e4dten Javea und Moreira gelegen, sind viele Str\u00e4nde und Sehensw\u00fcrdigkeiten in kurzer Fahrzeit erreichbar. Dennoch garantiert Cumbre del Sol absolute Ruhe.. Interessiert an H\u00e4usern an der Costa Blanca?<\/h3>\t\t\t<div class=\"ehp-flex-hero__ctas-container\">\n\t\t\t\t\t\t<a class=\"has-shape-round shape-type-button ehp-button ehp-button--primary ehp-flex-hero__button ehp-flex-hero__button--primary is-type-button\" href=\"https:\/\/spanje-vakantiehuizen.com\/de\/kontakt\/\">\n\t\t\t\t\t<span class=\"ehp-button__text ehp-flex-hero__button-text ehp-flex-hero__button-text--primary\">\n\t\t\tWeitere Informationen\t\t\t\t<\/a>\n\t\t\t\t\t\t\t\t\t<\/div>\n\t\t\t\t\t<\/div>\n\t\t\t\t<div class=\"ehp-flex-hero__image-wrapper\">\n\t\t\t\t\t<div class=\"ehp-image ehp-flex-hero__image-container\">\n\t\t\t\t<img decoding=\"async\" class=\"ehp-image__img ehp-flex-hero__img has-shape-sharp shape-type-image\" src=\"https:\/\/spanje-vakantiehuizen.com\/wp-content\/uploads\/2026\/01\/Arth47-F1.jpg\" title=\"Arth47-F1\" alt=\"Arth47-F1\" loading=\"lazy\" \/>\t\t\t<\/div>\n\t\t\t\t\t<\/div>\n\t\t\t\t<\/div>\n\t\t\t\t\t\t<\/div>\n\t\t\t\t<\/div>\n\t\t\t\t<div class=\"elementor-element elementor-element-01d6a31 elementor-widget elementor-widget-flex-hero\" data-id=\"01d6a31\" data-element_type=\"widget\" data-e-type=\"widget\" data-settings=\"{&quot;primary_button_shape&quot;:&quot;round&quot;,&quot;layout_image_position_mobile&quot;:&quot;start&quot;,&quot;layout_preset&quot;:&quot;showcase&quot;,&quot;layout_column_structure&quot;:&quot;50-50&quot;,&quot;layout_image_position&quot;:&quot;end&quot;,&quot;image_shape&quot;:&quot;sharp&quot;,&quot;box_shape&quot;:&quot;sharp&quot;}\" data-widget_type=\"flex-hero.default\">\n\t\t\t\t<div class=\"elementor-widget-container\">\n\t\t\t\t\t\t\t<div class=\"has-shape-sharp shape-type-box has-column-structure-50-50  ehp-flex-hero has-layout-preset-showcase has-image-stretch has-image-position-end has-image-position-sm-start\">\n\t\t\t\t\t\t<div class=\"ehp-flex-hero__overlay\"><\/div>\n\t\t\t<div class=\"ehp-flex-hero__content-container\">\n\t\t\t\t<p class=\"ehp-flex-hero__intro\">F\u00fcr Langzeitmiete?\n<\/p><h3 class=\"ehp-flex-hero__subheading\">Wir bieten Ihnen au\u00dferdem eine Auswahl an Ferienh\u00e4usern zur Langzeitmiete an. Denken Sie dar\u00fcber nach, das Leben an der Costa f\u00fcr einen l\u00e4ngeren Zeitraum zu genie\u00dfen? Fragen Sie uns nach den M\u00f6glichkeiten und Konditionen.\n\n<\/h3>\t\t\t<div class=\"ehp-flex-hero__ctas-container\">\n\t\t\t\t\t\t<a class=\"has-shape-round shape-type-button ehp-button ehp-button--primary ehp-flex-hero__button ehp-flex-hero__button--primary is-type-button\" href=\"https:\/\/spanje-vakantiehuizen.com\/de\/kontakt\/\">\n\t\t\t\t\t<span class=\"ehp-button__text ehp-flex-hero__button-text ehp-flex-hero__button-text--primary\">\n\t\t\tF\u00fcr weitere Informationen.\t\t\t\t<\/a>\n\t\t\t\t\t\t\t\t\t<\/div>\n\t\t\t\t\t<\/div>\n\t\t\t\t<div class=\"ehp-flex-hero__image-wrapper\">\n\t\t\t\t\t<div class=\"ehp-image ehp-flex-hero__image-container\">\n\t\t\t\t<img decoding=\"async\" class=\"ehp-image__img ehp-flex-hero__img has-shape-sharp shape-type-image\" src=\"https:\/\/spanje-vakantiehuizen.com\/wp-content\/uploads\/2025\/11\/DSC_0034-scaled.jpg\" title=\"DSC_0034\" alt=\"DSC_0034\" loading=\"lazy\" \/>\t\t\t<\/div>\n\t\t\t\t\t<\/div>\n\t\t\t\t<\/div>\n\t\t\t\t\t\t<\/div>\n\t\t\t\t<\/div>\n\t\t\t\t\t<\/div>\n\t\t\t\t<\/div>\n\t\t\t\t<\/div>\n\t\t","protected":false},"excerpt":{"rendered":"<p>Genie\u00dfen Sie die Costa Blanca FERIENHAUS MIETEN Cumbre ist der h\u00f6chste Punkt der K\u00fcste Cumbre del Sol bedeutet w\u00f6rtlich \u201eSonnengipfel\u201c. Genie\u00dfen Sie die Sonne mit Meerblick \u2013 das garantiert Ihnen das Cumbre. Dank der vielen Aussichtspunkte kommen viele Menschen, um den Sonnenuntergang und den Sonnenaufgang zu bewundern. Allerdings ist diese Urbanisation auch f\u00fcr ihre Ruhe [&hellip;]<\/p>\n","protected":false},"author":1,"featured_media":0,"parent":0,"menu_order":0,"comment_status":"closed","ping_status":"closed","template":"","meta":{"footnotes":""},"class_list":["post-1081","page","type-page","status-publish","hentry"],"_links":{"self":[{"href":"https:\/\/spanje-vakantiehuizen.com\/de\/wp-json\/wp\/v2\/pages\/1081","targetHints":{"allow":["GET"]}}],"collection":[{"href":"https:\/\/spanje-vakantiehuizen.com\/de\/wp-json\/wp\/v2\/pages"}],"about":[{"href":"https:\/\/spanje-vakantiehuizen.com\/de\/wp-json\/wp\/v2\/types\/page"}],"author":[{"embeddable":true,"href":"https:\/\/spanje-vakantiehuizen.com\/de\/wp-json\/wp\/v2\/users\/1"}],"replies":[{"embeddable":true,"href":"https:\/\/spanje-vakantiehuizen.com\/de\/wp-json\/wp\/v2\/comments?post=1081"}],"version-history":[{"count":1,"href":"https:\/\/spanje-vakantiehuizen.com\/de\/wp-json\/wp\/v2\/pages\/1081\/revisions"}],"predecessor-version":[{"id":1082,"href":"https:\/\/spanje-vakantiehuizen.com\/de\/wp-json\/wp\/v2\/pages\/1081\/revisions\/1082"}],"wp:attachment":[{"href":"https:\/\/spanje-vakantiehuizen.com\/de\/wp-json\/wp\/v2\/media?parent=1081"}],"curies":[{"name":"wp","href":"https:\/\/api.w.org\/{rel}","templated":true}]}}