{"id":1084,"date":"2025-12-04T09:23:45","date_gmt":"2025-12-04T09:23:45","guid":{"rendered":"https:\/\/spanje-vakantiehuizen.com\/wasserzaehlerpruefung\/"},"modified":"2026-01-30T11:32:47","modified_gmt":"2026-01-30T11:32:47","slug":"wasserzaehlerpruefung","status":"publish","type":"page","link":"https:\/\/spanje-vakantiehuizen.com\/de\/wasserzaehlerpruefung\/","title":{"rendered":"Wasserz\u00e4hlerpr\u00fcfung"},"content":{"rendered":"\t\t<div data-elementor-type=\"wp-page\" data-elementor-id=\"1084\" class=\"elementor elementor-1084 elementor-279\" data-elementor-post-type=\"page\">\n\t\t\t\t<div class=\"elementor-element elementor-element-515a68a e-flex e-con-boxed e-con e-parent\" data-id=\"515a68a\" data-element_type=\"container\" data-e-type=\"container\">\n\t\t\t\t\t<div class=\"e-con-inner\">\n\t\t\t\t<div class=\"elementor-element elementor-element-92be332 elementor-widget elementor-widget-heading\" data-id=\"92be332\" data-element_type=\"widget\" data-e-type=\"widget\" data-widget_type=\"heading.default\">\n\t\t\t\t\t<h2 class=\"elementor-heading-title elementor-size-default\">Wasserz\u00e4hlerpr\u00fcfung<\/h2>\t\t\t\t<\/div>\n\t\t\t\t<div class=\"elementor-element elementor-element-13e4ae0 elementor-widget__width-initial elementor-widget-tablet__width-inherit elementor-widget elementor-widget-text-editor\" data-id=\"13e4ae0\" data-element_type=\"widget\" data-e-type=\"widget\" data-widget_type=\"text-editor.default\">\n\t\t\t\t\t\t\t\t\t<p>Als Hausbesitzer, der l\u00e4ngere Zeit verreist ist, m\u00f6chte man keine unerwartet hohen Wasserrechnungen erhalten. In Spanien kommt es leider h\u00e4ufig vor, dass Wasserleitungen brechen. Wird der Schaden zu sp\u00e4t entdeckt, bel\u00e4uft er sich oft auf \u00fcber tausend Euro.  <\/p>\t\t\t\t\t\t\t\t<\/div>\n\t\t\t\t\t<\/div>\n\t\t\t\t<\/div>\n\t\t<div class=\"elementor-element elementor-element-a8d6187 e-flex e-con-boxed e-con e-parent\" data-id=\"a8d6187\" data-element_type=\"container\" data-e-type=\"container\">\n\t\t\t\t\t<div class=\"e-con-inner\">\n\t\t<div class=\"elementor-element elementor-element-56be237 e-con-full e-flex e-con e-child\" data-id=\"56be237\" data-element_type=\"container\" data-e-type=\"container\">\n\t\t\t\t<div class=\"elementor-element elementor-element-c06dcf8 elementor-widget elementor-widget-image\" data-id=\"c06dcf8\" data-element_type=\"widget\" data-e-type=\"widget\" data-widget_type=\"image.default\">\n\t\t\t\t\t\t\t\t\t\t\t\t\t\t\t<img fetchpriority=\"high\" decoding=\"async\" width=\"437\" height=\"437\" src=\"https:\/\/spanje-vakantiehuizen.com\/wp-content\/uploads\/2025\/12\/stromendwater-2.png\" class=\"attachment-large size-large wp-image-1079\" alt=\"Wasserschaden\" srcset=\"https:\/\/spanje-vakantiehuizen.com\/wp-content\/uploads\/2025\/12\/stromendwater-2.png 437w, https:\/\/spanje-vakantiehuizen.com\/wp-content\/uploads\/2025\/12\/stromendwater-2-300x300.png 300w, https:\/\/spanje-vakantiehuizen.com\/wp-content\/uploads\/2025\/12\/stromendwater-2-150x150.png 150w\" sizes=\"(max-width: 437px) 100vw, 437px\" \/>\t\t\t\t\t\t\t\t\t\t\t\t\t\t\t<\/div>\n\t\t\t\t<\/div>\n\t\t<div class=\"elementor-element elementor-element-02ae211 e-con-full e-flex e-con e-child\" data-id=\"02ae211\" data-element_type=\"container\" data-e-type=\"container\">\n\t\t\t\t<div class=\"elementor-element elementor-element-f1360de elementor-widget elementor-widget-text-editor\" data-id=\"f1360de\" data-element_type=\"widget\" data-e-type=\"widget\" data-widget_type=\"text-editor.default\">\n\t\t\t\t\t\t\t\t\t<p>Arthedi SL \u00fcberpr\u00fcft w\u00f6chentlich die Wasserz\u00e4hlerst\u00e4nde und den Wasserverbrauch der Abonnenten. Dadurch k\u00f6nnen wir Wasserverluste fr\u00fchzeitig erkennen. Wir ergreifen dann Ma\u00dfnahmen und setzen uns mit dem Eigent\u00fcmer in Verbindung. Die \u00dcberpr\u00fcfungen werden w\u00f6chentlich durchgef\u00fchrt.    <\/p>\t\t\t\t\t\t\t\t<\/div>\n\t\t\t\t<\/div>\n\t\t\t\t\t<\/div>\n\t\t\t\t<\/div>\n\t\t<div class=\"elementor-element elementor-element-369469b e-con-full e-flex e-con e-parent\" data-id=\"369469b\" data-element_type=\"container\" data-e-type=\"container\">\n\t\t\t\t<div class=\"elementor-element elementor-element-ebcfe3e elementor-widget__width-initial elementor-widget elementor-widget-text-editor\" data-id=\"ebcfe3e\" data-element_type=\"widget\" data-e-type=\"widget\" data-widget_type=\"text-editor.default\">\n\t\t\t\t\t\t\t\t\t<p>Erfahrungsgem\u00e4\u00df unterliegen die neu verlegten Wasserleitungen an der Costa Blanca einem gewissen Verschlei\u00df. Fr\u00fcher wurden Kunststoffverbinder verwendet, diese wurden jedoch inzwischen durch Messingverbinder ersetzt. Oft fehlt die Rohrisolierung, was zu fr\u00fchzeitigen Sch\u00e4den f\u00fchrt. Rohrbr\u00fcche verursachen h\u00e4ufig Wasserverlust und hohe Wasserrechnungen. Die regelm\u00e4\u00dfige \u00dcberpr\u00fcfung Ihres Wasserz\u00e4hlers ist eine gute M\u00f6glichkeit, Lecks fr\u00fchzeitig zu erkennen. Wohnen Sie an der Cumbre und m\u00f6chten wissen, wie wir Ihnen helfen k\u00f6nnen?     <\/p>\t\t\t\t\t\t\t\t<\/div>\n\t\t\t\t<div class=\"elementor-element elementor-element-8f10bd5 elementor-align-center elementor-widget elementor-widget-button\" data-id=\"8f10bd5\" data-element_type=\"widget\" data-e-type=\"widget\" data-widget_type=\"button.default\">\n\t\t\t\t\t\t\t\t\t\t<a class=\"elementor-button elementor-button-link elementor-size-sm\" href=\"https:\/\/spanje-vakantiehuizen.com\/de\/kontakt\/\" id=\"\/contact\">\n\t\t\t\t\t\t<span class=\"elementor-button-content-wrapper\">\n\t\t\t\t\t\t\t\t\t<span class=\"elementor-button-text\">Welche M\u00f6glichkeiten gibt es?<\/span>\n\t\t\t\t\t<\/span>\n\t\t\t\t\t<\/a>\n\t\t\t\t\t\t\t\t<\/div>\n\t\t\t\t<\/div>\n\t\t\t\t<\/div>\n\t\t","protected":false},"excerpt":{"rendered":"<p>Wasserz\u00e4hlerpr\u00fcfung Als Hausbesitzer, der l\u00e4ngere Zeit verreist ist, m\u00f6chte man keine unerwartet hohen Wasserrechnungen erhalten. In Spanien kommt es leider h\u00e4ufig vor, dass Wasserleitungen brechen. Wird der Schaden zu sp\u00e4t entdeckt, bel\u00e4uft er sich oft auf \u00fcber tausend Euro. Arthedi SL \u00fcberpr\u00fcft w\u00f6chentlich die Wasserz\u00e4hlerst\u00e4nde und den Wasserverbrauch der Abonnenten. Dadurch k\u00f6nnen wir Wasserverluste fr\u00fchzeitig [&hellip;]<\/p>\n","protected":false},"author":2,"featured_media":0,"parent":0,"menu_order":0,"comment_status":"closed","ping_status":"closed","template":"","meta":{"footnotes":""},"class_list":["post-1084","page","type-page","status-publish","hentry"],"_links":{"self":[{"href":"https:\/\/spanje-vakantiehuizen.com\/de\/wp-json\/wp\/v2\/pages\/1084","targetHints":{"allow":["GET"]}}],"collection":[{"href":"https:\/\/spanje-vakantiehuizen.com\/de\/wp-json\/wp\/v2\/pages"}],"about":[{"href":"https:\/\/spanje-vakantiehuizen.com\/de\/wp-json\/wp\/v2\/types\/page"}],"author":[{"embeddable":true,"href":"https:\/\/spanje-vakantiehuizen.com\/de\/wp-json\/wp\/v2\/users\/2"}],"replies":[{"embeddable":true,"href":"https:\/\/spanje-vakantiehuizen.com\/de\/wp-json\/wp\/v2\/comments?post=1084"}],"version-history":[{"count":1,"href":"https:\/\/spanje-vakantiehuizen.com\/de\/wp-json\/wp\/v2\/pages\/1084\/revisions"}],"predecessor-version":[{"id":1085,"href":"https:\/\/spanje-vakantiehuizen.com\/de\/wp-json\/wp\/v2\/pages\/1084\/revisions\/1085"}],"wp:attachment":[{"href":"https:\/\/spanje-vakantiehuizen.com\/de\/wp-json\/wp\/v2\/media?parent=1084"}],"curies":[{"name":"wp","href":"https:\/\/api.w.org\/{rel}","templated":true}]}}