{"id":1185,"date":"2025-12-05T09:54:40","date_gmt":"2025-12-05T09:54:40","guid":{"rendered":"https:\/\/spanje-vakantiehuizen.com\/schluesseltraegerschaft\/"},"modified":"2026-02-04T12:36:23","modified_gmt":"2026-02-04T12:36:23","slug":"schluesseltraegerschaft","status":"publish","type":"page","link":"https:\/\/spanje-vakantiehuizen.com\/de\/schluesseltraegerschaft\/","title":{"rendered":"Schl\u00fcsseltr\u00e4gerschaft"},"content":{"rendered":"\t\t<div data-elementor-type=\"wp-page\" data-elementor-id=\"1185\" class=\"elementor elementor-1185 elementor-389\" data-elementor-post-type=\"page\">\n\t\t\t\t<div class=\"elementor-element elementor-element-090960c e-flex e-con-boxed e-con e-parent\" data-id=\"090960c\" data-element_type=\"container\" data-e-type=\"container\">\n\t\t\t\t\t<div class=\"e-con-inner\">\n\t\t\t\t<div class=\"elementor-element elementor-element-6d48e78 elementor-widget elementor-widget-heading\" data-id=\"6d48e78\" data-element_type=\"widget\" data-e-type=\"widget\" data-widget_type=\"heading.default\">\n\t\t\t\t\t<h2 class=\"elementor-heading-title elementor-size-default\">Schl\u00fcsseltr\u00e4gerschaft<\/h2>\t\t\t\t<\/div>\n\t\t\t\t<div class=\"elementor-element elementor-element-4c2e30c elementor-widget elementor-widget-text-editor\" data-id=\"4c2e30c\" data-element_type=\"widget\" data-e-type=\"widget\" data-widget_type=\"text-editor.default\">\n\t\t\t\t\t\t\t\t\tVermieten Sie Ihre Immobilie in Cumbre del Sol, sind aber selbst nicht vor Ort? Arthedi bietet Ihnen alle Services, die Sie ben\u00f6tigen, um Ihre Mieter willkommen zu hei\u00dfen. \t\t\t\t\t\t\t\t<\/div>\n\t\t\t\t\t<\/div>\n\t\t\t\t<\/div>\n\t\t<div class=\"elementor-element elementor-element-08f0857 e-flex e-con-boxed e-con e-parent\" data-id=\"08f0857\" data-element_type=\"container\" data-e-type=\"container\">\n\t\t\t\t\t<div class=\"e-con-inner\">\n\t\t<div class=\"elementor-element elementor-element-383b75c e-con-full e-flex e-con e-child\" data-id=\"383b75c\" data-element_type=\"container\" data-e-type=\"container\">\n\t\t\t\t<div class=\"elementor-element elementor-element-8bfb56a elementor-widget elementor-widget-image\" data-id=\"8bfb56a\" data-element_type=\"widget\" data-e-type=\"widget\" data-widget_type=\"image.default\">\n\t\t\t\t\t\t\t\t\t\t\t\t\t\t\t<img fetchpriority=\"high\" decoding=\"async\" width=\"639\" height=\"449\" src=\"https:\/\/spanje-vakantiehuizen.com\/wp-content\/uploads\/2025\/11\/Casa-4.jpg\" class=\"attachment-large size-large wp-image-1032\" alt=\"Gartenplege Cumbre del Sol\" srcset=\"https:\/\/spanje-vakantiehuizen.com\/wp-content\/uploads\/2025\/11\/Casa-4.jpg 639w, https:\/\/spanje-vakantiehuizen.com\/wp-content\/uploads\/2025\/11\/Casa-4-300x211.jpg 300w\" sizes=\"(max-width: 639px) 100vw, 639px\" \/>\t\t\t\t\t\t\t\t\t\t\t\t\t\t\t<\/div>\n\t\t\t\t<\/div>\n\t\t<div class=\"elementor-element elementor-element-20f4fd4 e-con-full e-flex e-con e-child\" data-id=\"20f4fd4\" data-element_type=\"container\" data-e-type=\"container\">\n\t\t\t\t<div class=\"elementor-element elementor-element-b4f082e elementor-widget elementor-widget-text-editor\" data-id=\"b4f082e\" data-element_type=\"widget\" data-e-type=\"widget\" data-widget_type=\"text-editor.default\">\n\t\t\t\t\t\t\t\t\t<p>Die Mieter werden herzlich empfangen und erhalten die Schl\u00fcssel. Die Kaution wird eingesammelt, die Registrierung (Name\/Pass) veranlasst und alle notwendigen Informationen zum Haus und seiner Umgebung werden gegeben. Arthedi k\u00fcmmert sich auch um die Endreinigung. Oft wird zus\u00e4tzlich eine Reinigung vor der Ankunft der Mieter vereinbart, beispielsweise nachdem die Eigent\u00fcmer anwesend waren.   <\/p>\t\t\t\t\t\t\t\t<\/div>\n\t\t\t\t<\/div>\n\t\t\t\t\t<\/div>\n\t\t\t\t<\/div>\n\t\t<div class=\"elementor-element elementor-element-5853409 e-flex e-con-boxed e-con e-parent\" data-id=\"5853409\" data-element_type=\"container\" data-e-type=\"container\">\n\t\t\t\t\t<div class=\"e-con-inner\">\n\t\t\t\t<div class=\"elementor-element elementor-element-a76a94a elementor-widget elementor-widget-text-editor\" data-id=\"a76a94a\" data-element_type=\"widget\" data-e-type=\"widget\" data-widget_type=\"text-editor.default\">\n\t\t\t\t\t\t\t\t\t<p>Die Mieter k\u00f6nnen angeben, f\u00fcr wie viele Personen <a href=\"https:\/\/spanje-vakantiehuizen.com\/de\/waescheservice\/\">Bettw\u00e4sche<\/a> ben\u00f6tigt wird. Das Reinigungspersonal macht die Betten und arrangiert die Handt\u00fccher dekorativ. <\/p>\t\t\t\t\t\t\t\t<\/div>\n\t\t\t\t\t<\/div>\n\t\t\t\t<\/div>\n\t\t<div class=\"elementor-element elementor-element-d5c749d e-flex e-con-boxed e-con e-parent\" data-id=\"d5c749d\" data-element_type=\"container\" data-e-type=\"container\">\n\t\t\t\t\t<div class=\"e-con-inner\">\n\t\t\t\t<div class=\"elementor-element elementor-element-5dd3764 elementor-align-center elementor-widget elementor-widget-button\" data-id=\"5dd3764\" data-element_type=\"widget\" data-e-type=\"widget\" data-widget_type=\"button.default\">\n\t\t\t\t\t\t\t\t\t\t<a class=\"elementor-button elementor-button-link elementor-size-sm\" href=\"https:\/\/spanje-vakantiehuizen.com\/de\/kontakt\/\">\n\t\t\t\t\t\t<span class=\"elementor-button-content-wrapper\">\n\t\t\t\t\t\t\t\t\t<span class=\"elementor-button-text\">M\u00f6chten Sie mehr erfahren?<\/span>\n\t\t\t\t\t<\/span>\n\t\t\t\t\t<\/a>\n\t\t\t\t\t\t\t\t<\/div>\n\t\t\t\t\t<\/div>\n\t\t\t\t<\/div>\n\t\t\t\t<\/div>\n\t\t","protected":false},"excerpt":{"rendered":"<p>Schl\u00fcsseltr\u00e4gerschaft Vermieten Sie Ihre Immobilie in Cumbre del Sol, sind aber selbst nicht vor Ort? Arthedi bietet Ihnen alle Services, die Sie ben\u00f6tigen, um Ihre Mieter willkommen zu hei\u00dfen. Die Mieter werden herzlich empfangen und erhalten die Schl\u00fcssel. Die Kaution wird eingesammelt, die Registrierung (Name\/Pass) veranlasst und alle notwendigen Informationen zum Haus und seiner Umgebung [&hellip;]<\/p>\n","protected":false},"author":2,"featured_media":0,"parent":0,"menu_order":0,"comment_status":"closed","ping_status":"closed","template":"","meta":{"footnotes":""},"class_list":["post-1185","page","type-page","status-publish","hentry"],"_links":{"self":[{"href":"https:\/\/spanje-vakantiehuizen.com\/de\/wp-json\/wp\/v2\/pages\/1185","targetHints":{"allow":["GET"]}}],"collection":[{"href":"https:\/\/spanje-vakantiehuizen.com\/de\/wp-json\/wp\/v2\/pages"}],"about":[{"href":"https:\/\/spanje-vakantiehuizen.com\/de\/wp-json\/wp\/v2\/types\/page"}],"author":[{"embeddable":true,"href":"https:\/\/spanje-vakantiehuizen.com\/de\/wp-json\/wp\/v2\/users\/2"}],"replies":[{"embeddable":true,"href":"https:\/\/spanje-vakantiehuizen.com\/de\/wp-json\/wp\/v2\/comments?post=1185"}],"version-history":[{"count":1,"href":"https:\/\/spanje-vakantiehuizen.com\/de\/wp-json\/wp\/v2\/pages\/1185\/revisions"}],"predecessor-version":[{"id":1186,"href":"https:\/\/spanje-vakantiehuizen.com\/de\/wp-json\/wp\/v2\/pages\/1185\/revisions\/1186"}],"wp:attachment":[{"href":"https:\/\/spanje-vakantiehuizen.com\/de\/wp-json\/wp\/v2\/media?parent=1185"}],"curies":[{"name":"wp","href":"https:\/\/api.w.org\/{rel}","templated":true}]}}