{"id":1228,"date":"2025-11-26T13:55:26","date_gmt":"2025-11-26T13:55:26","guid":{"rendered":"https:\/\/spanje-vakantiehuizen.com\/schwimmbadwartung\/"},"modified":"2026-02-04T13:03:34","modified_gmt":"2026-02-04T13:03:34","slug":"schwimmbadwartung","status":"publish","type":"page","link":"https:\/\/spanje-vakantiehuizen.com\/de\/schwimmbadwartung\/","title":{"rendered":"Schwimmbadwartung"},"content":{"rendered":"\t\t<div data-elementor-type=\"wp-page\" data-elementor-id=\"1228\" class=\"elementor elementor-1228 elementor-213\" data-elementor-post-type=\"page\">\n\t\t\t\t<div class=\"elementor-element elementor-element-1f20a98 e-flex e-con-boxed e-con e-parent\" data-id=\"1f20a98\" data-element_type=\"container\" data-e-type=\"container\">\n\t\t\t\t\t<div class=\"e-con-inner\">\n\t\t\t\t<div class=\"elementor-element elementor-element-7629c51 elementor-widget elementor-widget-heading\" data-id=\"7629c51\" data-element_type=\"widget\" data-e-type=\"widget\" data-widget_type=\"heading.default\">\n\t\t\t\t\t<h2 class=\"elementor-heading-title elementor-size-default\">Schwimmbadwartung<\/h2>\t\t\t\t<\/div>\n\t\t\t\t<div class=\"elementor-element elementor-element-c854c8d elementor-widget elementor-widget-text-editor\" data-id=\"c854c8d\" data-element_type=\"widget\" data-e-type=\"widget\" data-widget_type=\"text-editor.default\">\n\t\t\t\t\t\t\t\t\t<p>Die Aufrechterhaltung einer optimalen Poolwasserqualit\u00e4t ist ein fortlaufender Prozess. Verschiedene Faktoren k\u00f6nnen die Wasserqualit\u00e4t beeinflussen. Wetterbedingungen, Jahreszeiten, Staub durch Renovierungsarbeiten usw. wirken sich ebenfalls aus. Auch die Nutzungsintensit\u00e4t des Pools kann Ver\u00e4nderungen hervorrufen.   <\/p>\t\t\t\t\t\t\t\t<\/div>\n\t\t\t\t<div class=\"elementor-element elementor-element-78b3d57 elementor-widget elementor-widget-image\" data-id=\"78b3d57\" data-element_type=\"widget\" data-e-type=\"widget\" data-widget_type=\"image.default\">\n\t\t\t\t\t\t\t\t\t\t\t\t\t\t\t<img fetchpriority=\"high\" decoding=\"async\" width=\"677\" height=\"297\" src=\"https:\/\/spanje-vakantiehuizen.com\/wp-content\/uploads\/2025\/11\/ZZwembad04.png\" class=\"attachment-large size-large wp-image-1086\" alt=\"\" srcset=\"https:\/\/spanje-vakantiehuizen.com\/wp-content\/uploads\/2025\/11\/ZZwembad04.png 677w, https:\/\/spanje-vakantiehuizen.com\/wp-content\/uploads\/2025\/11\/ZZwembad04-300x132.png 300w\" sizes=\"(max-width: 677px) 100vw, 677px\" \/>\t\t\t\t\t\t\t\t\t\t\t\t\t\t\t<\/div>\n\t\t\t\t<div class=\"elementor-element elementor-element-2f28154 elementor-align-center elementor-widget elementor-widget-button\" data-id=\"2f28154\" data-element_type=\"widget\" data-e-type=\"widget\" data-widget_type=\"button.default\">\n\t\t\t\t\t\t\t\t\t\t<a class=\"elementor-button elementor-button-link elementor-size-sm\" href=\"https:\/\/spanje-vakantiehuizen.com\/de\/kontakt\/\">\n\t\t\t\t\t\t<span class=\"elementor-button-content-wrapper\">\n\t\t\t\t\t\t\t\t\t<span class=\"elementor-button-text\">M\u00f6chten Sie mehr erfahren?<\/span>\n\t\t\t\t\t<\/span>\n\t\t\t\t\t<\/a>\n\t\t\t\t\t\t\t\t<\/div>\n\t\t\t\t\t<\/div>\n\t\t\t\t<\/div>\n\t\t<div class=\"elementor-element elementor-element-9be129d e-flex e-con-boxed e-con e-parent\" data-id=\"9be129d\" data-element_type=\"container\" data-e-type=\"container\">\n\t\t\t\t\t<div class=\"e-con-inner\">\n\t\t<div class=\"elementor-element elementor-element-0b0a48f e-con-full e-flex e-con e-child\" data-id=\"0b0a48f\" data-element_type=\"container\" data-e-type=\"container\">\n\t\t\t\t<div class=\"elementor-element elementor-element-b870d0c elementor-widget elementor-widget-text-editor\" data-id=\"b870d0c\" data-element_type=\"widget\" data-e-type=\"widget\" data-widget_type=\"text-editor.default\">\n\t\t\t\t\t\t\t\t\t<p><a href=\"#\">Das Poolteam von Arthedi SL <\/a>verf\u00fcgt \u00fcber mehr als 28 Jahre Erfahrung mit Chlor- und Salzwasserpools. Wir reinigen und b\u00fcrsten Ihre Pools w\u00f6chentlich und f\u00fchren alle notwendigen Wartungsarbeiten durch, inklusive Filterreinigung. Dabei gehen wir vorausschauend vor und ber\u00fccksichtigen alle relevanten Faktoren. Wir analysieren das Wasser sorgf\u00e4ltig und ermitteln den Bedarf an Zus\u00e4tzen. Bei Salzwasserpools mit Chlorinator \u00fcberwachen wir das Ger\u00e4t und optimieren es bei Bedarf.      <\/p>\t\t\t\t\t\t\t\t<\/div>\n\t\t\t\t<\/div>\n\t\t<div class=\"elementor-element elementor-element-39fefea e-con-full e-flex e-con e-child\" data-id=\"39fefea\" data-element_type=\"container\" data-e-type=\"container\">\n\t\t\t\t<div class=\"elementor-element elementor-element-d6c8d98 elementor-widget elementor-widget-image\" data-id=\"d6c8d98\" data-element_type=\"widget\" data-e-type=\"widget\" data-widget_type=\"image.default\">\n\t\t\t\t\t\t\t\t\t\t\t\t\t\t\t<img decoding=\"async\" width=\"800\" height=\"533\" src=\"https:\/\/spanje-vakantiehuizen.com\/wp-content\/uploads\/2026\/01\/Cumbre-del-Sol-pool-patio-view.jpg\" class=\"attachment-large size-large wp-image-1087\" alt=\"\" srcset=\"https:\/\/spanje-vakantiehuizen.com\/wp-content\/uploads\/2026\/01\/Cumbre-del-Sol-pool-patio-view.jpg 800w, https:\/\/spanje-vakantiehuizen.com\/wp-content\/uploads\/2026\/01\/Cumbre-del-Sol-pool-patio-view-300x200.jpg 300w, https:\/\/spanje-vakantiehuizen.com\/wp-content\/uploads\/2026\/01\/Cumbre-del-Sol-pool-patio-view-768x512.jpg 768w\" sizes=\"(max-width: 800px) 100vw, 800px\" \/>\t\t\t\t\t\t\t\t\t\t\t\t\t\t\t<\/div>\n\t\t\t\t<\/div>\n\t\t\t\t\t<\/div>\n\t\t\t\t<\/div>\n\t\t<div class=\"elementor-element elementor-element-fd0bcb6 e-flex e-con-boxed e-con e-parent\" data-id=\"fd0bcb6\" data-element_type=\"container\" data-e-type=\"container\">\n\t\t\t\t\t<div class=\"e-con-inner\">\n\t\t<div class=\"elementor-element elementor-element-d2487d4 e-con-full e-flex e-con e-child\" data-id=\"d2487d4\" data-element_type=\"container\" data-e-type=\"container\">\n\t\t\t\t<div class=\"elementor-element elementor-element-e20e525 elementor-widget elementor-widget-image\" data-id=\"e20e525\" data-element_type=\"widget\" data-e-type=\"widget\" data-widget_type=\"image.default\">\n\t\t\t\t\t\t\t\t\t\t\t\t\t\t\t<img decoding=\"async\" width=\"600\" height=\"450\" src=\"https:\/\/spanje-vakantiehuizen.com\/wp-content\/uploads\/2026\/01\/Arth38-F2.jpg\" class=\"attachment-large size-large wp-image-1050\" alt=\"\" srcset=\"https:\/\/spanje-vakantiehuizen.com\/wp-content\/uploads\/2026\/01\/Arth38-F2.jpg 600w, https:\/\/spanje-vakantiehuizen.com\/wp-content\/uploads\/2026\/01\/Arth38-F2-300x225.jpg 300w\" sizes=\"(max-width: 600px) 100vw, 600px\" \/>\t\t\t\t\t\t\t\t\t\t\t\t\t\t\t<\/div>\n\t\t\t\t<\/div>\n\t\t<div class=\"elementor-element elementor-element-dfa9ad5 e-con-full e-flex e-con e-child\" data-id=\"dfa9ad5\" data-element_type=\"container\" data-e-type=\"container\">\n\t\t\t\t<div class=\"elementor-element elementor-element-cda0a1b elementor-widget elementor-widget-text-editor\" data-id=\"cda0a1b\" data-element_type=\"widget\" data-e-type=\"widget\" data-widget_type=\"text-editor.default\">\n\t\t\t\t\t\t\t\t\t<p>Das Werk besteht aus<\/p><ul><li>Sogwirkung am Boden und m\u00f6glicherweise an den W\u00e4nden<\/li><li>Treppen und W\u00e4nde b\u00fcrsten<\/li><li>Testen Sie das Wasser regelm\u00e4\u00dfig auf Chlorgehalt und pH-Wert.<\/li><li>Chlortabletten hinzuf\u00fcgen (falls zutreffend)<\/li><li>Verhinderung der Algenbildung<\/li><li>Erg\u00e4nzung von Nahrungserg\u00e4nzungsmitteln bei unerwarteten \u00c4nderungen<\/li><li>Aufrechterhaltung des Wasserstands<\/li><li>Timerverwaltung, Laufzeit des Filters<\/li><li>Reinigung des Filters (R\u00fccksp\u00fclung) und Entfernen von Bl\u00e4ttern aus dem Motorfilter<\/li><\/ul><p>Der Austausch von Motoren, Filtern usw. ist gegen Aufpreis m\u00f6glich. Wir koordinieren und \u00fcberwachen den Austausch der Filterfliesen. Nach 5\u20137 Jahren empfiehlt es sich, das Glas (oder den Sand) in Ihrem Filter zu erneuern. Diese sorgf\u00e4ltige Arbeit wird von unseren Fachkr\u00e4ften durchgef\u00fchrt.   <\/p>\t\t\t\t\t\t\t\t<\/div>\n\t\t\t\t<\/div>\n\t\t\t\t\t<\/div>\n\t\t\t\t<\/div>\n\t\t<div class=\"elementor-element elementor-element-a342642 e-flex e-con-boxed e-con e-parent\" data-id=\"a342642\" data-element_type=\"container\" data-e-type=\"container\">\n\t\t\t\t\t<div class=\"e-con-inner\">\n\t\t\t\t<div class=\"elementor-element elementor-element-0c3f70b elementor-widget elementor-widget-text-editor\" data-id=\"0c3f70b\" data-element_type=\"widget\" data-e-type=\"widget\" data-widget_type=\"text-editor.default\">\n\t\t\t\t\t\t\t\t\t<p>Ihr Pool wird w\u00f6chentlich gewartet. Im Juli und August sowie bis zum 15. September kommen wir zweimal w\u00f6chentlich vorbei, um die optimale Pflege Ihres Pools zu gew\u00e4hrleisten. Arthedi ist zwischen Weihnachten und Neujahr geschlossen. An spanischen Feiertagen arbeiten wir weiterhin, sodass Ihr Pool wie geplant gewartet wird. Im Notfall sind wir schnell vor Ort. Befindet sich Ihr Pool in Cumbre del Sol, kontaktieren wir Sie gerne.     <\/p>\t\t\t\t\t\t\t\t<\/div>\n\t\t\t\t<div class=\"elementor-element elementor-element-0e17eca elementor-align-center elementor-widget elementor-widget-button\" data-id=\"0e17eca\" data-element_type=\"widget\" data-e-type=\"widget\" data-widget_type=\"button.default\">\n\t\t\t\t\t\t\t\t\t\t<a class=\"elementor-button elementor-button-link elementor-size-sm\" href=\"https:\/\/spanje-vakantiehuizen.com\/de\/kontakt\/\">\n\t\t\t\t\t\t<span class=\"elementor-button-content-wrapper\">\n\t\t\t\t\t\t\t\t\t<span class=\"elementor-button-text\">Kontaktieren Sie uns<\/span>\n\t\t\t\t\t<\/span>\n\t\t\t\t\t<\/a>\n\t\t\t\t\t\t\t\t<\/div>\n\t\t\t\t\t<\/div>\n\t\t\t\t<\/div>\n\t\t\t\t<\/div>\n\t\t","protected":false},"excerpt":{"rendered":"<p>Schwimmbadwartung Die Aufrechterhaltung einer optimalen Poolwasserqualit\u00e4t ist ein fortlaufender Prozess. Verschiedene Faktoren k\u00f6nnen die Wasserqualit\u00e4t beeinflussen. Wetterbedingungen, Jahreszeiten, Staub durch Renovierungsarbeiten usw. wirken sich ebenfalls aus. Auch die Nutzungsintensit\u00e4t des Pools kann Ver\u00e4nderungen hervorrufen. M\u00f6chten Sie mehr erfahren? Das Poolteam von Arthedi SL verf\u00fcgt \u00fcber mehr als 28 Jahre Erfahrung mit Chlor- und Salzwasserpools. Wir [&hellip;]<\/p>\n","protected":false},"author":2,"featured_media":0,"parent":0,"menu_order":0,"comment_status":"closed","ping_status":"closed","template":"","meta":{"footnotes":""},"class_list":["post-1228","page","type-page","status-publish","hentry"],"_links":{"self":[{"href":"https:\/\/spanje-vakantiehuizen.com\/de\/wp-json\/wp\/v2\/pages\/1228","targetHints":{"allow":["GET"]}}],"collection":[{"href":"https:\/\/spanje-vakantiehuizen.com\/de\/wp-json\/wp\/v2\/pages"}],"about":[{"href":"https:\/\/spanje-vakantiehuizen.com\/de\/wp-json\/wp\/v2\/types\/page"}],"author":[{"embeddable":true,"href":"https:\/\/spanje-vakantiehuizen.com\/de\/wp-json\/wp\/v2\/users\/2"}],"replies":[{"embeddable":true,"href":"https:\/\/spanje-vakantiehuizen.com\/de\/wp-json\/wp\/v2\/comments?post=1228"}],"version-history":[{"count":2,"href":"https:\/\/spanje-vakantiehuizen.com\/de\/wp-json\/wp\/v2\/pages\/1228\/revisions"}],"predecessor-version":[{"id":1230,"href":"https:\/\/spanje-vakantiehuizen.com\/de\/wp-json\/wp\/v2\/pages\/1228\/revisions\/1230"}],"wp:attachment":[{"href":"https:\/\/spanje-vakantiehuizen.com\/de\/wp-json\/wp\/v2\/media?parent=1228"}],"curies":[{"name":"wp","href":"https:\/\/api.w.org\/{rel}","templated":true}]}}