{"id":1109,"date":"2025-12-05T10:47:34","date_gmt":"2025-12-05T10:47:34","guid":{"rendered":"https:\/\/spanje-vakantiehuizen.com\/servicio-de-ropa-de-cama\/"},"modified":"2026-01-30T13:08:12","modified_gmt":"2026-01-30T13:08:12","slug":"servicio-de-ropa-de-cama","status":"publish","type":"page","link":"https:\/\/spanje-vakantiehuizen.com\/es\/servicio-de-ropa-de-cama\/","title":{"rendered":"Servicio de ropa de cama"},"content":{"rendered":"\t\t<div data-elementor-type=\"wp-page\" data-elementor-id=\"1109\" class=\"elementor elementor-1109 elementor-416\" data-elementor-post-type=\"page\">\n\t\t\t\t<div class=\"elementor-element elementor-element-3611a4c e-flex e-con-boxed e-con e-parent\" data-id=\"3611a4c\" data-element_type=\"container\" data-e-type=\"container\">\n\t\t\t\t\t<div class=\"e-con-inner\">\n\t\t\t\t<div class=\"elementor-element elementor-element-41c6aa9 elementor-widget elementor-widget-heading\" data-id=\"41c6aa9\" data-element_type=\"widget\" data-e-type=\"widget\" data-widget_type=\"heading.default\">\n\t\t\t\t\t<h2 class=\"elementor-heading-title elementor-size-default\">Servicio de ropa de cama<\/h2>\t\t\t\t<\/div>\n\t\t\t\t\t<\/div>\n\t\t\t\t<\/div>\n\t\t<div class=\"elementor-element elementor-element-4824744 e-flex e-con-boxed e-con e-parent\" data-id=\"4824744\" data-element_type=\"container\" data-e-type=\"container\">\n\t\t\t\t\t<div class=\"e-con-inner\">\n\t\t<div class=\"elementor-element elementor-element-2619dec e-con-full e-flex e-con e-child\" data-id=\"2619dec\" data-element_type=\"container\" data-e-type=\"container\">\n\t\t\t\t<div class=\"elementor-element elementor-element-481aa7f elementor-widget elementor-widget-image\" data-id=\"481aa7f\" data-element_type=\"widget\" data-e-type=\"widget\" data-widget_type=\"image.default\">\n\t\t\t\t\t\t\t\t\t\t\t\t\t\t\t<img fetchpriority=\"high\" decoding=\"async\" width=\"450\" height=\"425\" src=\"https:\/\/spanje-vakantiehuizen.com\/wp-content\/uploads\/2025\/12\/Handdoeken.png\" class=\"attachment-large size-large wp-image-1108\" alt=\"Servicio de ropa blanca Cumbre del Sol\" srcset=\"https:\/\/spanje-vakantiehuizen.com\/wp-content\/uploads\/2025\/12\/Handdoeken.png 450w, https:\/\/spanje-vakantiehuizen.com\/wp-content\/uploads\/2025\/12\/Handdoeken-300x283.png 300w\" sizes=\"(max-width: 450px) 100vw, 450px\" \/>\t\t\t\t\t\t\t\t\t\t\t\t\t\t\t<\/div>\n\t\t\t\t<\/div>\n\t\t<div class=\"elementor-element elementor-element-905a1ec e-con-full e-flex e-con e-child\" data-id=\"905a1ec\" data-element_type=\"container\" data-e-type=\"container\">\n\t\t\t\t<div class=\"elementor-element elementor-element-ae7a5c9 elementor-widget elementor-widget-text-editor\" data-id=\"ae7a5c9\" data-element_type=\"widget\" data-e-type=\"widget\" data-widget_type=\"text-editor.default\">\n\t\t\t\t\t\t\t\t\t<p>Para las casas alquiladas a trav\u00e9s de Arthedi SL, tambi\u00e9n ofrecemos servicio de ropa de cama. No importa cu\u00e1ntas personas se alojen, el tama\u00f1o de la cama ni cu\u00e1ntos ba\u00f1os tengan. Arthedi proporciona s\u00e1banas planchadas, las combina a la perfecci\u00f3n con el estilo de la habitaci\u00f3n e incluye pa\u00f1os de cocina, trapos de cocina y bayetas. \u00a1Y s\u00ed, las toallas (4 por persona) son incre\u00edblemente suaves!   <\/p>\t\t\t\t\t\t\t\t<\/div>\n\t\t\t\t<div class=\"elementor-element elementor-element-57fc005 elementor-align-center elementor-widget elementor-widget-button\" data-id=\"57fc005\" data-element_type=\"widget\" data-e-type=\"widget\" data-widget_type=\"button.default\">\n\t\t\t\t\t\t\t\t\t\t<a class=\"elementor-button elementor-button-link elementor-size-sm\" href=\"https:\/\/spanje-vakantiehuizen.com\/es\/contacto\/\">\n\t\t\t\t\t\t<span class=\"elementor-button-content-wrapper\">\n\t\t\t\t\t\t\t\t\t<span class=\"elementor-button-text\">M\u00e1s informaci\u00f3n<\/span>\n\t\t\t\t\t<\/span>\n\t\t\t\t\t<\/a>\n\t\t\t\t\t\t\t\t<\/div>\n\t\t\t\t<\/div>\n\t\t\t\t\t<\/div>\n\t\t\t\t<\/div>\n\t\t\t\t<\/div>\n\t\t","protected":false},"excerpt":{"rendered":"<p>Servicio de ropa de cama Para las casas alquiladas a trav\u00e9s de Arthedi SL, tambi\u00e9n ofrecemos servicio de ropa de cama. No importa cu\u00e1ntas personas se alojen, el tama\u00f1o de la cama ni cu\u00e1ntos ba\u00f1os tengan. Arthedi proporciona s\u00e1banas planchadas, las combina a la perfecci\u00f3n con el estilo de la habitaci\u00f3n e incluye pa\u00f1os de [&hellip;]<\/p>\n","protected":false},"author":2,"featured_media":0,"parent":0,"menu_order":0,"comment_status":"closed","ping_status":"closed","template":"","meta":{"footnotes":""},"class_list":["post-1109","page","type-page","status-publish","hentry"],"_links":{"self":[{"href":"https:\/\/spanje-vakantiehuizen.com\/es\/wp-json\/wp\/v2\/pages\/1109","targetHints":{"allow":["GET"]}}],"collection":[{"href":"https:\/\/spanje-vakantiehuizen.com\/es\/wp-json\/wp\/v2\/pages"}],"about":[{"href":"https:\/\/spanje-vakantiehuizen.com\/es\/wp-json\/wp\/v2\/types\/page"}],"author":[{"embeddable":true,"href":"https:\/\/spanje-vakantiehuizen.com\/es\/wp-json\/wp\/v2\/users\/2"}],"replies":[{"embeddable":true,"href":"https:\/\/spanje-vakantiehuizen.com\/es\/wp-json\/wp\/v2\/comments?post=1109"}],"version-history":[{"count":1,"href":"https:\/\/spanje-vakantiehuizen.com\/es\/wp-json\/wp\/v2\/pages\/1109\/revisions"}],"predecessor-version":[{"id":1110,"href":"https:\/\/spanje-vakantiehuizen.com\/es\/wp-json\/wp\/v2\/pages\/1109\/revisions\/1110"}],"wp:attachment":[{"href":"https:\/\/spanje-vakantiehuizen.com\/es\/wp-json\/wp\/v2\/media?parent=1109"}],"curies":[{"name":"wp","href":"https:\/\/api.w.org\/{rel}","templated":true}]}}