{"id":1115,"date":"2025-11-18T11:37:12","date_gmt":"2025-11-18T11:37:12","guid":{"rendered":"https:\/\/spanje-vakantiehuizen.com\/sobre-nosotros\/"},"modified":"2026-01-30T14:35:00","modified_gmt":"2026-01-30T14:35:00","slug":"sobre-nosotros","status":"publish","type":"page","link":"https:\/\/spanje-vakantiehuizen.com\/es\/sobre-nosotros\/","title":{"rendered":"Sobre nosotros"},"content":{"rendered":"\t\t<div data-elementor-type=\"wp-page\" data-elementor-id=\"1115\" class=\"elementor elementor-1115 elementor-35\" data-elementor-post-type=\"page\">\n\t\t\t\t<div class=\"elementor-element elementor-element-71b4f355 e-flex e-con-boxed e-con e-parent\" data-id=\"71b4f355\" data-element_type=\"container\" data-e-type=\"container\">\n\t\t\t\t\t<div class=\"e-con-inner\">\n\t\t<div class=\"elementor-element elementor-element-46a54fec e-con-full e-flex e-con e-child\" data-id=\"46a54fec\" data-element_type=\"container\" data-e-type=\"container\" data-settings=\"{&quot;background_background&quot;:&quot;classic&quot;}\">\n\t\t\t\t<div class=\"elementor-element elementor-element-e4b2ee2 elementor-widget elementor-widget-heading\" data-id=\"e4b2ee2\" data-element_type=\"widget\" data-e-type=\"widget\" data-widget_type=\"heading.default\">\n\t\t\t\t\t<h2 class=\"elementor-heading-title elementor-size-default\">\u00bfQuienes somos?<\/h2>\t\t\t\t<\/div>\n\t\t\t\t<div class=\"elementor-element elementor-element-fd38025 elementor-widget elementor-widget-text-editor\" data-id=\"fd38025\" data-element_type=\"widget\" data-e-type=\"widget\" data-widget_type=\"text-editor.default\">\n\t\t\t\t\t\t\t\t\t<p>Arthedi SL cuenta con 28 a\u00f1os de experiencia en la gesti\u00f3n inmobiliaria de viviendas en Cumbre del Sol La gesti\u00f3n de propiedades incluye: alquiler de casas de vacaciones, mantenimiento de piscinas, custodia de llaves, mantenimiento de jardines y servicios de limpieza. Tanto los turistas como los propietarios encontrar\u00e1n el lugar adecuado en Arthedi SL.<\/p><p>Ser propietario de una segunda vivienda en Espa\u00f1a implica trabajo y mantenimiento. Si est\u00e1s de vacaciones en la Costa Blanca querr\u00e1s una casa adecuada y naturalmente limpia. El equipo de Arthedi SL tiene la experiencia y la pasi\u00f3n para brindar el 100% de los servicios y trabajos tanto para propietarios como para visitantes de Cumbre del Sol.<\/p><p>La aventura comenz\u00f3 en 1997. Con el sue\u00f1o de emprender un negocio en Cumbre del Sol, nace Arthedi SL en el siglo pasado. Los contornos de la empresa pronto quedaron claros y se contrataron a los primeros empleados. Colegas con experiencia en trabajos de instalaci\u00f3n, ingenier\u00eda el\u00e9ctrica y pintura, as\u00ed como limpieza. Con la llegada de muchos nuevos propietarios a finales del siglo pasado y en los a\u00f1os 2000, Arthedi creci\u00f3 y pronto se pudo hablar de un equipo..<\/p><p>El mantenimiento de piscinas ha sido una parte integral de los servicios de Arthedi desde el principio. Actualmente, tres empleados se encuentran limpiando activamente las piscinas. Su conocimiento garantiza que tanto las piscinas de cloro como las de agua salada est\u00e9n en \u00f3ptimas condiciones.<\/p><p>Todos los equipos trabajan exclusivamente en Cumbre del Sol, tanto para el mantenimiento como para la limpieza. El alquiler de casas vacacionales de lujo tambi\u00e9n se centra en Cumbre del Sol. Ook voor de verhuur van luxe vakantiehuizen ligt de concentratie op Cumbre del Sol.<\/p><p>Arthedi SL atiende a m\u00e1s de 150 propietarios de viviendas. Hablamos espa\u00f1ol, ingl\u00e9s, alem\u00e1n y holand\u00e9s. En resumen, nuestra base de clientes est\u00e1 formada por todas las nacionalidades. <\/p>\t\t\t\t\t\t\t\t<\/div>\n\t\t\t\t<\/div>\n\t\t\t\t\t<\/div>\n\t\t\t\t<\/div>\n\t\t<div class=\"elementor-element elementor-element-cc4e1e6 e-flex e-con-boxed e-con e-parent\" data-id=\"cc4e1e6\" data-element_type=\"container\" data-e-type=\"container\">\n\t\t\t\t\t<div class=\"e-con-inner\">\n\t\t\t\t<div class=\"elementor-element elementor-element-b879aa4 elementor-widget elementor-widget-image\" data-id=\"b879aa4\" data-element_type=\"widget\" data-e-type=\"widget\" data-widget_type=\"image.default\">\n\t\t\t\t\t\t\t\t\t\t\t\t\t\t\t<img fetchpriority=\"high\" decoding=\"async\" width=\"800\" height=\"535\" src=\"https:\/\/spanje-vakantiehuizen.com\/wp-content\/uploads\/2025\/11\/DSC_0004-1024x685.jpg\" class=\"attachment-large size-large wp-image-1111\" alt=\"\" srcset=\"https:\/\/spanje-vakantiehuizen.com\/wp-content\/uploads\/2025\/11\/DSC_0004-1024x685.jpg 1024w, https:\/\/spanje-vakantiehuizen.com\/wp-content\/uploads\/2025\/11\/DSC_0004-300x201.jpg 300w, https:\/\/spanje-vakantiehuizen.com\/wp-content\/uploads\/2025\/11\/DSC_0004-768x514.jpg 768w, https:\/\/spanje-vakantiehuizen.com\/wp-content\/uploads\/2025\/11\/DSC_0004-1536x1028.jpg 1536w, https:\/\/spanje-vakantiehuizen.com\/wp-content\/uploads\/2025\/11\/DSC_0004-2048x1371.jpg 2048w\" sizes=\"(max-width: 800px) 100vw, 800px\" \/>\t\t\t\t\t\t\t\t\t\t\t\t\t\t\t<\/div>\n\t\t\t\t\t<\/div>\n\t\t\t\t<\/div>\n\t\t<div class=\"elementor-element elementor-element-6467b494 e-flex e-con-boxed e-con e-parent\" data-id=\"6467b494\" data-element_type=\"container\" data-e-type=\"container\">\n\t\t\t\t\t<div class=\"e-con-inner\">\n\t\t\t\t<div class=\"elementor-element elementor-element-5fafacda elementor-widget elementor-widget-cta\" data-id=\"5fafacda\" data-element_type=\"widget\" data-e-type=\"widget\" data-settings=\"{&quot;primary_button_shape&quot;:&quot;round&quot;,&quot;layout_preset&quot;:&quot;streamline&quot;,&quot;content_alignment&quot;:&quot;center&quot;,&quot;content_alignment_tablet&quot;:&quot;center&quot;,&quot;content_alignment_mobile&quot;:&quot;center&quot;,&quot;cta_width&quot;:&quot;default&quot;,&quot;cta_position&quot;:&quot;default&quot;,&quot;box_shape&quot;:&quot;sharp&quot;}\" data-widget_type=\"cta.default\">\n\t\t\t\t<div class=\"elementor-widget-container\">\n\t\t\t\t\t\t\t<div class=\"has-shape-sharp shape-type-box ehp-cta has-preset-streamline\">\n\t\t\t<div class=\"ehp-cta__overlay\"><\/div>\n\t\t\t<div class=\"ehp-cta__elements-container\">\n\t\t\t\t\t\t<div class=\"ehp-cta__text-container\">\n\t\t\t<h2 class=\"ehp-cta__heading\">Su socio de confianza en Cumbre del Sol durante m\u00e1s de 25 a\u00f1os<\/h2><p class=\"ehp-cta__description\">\u00bfC\u00f3mo podemos ayudarle?<\/p>\t\t<\/div>\n\t\t\t\t\t<div class=\"ehp-cta__ctas-container has-cta-width-default\">\n\t\t\t\t<div class=\"ehp-cta__buttons-wrapper\">\n\t\t\t\t\t\t\t<a class=\"has-shape-round shape-type-button ehp-button ehp-button--primary ehp-cta__button ehp-cta__button--primary is-type-button\" href=\"https:\/\/library.elementor.com\/adventure-travels-and-guided-tours-hp\/destinations\/\">\n\t\t\t\t\t<span class=\"ehp-button__text ehp-cta__button-text ehp-cta__button-text--primary\">\n\t\t\tContacto\t\t\t\t<\/a>\n\t\t\t\t\t\t\t\t\t\t\t<\/div>\n\t\t\t<\/div>\n\t\t\t\t\t<\/div>\n\t\t<\/div>\n\t\t\t\t\t\t<\/div>\n\t\t\t\t<\/div>\n\t\t\t\t\t<\/div>\n\t\t\t\t<\/div>\n\t\t<div class=\"elementor-element elementor-element-5da48115 e-flex e-con-boxed e-con e-parent\" data-id=\"5da48115\" data-element_type=\"container\" data-e-type=\"container\">\n\t\t\t\t\t<div class=\"e-con-inner\">\n\t\t<div class=\"elementor-element elementor-element-4d6beb40 e-con-full e-flex e-con e-child\" data-id=\"4d6beb40\" data-element_type=\"container\" data-e-type=\"container\">\n\t\t\t\t<div class=\"elementor-element elementor-element-5def37eb elementor-widget elementor-widget-image\" data-id=\"5def37eb\" data-element_type=\"widget\" data-e-type=\"widget\" data-widget_type=\"image.default\">\n\t\t\t\t\t\t\t\t\t\t\t\t\t\t\t<img decoding=\"async\" width=\"1504\" height=\"1000\" src=\"https:\/\/spanje-vakantiehuizen.com\/wp-content\/uploads\/2026\/01\/DSC_0545.jpg\" class=\"attachment-1536x1536 size-1536x1536 wp-image-1112\" alt=\"\" srcset=\"https:\/\/spanje-vakantiehuizen.com\/wp-content\/uploads\/2026\/01\/DSC_0545.jpg 1504w, https:\/\/spanje-vakantiehuizen.com\/wp-content\/uploads\/2026\/01\/DSC_0545-300x199.jpg 300w, https:\/\/spanje-vakantiehuizen.com\/wp-content\/uploads\/2026\/01\/DSC_0545-1024x681.jpg 1024w, https:\/\/spanje-vakantiehuizen.com\/wp-content\/uploads\/2026\/01\/DSC_0545-768x511.jpg 768w\" sizes=\"(max-width: 1504px) 100vw, 1504px\" \/>\t\t\t\t\t\t\t\t\t\t\t\t\t\t\t<\/div>\n\t\t\t\t<\/div>\n\t\t<div class=\"elementor-element elementor-element-3ca42ebd e-con-full e-flex e-con e-child\" data-id=\"3ca42ebd\" data-element_type=\"container\" data-e-type=\"container\" data-settings=\"{&quot;background_background&quot;:&quot;classic&quot;}\">\n\t\t\t\t<div class=\"elementor-element elementor-element-163f6d56 elementor-widget elementor-widget-cta\" data-id=\"163f6d56\" data-element_type=\"widget\" data-e-type=\"widget\" data-settings=\"{&quot;layout_preset&quot;:&quot;streamline&quot;,&quot;primary_button_shape&quot;:&quot;round&quot;,&quot;content_alignment&quot;:&quot;center&quot;,&quot;content_alignment_tablet&quot;:&quot;center&quot;,&quot;content_alignment_mobile&quot;:&quot;center&quot;,&quot;cta_width&quot;:&quot;default&quot;,&quot;cta_position&quot;:&quot;default&quot;,&quot;box_shape&quot;:&quot;sharp&quot;}\" data-widget_type=\"cta.default\">\n\t\t\t\t<div class=\"elementor-widget-container\">\n\t\t\t\t\t\t\t<div class=\"has-shape-sharp shape-type-box ehp-cta has-preset-streamline\">\n\t\t\t<div class=\"ehp-cta__overlay\"><\/div>\n\t\t\t<div class=\"ehp-cta__elements-container\">\n\t\t\t\t\t\t<div class=\"ehp-cta__text-container\">\n\t\t\t<h2 class=\"ehp-cta__heading\">Nuestro objetivo<\/h2><p class=\"ehp-cta__description\">Arthedi SL se esfuerza por ofrecer una existencia sin preocupaciones a los propietarios de viviendas en Cumbre del Sol. Tanto en presencia como en ausencia en Espa\u00f1a. <\/p>\t\t<\/div>\n\t\t\t\t\t<div class=\"ehp-cta__ctas-container has-cta-width-default\">\n\t\t\t\t<div class=\"ehp-cta__buttons-wrapper\">\n\t\t\t\t\t\t\t\t\t\t\t\t\t\t<\/div>\n\t\t\t<\/div>\n\t\t\t\t\t<\/div>\n\t\t<\/div>\n\t\t\t\t\t\t<\/div>\n\t\t\t\t<\/div>\n\t\t\t\t<\/div>\n\t\t\t\t\t<\/div>\n\t\t\t\t<\/div>\n\t\t<div class=\"elementor-element elementor-element-70a45386 e-flex e-con-boxed e-con e-parent\" data-id=\"70a45386\" data-element_type=\"container\" data-e-type=\"container\" data-settings=\"{&quot;background_background&quot;:&quot;classic&quot;}\">\n\t\t\t\t\t<div class=\"e-con-inner\">\n\t\t\t\t<div class=\"elementor-element elementor-element-586a1d42 elementor-widget elementor-widget-cta\" data-id=\"586a1d42\" data-element_type=\"widget\" data-e-type=\"widget\" data-settings=\"{&quot;cta_vertical_position&quot;:&quot;end&quot;,&quot;primary_button_shape&quot;:&quot;round&quot;,&quot;layout_preset&quot;:&quot;focus&quot;,&quot;box_shape&quot;:&quot;sharp&quot;}\" data-widget_type=\"cta.default\">\n\t\t\t\t<div class=\"elementor-widget-container\">\n\t\t\t\t\t\t\t<div class=\"has-shape-sharp shape-type-box ehp-cta has-preset-focus\">\n\t\t\t<div class=\"ehp-cta__overlay\"><\/div>\n\t\t\t<div class=\"ehp-cta__elements-container\">\n\t\t\t\t\t\t<div class=\"ehp-cta__text-container\">\n\t\t\t<h2 class=\"ehp-cta__heading\">Seguridad, sin preocupaciones, confiable.<br><\/h2><p class=\"ehp-cta__description\">\u00bfYa tienes un socio para tu propiedad en Espa\u00f1a?<\/p>\t\t<\/div>\n\t\t\t\t\t<div class=\"ehp-cta__ctas-container\">\n\t\t\t\t<div class=\"ehp-cta__buttons-wrapper\">\n\t\t\t\t\t\t\t<a class=\"has-shape-round shape-type-button ehp-button ehp-button--primary ehp-cta__button ehp-cta__button--primary is-type-button\" href=\"https:\/\/library.elementor.com\/adventure-travels-and-guided-tours-hp\/contact\/\">\n\t\t\t\t\t<span class=\"ehp-button__text ehp-cta__button-text ehp-cta__button-text--primary\">\n\t\t\tPedir hora\t\t\t\t<\/a>\n\t\t\t\t\t\t\t\t\t\t\t<\/div>\n\t\t\t<\/div>\n\t\t\t\t\t<\/div>\n\t\t<\/div>\n\t\t\t\t\t\t<\/div>\n\t\t\t\t<\/div>\n\t\t\t\t<div class=\"elementor-element elementor-element-6c3043e4 elementor-widget elementor-widget-image-carousel\" data-id=\"6c3043e4\" data-element_type=\"widget\" data-e-type=\"widget\" data-settings=\"{&quot;slides_to_show&quot;:&quot;3&quot;,&quot;navigation&quot;:&quot;none&quot;,&quot;infinite&quot;:&quot;yes&quot;,&quot;speed&quot;:500,&quot;image_spacing_custom&quot;:{&quot;unit&quot;:&quot;px&quot;,&quot;size&quot;:20,&quot;sizes&quot;:[]},&quot;image_spacing_custom_tablet&quot;:{&quot;unit&quot;:&quot;px&quot;,&quot;size&quot;:&quot;&quot;,&quot;sizes&quot;:[]},&quot;image_spacing_custom_mobile&quot;:{&quot;unit&quot;:&quot;px&quot;,&quot;size&quot;:&quot;&quot;,&quot;sizes&quot;:[]}}\" data-widget_type=\"image-carousel.default\">\n\t\t\t\t\t\t\t<div class=\"elementor-image-carousel-wrapper swiper\" role=\"region\" aria-roledescription=\"carousel\" aria-label=\"Image Carousel\" dir=\"ltr\">\n\t\t\t<div class=\"elementor-image-carousel swiper-wrapper swiper-image-stretch\" aria-live=\"polite\">\n\t\t\t\t\t\t\t\t<div class=\"swiper-slide\" role=\"group\" aria-roledescription=\"slide\" aria-label=\"1 de 3\"><figure class=\"swiper-slide-inner\"><img decoding=\"async\" class=\"swiper-slide-image\" src=\"https:\/\/spanje-vakantiehuizen.com\/wp-content\/uploads\/2025\/11\/DSC_0001-1024x685.jpg\" alt=\"Costa Blanca\" \/><\/figure><\/div><div class=\"swiper-slide\" role=\"group\" aria-roledescription=\"slide\" aria-label=\"2 de 3\"><figure class=\"swiper-slide-inner\"><img decoding=\"async\" class=\"swiper-slide-image\" src=\"https:\/\/spanje-vakantiehuizen.com\/wp-content\/uploads\/2025\/11\/DSC_0003-scaled.jpg\" alt=\"Cumbre del Sol\" \/><\/figure><\/div><div class=\"swiper-slide\" role=\"group\" aria-roledescription=\"slide\" aria-label=\"3 de 3\"><figure class=\"swiper-slide-inner\"><img decoding=\"async\" class=\"swiper-slide-image\" src=\"https:\/\/spanje-vakantiehuizen.com\/wp-content\/uploads\/2025\/11\/DSC_0006-1024x685.jpg\" alt=\"Costa Blanca\" \/><\/figure><\/div>\t\t\t<\/div>\n\t\t\t\t\t\t\t\n\t\t\t\t\t\t\t\t\t<\/div>\n\t\t\t\t\t\t<\/div>\n\t\t\t\t\t<\/div>\n\t\t\t\t<\/div>\n\t\t\t\t<\/div>\n\t\t","protected":false},"excerpt":{"rendered":"<p>\u00bfQuienes somos? Arthedi SL cuenta con 28 a\u00f1os de experiencia en la gesti\u00f3n inmobiliaria de viviendas en Cumbre del Sol La gesti\u00f3n de propiedades incluye: alquiler de casas de vacaciones, mantenimiento de piscinas, custodia de llaves, mantenimiento de jardines y servicios de limpieza. Tanto los turistas como los propietarios encontrar\u00e1n el lugar adecuado en Arthedi [&hellip;]<\/p>\n","protected":false},"author":1,"featured_media":0,"parent":0,"menu_order":0,"comment_status":"closed","ping_status":"closed","template":"","meta":{"footnotes":""},"class_list":["post-1115","page","type-page","status-publish","hentry"],"_links":{"self":[{"href":"https:\/\/spanje-vakantiehuizen.com\/es\/wp-json\/wp\/v2\/pages\/1115","targetHints":{"allow":["GET"]}}],"collection":[{"href":"https:\/\/spanje-vakantiehuizen.com\/es\/wp-json\/wp\/v2\/pages"}],"about":[{"href":"https:\/\/spanje-vakantiehuizen.com\/es\/wp-json\/wp\/v2\/types\/page"}],"author":[{"embeddable":true,"href":"https:\/\/spanje-vakantiehuizen.com\/es\/wp-json\/wp\/v2\/users\/1"}],"replies":[{"embeddable":true,"href":"https:\/\/spanje-vakantiehuizen.com\/es\/wp-json\/wp\/v2\/comments?post=1115"}],"version-history":[{"count":1,"href":"https:\/\/spanje-vakantiehuizen.com\/es\/wp-json\/wp\/v2\/pages\/1115\/revisions"}],"predecessor-version":[{"id":1116,"href":"https:\/\/spanje-vakantiehuizen.com\/es\/wp-json\/wp\/v2\/pages\/1115\/revisions\/1116"}],"wp:attachment":[{"href":"https:\/\/spanje-vakantiehuizen.com\/es\/wp-json\/wp\/v2\/media?parent=1115"}],"curies":[{"name":"wp","href":"https:\/\/api.w.org\/{rel}","templated":true}]}}