{"id":1134,"date":"2025-12-05T10:31:12","date_gmt":"2025-12-05T10:31:12","guid":{"rendered":"https:\/\/spanje-vakantiehuizen.com\/mantenimiento-de-jardines\/"},"modified":"2026-02-06T07:10:25","modified_gmt":"2026-02-06T07:10:25","slug":"mantenimiento-de-jardines","status":"publish","type":"page","link":"https:\/\/spanje-vakantiehuizen.com\/es\/mantenimiento-de-jardines\/","title":{"rendered":"Mantenimiento de jardines"},"content":{"rendered":"\t\t<div data-elementor-type=\"wp-page\" data-elementor-id=\"1134\" class=\"elementor elementor-1134 elementor-405\" data-elementor-post-type=\"page\">\n\t\t\t\t<div class=\"elementor-element elementor-element-b9241dd e-flex e-con-boxed e-con e-parent\" data-id=\"b9241dd\" data-element_type=\"container\" data-e-type=\"container\">\n\t\t\t\t\t<div class=\"e-con-inner\">\n\t\t\t\t<div class=\"elementor-element elementor-element-ec4a87b elementor-widget elementor-widget-heading\" data-id=\"ec4a87b\" data-element_type=\"widget\" data-e-type=\"widget\" data-widget_type=\"heading.default\">\n\t\t\t\t\t<h2 class=\"elementor-heading-title elementor-size-default\">Mantenimiento de jardines<\/h2>\t\t\t\t<\/div>\n\t\t\t\t\t<\/div>\n\t\t\t\t<\/div>\n\t\t<div class=\"elementor-element elementor-element-6225c1c e-flex e-con-boxed e-con e-parent\" data-id=\"6225c1c\" data-element_type=\"container\" data-e-type=\"container\">\n\t\t\t\t\t<div class=\"e-con-inner\">\n\t\t<div class=\"elementor-element elementor-element-e27a38c e-con-full e-flex e-con e-child\" data-id=\"e27a38c\" data-element_type=\"container\" data-e-type=\"container\">\n\t\t\t\t<div class=\"elementor-element elementor-element-f526f70 elementor-widget elementor-widget-text-editor\" data-id=\"f526f70\" data-element_type=\"widget\" data-e-type=\"widget\" data-widget_type=\"text-editor.default\">\n\t\t\t\t\t\t\t\t\t<p>\u00bfLe resulta abrumador cuidar su jard\u00edn espa\u00f1ol? \u00bfO simplemente no tiene tiempo? Lo entendemos. El mantenimiento de jardines en Espa\u00f1a es un trabajo especializado. Y a menudo implica una tarea dif\u00edcil o desafiante. Arthedi SL mantiene los jardines en Cumbre del Sol, garantizando un riego adecuado, combatiendo el infame Picudo Rojo (escarabajo de las palmeras) y retirando los residuos. Podamos las palmeras con cuidado y en el momento oportuno.      <\/p>\t\t\t\t\t\t\t\t<\/div>\n\t\t\t\t<\/div>\n\t\t<div class=\"elementor-element elementor-element-77b3114 e-con-full e-flex e-con e-child\" data-id=\"77b3114\" data-element_type=\"container\" data-e-type=\"container\">\n\t\t\t\t<div class=\"elementor-element elementor-element-5f25449 elementor-widget elementor-widget-image\" data-id=\"5f25449\" data-element_type=\"widget\" data-e-type=\"widget\" data-widget_type=\"image.default\">\n\t\t\t\t\t\t\t\t\t\t\t\t\t\t\t<img decoding=\"async\" src=\"https:\/\/spanje-vakantiehuizen.com\/wp-content\/uploads\/2026\/01\/DSC03430-scaled.jpg\" title=\"\" alt=\"\" loading=\"lazy\" \/>\t\t\t\t\t\t\t\t\t\t\t\t\t\t\t<\/div>\n\t\t\t\t<\/div>\n\t\t\t\t\t<\/div>\n\t\t\t\t<\/div>\n\t\t<div class=\"elementor-element elementor-element-a596924 e-flex e-con-boxed e-con e-parent\" data-id=\"a596924\" data-element_type=\"container\" data-e-type=\"container\">\n\t\t\t\t\t<div class=\"e-con-inner\">\n\t\t\t\t<div class=\"elementor-element elementor-element-738b408 elementor-widget elementor-widget-heading\" data-id=\"738b408\" data-element_type=\"widget\" data-e-type=\"widget\" data-widget_type=\"heading.default\">\n\t\t\t\t\t<h2 class=\"elementor-heading-title elementor-size-default\">Jardines en Cumbre del Sol<\/h2>\t\t\t\t<\/div>\n\t\t\t\t<div class=\"elementor-element elementor-element-c123a8b elementor-align-center elementor-widget elementor-widget-button\" data-id=\"c123a8b\" data-element_type=\"widget\" data-e-type=\"widget\" data-widget_type=\"button.default\">\n\t\t\t\t\t\t\t\t\t\t<a class=\"elementor-button elementor-button-link elementor-size-sm\" href=\"https:\/\/spanje-vakantiehuizen.com\/es\/contacto\/\">\n\t\t\t\t\t\t<span class=\"elementor-button-content-wrapper\">\n\t\t\t\t\t\t\t\t\t<span class=\"elementor-button-text\">Presupuesto de mantenimiento de jardines<\/span>\n\t\t\t\t\t<\/span>\n\t\t\t\t\t<\/a>\n\t\t\t\t\t\t\t\t<\/div>\n\t\t\t\t\t<\/div>\n\t\t\t\t<\/div>\n\t\t<div class=\"elementor-element elementor-element-41ced4c e-flex e-con-boxed e-con e-parent\" data-id=\"41ced4c\" data-element_type=\"container\" data-e-type=\"container\">\n\t\t\t\t\t<div class=\"e-con-inner\">\n\t\t<div class=\"elementor-element elementor-element-9f70f94 e-con-full e-flex e-con e-child\" data-id=\"9f70f94\" data-element_type=\"container\" data-e-type=\"container\">\n\t\t\t\t<div class=\"elementor-element elementor-element-0b69673 elementor-widget elementor-widget-image\" data-id=\"0b69673\" data-element_type=\"widget\" data-e-type=\"widget\" data-widget_type=\"image.default\">\n\t\t\t\t\t\t\t\t\t\t\t\t\t\t\t<img fetchpriority=\"high\" decoding=\"async\" width=\"640\" height=\"480\" src=\"https:\/\/spanje-vakantiehuizen.com\/wp-content\/uploads\/2026\/01\/Arthedi-34-001.jpg\" class=\"attachment-large size-large wp-image-1133\" alt=\"\" srcset=\"https:\/\/spanje-vakantiehuizen.com\/wp-content\/uploads\/2026\/01\/Arthedi-34-001.jpg 640w, https:\/\/spanje-vakantiehuizen.com\/wp-content\/uploads\/2026\/01\/Arthedi-34-001-300x225.jpg 300w\" sizes=\"(max-width: 640px) 100vw, 640px\" \/>\t\t\t\t\t\t\t\t\t\t\t\t\t\t\t<\/div>\n\t\t\t\t<\/div>\n\t\t<div class=\"elementor-element elementor-element-fd2acc5 e-con-full e-flex e-con e-child\" data-id=\"fd2acc5\" data-element_type=\"container\" data-e-type=\"container\">\n\t\t\t\t<div class=\"elementor-element elementor-element-eaebd8b elementor-widget elementor-widget-text-editor\" data-id=\"eaebd8b\" data-element_type=\"widget\" data-e-type=\"widget\" data-widget_type=\"text-editor.default\">\n\t\t\t\t\t\t\t\t\t<p>El mantenimiento del jard\u00edn se realiza en consulta con los propietarios. Por lo tanto, ofrecemos contratos anuales (suscripciones) y tarifas por hora. Nuestro equipo de expertos sabe podar plantas y \u00e1rboles t\u00edpicos de los jardines espa\u00f1oles y trabaja con eficiencia y cuidado. Dado que la cantidad de residuos de jard\u00edn suele ser grande, tambi\u00e9n los eliminamos. Esto se hace generalmente con bolsas de escombros grandes y, ocasionalmente, con un contenedor. La eliminaci\u00f3n de residuos de jard\u00edn est\u00e1 incluida en el presupuesto.     <\/p>\t\t\t\t\t\t\t\t<\/div>\n\t\t\t\t<\/div>\n\t\t\t\t\t<\/div>\n\t\t\t\t<\/div>\n\t\t<div class=\"elementor-element elementor-element-0578bff e-flex e-con-boxed e-con e-parent\" data-id=\"0578bff\" data-element_type=\"container\" data-e-type=\"container\">\n\t\t\t\t\t<div class=\"e-con-inner\">\n\t\t\t\t<div class=\"elementor-element elementor-element-23daf20 elementor-widget elementor-widget-heading\" data-id=\"23daf20\" data-element_type=\"widget\" data-e-type=\"widget\" data-widget_type=\"heading.default\">\n\t\t\t\t\t<h2 class=\"elementor-heading-title elementor-size-default\">Construcci\u00f3n de jardines<\/h2>\t\t\t\t<\/div>\n\t\t\t\t\t<\/div>\n\t\t\t\t<\/div>\n\t\t<div class=\"elementor-element elementor-element-dad8296 e-flex e-con-boxed e-con e-parent\" data-id=\"dad8296\" data-element_type=\"container\" data-e-type=\"container\">\n\t\t\t\t\t<div class=\"e-con-inner\">\n\t\t<div class=\"elementor-element elementor-element-008223a e-con-full e-flex e-con e-child\" data-id=\"008223a\" data-element_type=\"container\" data-e-type=\"container\">\n\t\t\t\t<div class=\"elementor-element elementor-element-5c48c31 elementor-widget elementor-widget-text-editor\" data-id=\"5c48c31\" data-element_type=\"widget\" data-e-type=\"widget\" data-widget_type=\"text-editor.default\">\n\t\t\t\t\t\t\t\t\t<p>Plantar nuevas plantas forma parte del trabajo de nuestro equipo. Coordinamos el paisajismo de un jard\u00edn completo con nuestro paisajista colaborador. Esto incluye el dise\u00f1o del jard\u00edn, la plantaci\u00f3n de \u00e1rboles y la incorporaci\u00f3n de flora t\u00edpica mediterr\u00e1nea. Esto sin duda es \u00fatil en su ausencia.    <\/p>\t\t\t\t\t\t\t\t<\/div>\n\t\t\t\t<div class=\"elementor-element elementor-element-857428e elementor-align-left elementor-widget elementor-widget-button\" data-id=\"857428e\" data-element_type=\"widget\" data-e-type=\"widget\" data-widget_type=\"button.default\">\n\t\t\t\t\t\t\t\t\t\t<a class=\"elementor-button elementor-button-link elementor-size-sm\" href=\"https:\/\/spanje-vakantiehuizen.com\/es\/contacto\/\">\n\t\t\t\t\t\t<span class=\"elementor-button-content-wrapper\">\n\t\t\t\t\t\t\t\t\t<span class=\"elementor-button-text\">M\u00e1s informaci\u00f3n<\/span>\n\t\t\t\t\t<\/span>\n\t\t\t\t\t<\/a>\n\t\t\t\t\t\t\t\t<\/div>\n\t\t\t\t<\/div>\n\t\t<div class=\"elementor-element elementor-element-e9a1488 e-con-full e-flex e-con e-child\" data-id=\"e9a1488\" data-element_type=\"container\" data-e-type=\"container\">\n\t\t\t\t<div class=\"elementor-element elementor-element-4a7b609 elementor-widget elementor-widget-image\" data-id=\"4a7b609\" data-element_type=\"widget\" data-e-type=\"widget\" data-widget_type=\"image.default\">\n\t\t\t\t\t\t\t\t\t\t\t\t\t\t\t<img decoding=\"async\" width=\"800\" height=\"532\" src=\"https:\/\/spanje-vakantiehuizen.com\/wp-content\/uploads\/2026\/01\/DSC_0545-1024x681.jpg\" class=\"attachment-large size-large wp-image-1112\" alt=\"\" srcset=\"https:\/\/spanje-vakantiehuizen.com\/wp-content\/uploads\/2026\/01\/DSC_0545-1024x681.jpg 1024w, https:\/\/spanje-vakantiehuizen.com\/wp-content\/uploads\/2026\/01\/DSC_0545-300x199.jpg 300w, https:\/\/spanje-vakantiehuizen.com\/wp-content\/uploads\/2026\/01\/DSC_0545-768x511.jpg 768w, https:\/\/spanje-vakantiehuizen.com\/wp-content\/uploads\/2026\/01\/DSC_0545.jpg 1504w\" sizes=\"(max-width: 800px) 100vw, 800px\" \/>\t\t\t\t\t\t\t\t\t\t\t\t\t\t\t<\/div>\n\t\t\t\t<\/div>\n\t\t\t\t\t<\/div>\n\t\t\t\t<\/div>\n\t\t\t\t<\/div>\n\t\t","protected":false},"excerpt":{"rendered":"<p>Mantenimiento de jardines \u00bfLe resulta abrumador cuidar su jard\u00edn espa\u00f1ol? \u00bfO simplemente no tiene tiempo? Lo entendemos. El mantenimiento de jardines en Espa\u00f1a es un trabajo especializado. Y a menudo implica una tarea dif\u00edcil o desafiante. Arthedi SL mantiene los jardines en Cumbre del Sol, garantizando un riego adecuado, combatiendo el infame Picudo Rojo (escarabajo [&hellip;]<\/p>\n","protected":false},"author":2,"featured_media":0,"parent":0,"menu_order":0,"comment_status":"closed","ping_status":"closed","template":"","meta":{"footnotes":""},"class_list":["post-1134","page","type-page","status-publish","hentry"],"_links":{"self":[{"href":"https:\/\/spanje-vakantiehuizen.com\/es\/wp-json\/wp\/v2\/pages\/1134","targetHints":{"allow":["GET"]}}],"collection":[{"href":"https:\/\/spanje-vakantiehuizen.com\/es\/wp-json\/wp\/v2\/pages"}],"about":[{"href":"https:\/\/spanje-vakantiehuizen.com\/es\/wp-json\/wp\/v2\/types\/page"}],"author":[{"embeddable":true,"href":"https:\/\/spanje-vakantiehuizen.com\/es\/wp-json\/wp\/v2\/users\/2"}],"replies":[{"embeddable":true,"href":"https:\/\/spanje-vakantiehuizen.com\/es\/wp-json\/wp\/v2\/comments?post=1134"}],"version-history":[{"count":3,"href":"https:\/\/spanje-vakantiehuizen.com\/es\/wp-json\/wp\/v2\/pages\/1134\/revisions"}],"predecessor-version":[{"id":1264,"href":"https:\/\/spanje-vakantiehuizen.com\/es\/wp-json\/wp\/v2\/pages\/1134\/revisions\/1264"}],"wp:attachment":[{"href":"https:\/\/spanje-vakantiehuizen.com\/es\/wp-json\/wp\/v2\/media?parent=1134"}],"curies":[{"name":"wp","href":"https:\/\/api.w.org\/{rel}","templated":true}]}}