{"id":1154,"date":"2025-12-04T09:23:45","date_gmt":"2025-12-04T09:23:45","guid":{"rendered":"https:\/\/spanje-vakantiehuizen.com\/comprobacion-del-medidor-de-agua\/"},"modified":"2026-02-04T09:40:26","modified_gmt":"2026-02-04T09:40:26","slug":"comprobacion-del-medidor-de-agua","status":"publish","type":"page","link":"https:\/\/spanje-vakantiehuizen.com\/es\/comprobacion-del-medidor-de-agua\/","title":{"rendered":"Comprobaci\u00f3n del medidor de agua"},"content":{"rendered":"\t\t<div data-elementor-type=\"wp-page\" data-elementor-id=\"1154\" class=\"elementor elementor-1154 elementor-279\" data-elementor-post-type=\"page\">\n\t\t\t\t<div class=\"elementor-element elementor-element-515a68a e-flex e-con-boxed e-con e-parent\" data-id=\"515a68a\" data-element_type=\"container\" data-e-type=\"container\">\n\t\t\t\t\t<div class=\"e-con-inner\">\n\t\t\t\t<div class=\"elementor-element elementor-element-92be332 elementor-widget elementor-widget-heading\" data-id=\"92be332\" data-element_type=\"widget\" data-e-type=\"widget\" data-widget_type=\"heading.default\">\n\t\t\t\t\t<h2 class=\"elementor-heading-title elementor-size-default\">Comprobaci\u00f3n del medidor de agua<\/h2>\t\t\t\t<\/div>\n\t\t\t\t<div class=\"elementor-element elementor-element-13e4ae0 elementor-widget__width-initial elementor-widget-tablet__width-inherit elementor-widget elementor-widget-text-editor\" data-id=\"13e4ae0\" data-element_type=\"widget\" data-e-type=\"widget\" data-widget_type=\"text-editor.default\">\n\t\t\t\t\t\t\t\t\t<p>Si eres propietario de una vivienda y te ausentas durante un periodo prolongado, no querr\u00e1s enfrentarte a facturas de agua inesperadamente altas. Espa\u00f1a es Espa\u00f1a, y lamentablemente, es una realidad que las tuber\u00edas se rompen. Si se detectan demasiado tarde, los da\u00f1os suelen superar los mil euros.  <\/p>\t\t\t\t\t\t\t\t<\/div>\n\t\t\t\t\t<\/div>\n\t\t\t\t<\/div>\n\t\t<div class=\"elementor-element elementor-element-a8d6187 e-flex e-con-boxed e-con e-parent\" data-id=\"a8d6187\" data-element_type=\"container\" data-e-type=\"container\">\n\t\t\t\t\t<div class=\"e-con-inner\">\n\t\t<div class=\"elementor-element elementor-element-56be237 e-con-full e-flex e-con e-child\" data-id=\"56be237\" data-element_type=\"container\" data-e-type=\"container\">\n\t\t\t\t<div class=\"elementor-element elementor-element-c06dcf8 elementor-widget elementor-widget-image\" data-id=\"c06dcf8\" data-element_type=\"widget\" data-e-type=\"widget\" data-widget_type=\"image.default\">\n\t\t\t\t\t\t\t\t\t\t\t\t\t\t\t<img fetchpriority=\"high\" decoding=\"async\" width=\"437\" height=\"437\" src=\"https:\/\/spanje-vakantiehuizen.com\/wp-content\/uploads\/2025\/12\/stromendwater-2.png\" class=\"attachment-large size-large wp-image-1153\" alt=\"Waterschade\" srcset=\"https:\/\/spanje-vakantiehuizen.com\/wp-content\/uploads\/2025\/12\/stromendwater-2.png 437w, https:\/\/spanje-vakantiehuizen.com\/wp-content\/uploads\/2025\/12\/stromendwater-2-300x300.png 300w, https:\/\/spanje-vakantiehuizen.com\/wp-content\/uploads\/2025\/12\/stromendwater-2-150x150.png 150w\" sizes=\"(max-width: 437px) 100vw, 437px\" \/>\t\t\t\t\t\t\t\t\t\t\t\t\t\t\t<\/div>\n\t\t\t\t<\/div>\n\t\t<div class=\"elementor-element elementor-element-02ae211 e-con-full e-flex e-con e-child\" data-id=\"02ae211\" data-element_type=\"container\" data-e-type=\"container\">\n\t\t\t\t<div class=\"elementor-element elementor-element-f1360de elementor-widget elementor-widget-text-editor\" data-id=\"f1360de\" data-element_type=\"widget\" data-e-type=\"widget\" data-widget_type=\"text-editor.default\">\n\t\t\t\t\t\t\t\t\t<p>Arthedi SL revisa semanalmente las lecturas de los contadores de agua y el consumo de agua de los abonados. Esto nos permite detectar p\u00e9rdidas de agua a tiempo. Tomamos medidas y nos comunicamos con el propietario. Las comprobaciones se realizan semanalmente.    <\/p>\t\t\t\t\t\t\t\t<\/div>\n\t\t\t\t<\/div>\n\t\t\t\t\t<\/div>\n\t\t\t\t<\/div>\n\t\t<div class=\"elementor-element elementor-element-369469b e-con-full e-flex e-con e-parent\" data-id=\"369469b\" data-element_type=\"container\" data-e-type=\"container\">\n\t\t\t\t<div class=\"elementor-element elementor-element-ebcfe3e elementor-widget__width-initial elementor-widget elementor-widget-text-editor\" data-id=\"ebcfe3e\" data-element_type=\"widget\" data-e-type=\"widget\" data-widget_type=\"text-editor.default\">\n\t\t\t\t\t\t\t\t\t<p>La experiencia demuestra que las tuber\u00edas de agua instaladas recientemente en la Costa Blanca est\u00e1n sujetas al envejecimiento y al desgaste. Anteriormente se utilizaban conectores de pl\u00e1stico, pero ahora se han sustituido por lat\u00f3n. A menudo, falta el revestimiento de las tuber\u00edas, lo que provoca da\u00f1os prematuros. Las roturas en estas tuber\u00edas suelen provocar p\u00e9rdidas de agua y facturas elevadas. Revisar el contador de agua es una buena manera de detectar fugas a tiempo. \u00bfVive en la Cumbre y quiere saber qu\u00e9 podemos hacer por usted?     <\/p>\t\t\t\t\t\t\t\t<\/div>\n\t\t\t\t<div class=\"elementor-element elementor-element-8f10bd5 elementor-align-center elementor-widget elementor-widget-button\" data-id=\"8f10bd5\" data-element_type=\"widget\" data-e-type=\"widget\" data-widget_type=\"button.default\">\n\t\t\t\t\t\t\t\t\t\t<a class=\"elementor-button elementor-button-link elementor-size-sm\" href=\"https:\/\/spanje-vakantiehuizen.com\/es\/contacto\/\" id=\"\/contact\">\n\t\t\t\t\t\t<span class=\"elementor-button-content-wrapper\">\n\t\t\t\t\t\t\t\t\t<span class=\"elementor-button-text\">\u00bfCuales son las opciones?<\/span>\n\t\t\t\t\t<\/span>\n\t\t\t\t\t<\/a>\n\t\t\t\t\t\t\t\t<\/div>\n\t\t\t\t<\/div>\n\t\t\t\t<\/div>\n\t\t","protected":false},"excerpt":{"rendered":"<p>Comprobaci\u00f3n del medidor de agua Si eres propietario de una vivienda y te ausentas durante un periodo prolongado, no querr\u00e1s enfrentarte a facturas de agua inesperadamente altas. Espa\u00f1a es Espa\u00f1a, y lamentablemente, es una realidad que las tuber\u00edas se rompen. Si se detectan demasiado tarde, los da\u00f1os suelen superar los mil euros. Arthedi SL revisa [&hellip;]<\/p>\n","protected":false},"author":2,"featured_media":0,"parent":0,"menu_order":0,"comment_status":"closed","ping_status":"closed","template":"","meta":{"footnotes":""},"class_list":["post-1154","page","type-page","status-publish","hentry"],"_links":{"self":[{"href":"https:\/\/spanje-vakantiehuizen.com\/es\/wp-json\/wp\/v2\/pages\/1154","targetHints":{"allow":["GET"]}}],"collection":[{"href":"https:\/\/spanje-vakantiehuizen.com\/es\/wp-json\/wp\/v2\/pages"}],"about":[{"href":"https:\/\/spanje-vakantiehuizen.com\/es\/wp-json\/wp\/v2\/types\/page"}],"author":[{"embeddable":true,"href":"https:\/\/spanje-vakantiehuizen.com\/es\/wp-json\/wp\/v2\/users\/2"}],"replies":[{"embeddable":true,"href":"https:\/\/spanje-vakantiehuizen.com\/es\/wp-json\/wp\/v2\/comments?post=1154"}],"version-history":[{"count":1,"href":"https:\/\/spanje-vakantiehuizen.com\/es\/wp-json\/wp\/v2\/pages\/1154\/revisions"}],"predecessor-version":[{"id":1155,"href":"https:\/\/spanje-vakantiehuizen.com\/es\/wp-json\/wp\/v2\/pages\/1154\/revisions\/1155"}],"wp:attachment":[{"href":"https:\/\/spanje-vakantiehuizen.com\/es\/wp-json\/wp\/v2\/media?parent=1154"}],"curies":[{"name":"wp","href":"https:\/\/api.w.org\/{rel}","templated":true}]}}