{"id":1187,"date":"2025-12-05T09:54:40","date_gmt":"2025-12-05T09:54:40","guid":{"rendered":"https:\/\/spanje-vakantiehuizen.com\/titularidad-de-la-clave\/"},"modified":"2026-02-04T12:36:41","modified_gmt":"2026-02-04T12:36:41","slug":"titularidad-de-la-clave","status":"publish","type":"page","link":"https:\/\/spanje-vakantiehuizen.com\/es\/titularidad-de-la-clave\/","title":{"rendered":"Titularidad de la clave"},"content":{"rendered":"\t\t<div data-elementor-type=\"wp-page\" data-elementor-id=\"1187\" class=\"elementor elementor-1187 elementor-389\" data-elementor-post-type=\"page\">\n\t\t\t\t<div class=\"elementor-element elementor-element-090960c e-flex e-con-boxed e-con e-parent\" data-id=\"090960c\" data-element_type=\"container\" data-e-type=\"container\">\n\t\t\t\t\t<div class=\"e-con-inner\">\n\t\t\t\t<div class=\"elementor-element elementor-element-6d48e78 elementor-widget elementor-widget-heading\" data-id=\"6d48e78\" data-element_type=\"widget\" data-e-type=\"widget\" data-widget_type=\"heading.default\">\n\t\t\t\t\t<h2 class=\"elementor-heading-title elementor-size-default\">Titularidad de la clave<\/h2>\t\t\t\t<\/div>\n\t\t\t\t<div class=\"elementor-element elementor-element-4c2e30c elementor-widget elementor-widget-text-editor\" data-id=\"4c2e30c\" data-element_type=\"widget\" data-e-type=\"widget\" data-widget_type=\"text-editor.default\">\n\t\t\t\t\t\t\t\t\t\u00bfAlquilas tu casa en Cumbre del Sol, pero no est\u00e1s all\u00ed? Arthedi ofrece todos los servicios para garantizar que sus inquilinos sean bien recibidos.\t\t\t\t\t\t\t\t<\/div>\n\t\t\t\t\t<\/div>\n\t\t\t\t<\/div>\n\t\t<div class=\"elementor-element elementor-element-08f0857 e-flex e-con-boxed e-con e-parent\" data-id=\"08f0857\" data-element_type=\"container\" data-e-type=\"container\">\n\t\t\t\t\t<div class=\"e-con-inner\">\n\t\t<div class=\"elementor-element elementor-element-383b75c e-con-full e-flex e-con e-child\" data-id=\"383b75c\" data-element_type=\"container\" data-e-type=\"container\">\n\t\t\t\t<div class=\"elementor-element elementor-element-8bfb56a elementor-widget elementor-widget-image\" data-id=\"8bfb56a\" data-element_type=\"widget\" data-e-type=\"widget\" data-widget_type=\"image.default\">\n\t\t\t\t\t\t\t\t\t\t\t\t\t\t\t<img fetchpriority=\"high\" decoding=\"async\" width=\"639\" height=\"449\" src=\"https:\/\/spanje-vakantiehuizen.com\/wp-content\/uploads\/2025\/11\/Casa-4.jpg\" class=\"attachment-large size-large wp-image-1107\" alt=\"mantenimiento del jard\u00edn Cumbre del Sol\" srcset=\"https:\/\/spanje-vakantiehuizen.com\/wp-content\/uploads\/2025\/11\/Casa-4.jpg 639w, https:\/\/spanje-vakantiehuizen.com\/wp-content\/uploads\/2025\/11\/Casa-4-300x211.jpg 300w\" sizes=\"(max-width: 639px) 100vw, 639px\" \/>\t\t\t\t\t\t\t\t\t\t\t\t\t\t\t<\/div>\n\t\t\t\t<\/div>\n\t\t<div class=\"elementor-element elementor-element-20f4fd4 e-con-full e-flex e-con e-child\" data-id=\"20f4fd4\" data-element_type=\"container\" data-e-type=\"container\">\n\t\t\t\t<div class=\"elementor-element elementor-element-b4f082e elementor-widget elementor-widget-text-editor\" data-id=\"b4f082e\" data-element_type=\"widget\" data-e-type=\"widget\" data-widget_type=\"text-editor.default\">\n\t\t\t\t\t\t\t\t\t<p>Se recibe a los inquilinos y se entregan las llaves. Se cobrar\u00e1 un dep\u00f3sito, se organizar\u00e1 el registro de nombre\/pasaporte y se brindar\u00e1n las explicaciones necesarias dentro y alrededor de la casa. Arthedi tambi\u00e9n se encarga de la limpieza final. A menudo, la limpieza tambi\u00e9n se planifica antes de la llegada de los inquilinos, por ejemplo, despu\u00e9s del per\u00edodo en el que los propios propietarios han estado presentes.<\/p>\t\t\t\t\t\t\t\t<\/div>\n\t\t\t\t<\/div>\n\t\t\t\t\t<\/div>\n\t\t\t\t<\/div>\n\t\t<div class=\"elementor-element elementor-element-5853409 e-flex e-con-boxed e-con e-parent\" data-id=\"5853409\" data-element_type=\"container\" data-e-type=\"container\">\n\t\t\t\t\t<div class=\"e-con-inner\">\n\t\t\t\t<div class=\"elementor-element elementor-element-a76a94a elementor-widget elementor-widget-text-editor\" data-id=\"a76a94a\" data-element_type=\"widget\" data-e-type=\"widget\" data-widget_type=\"text-editor.default\">\n\t\t\t\t\t\t\t\t\t<p>Los inquilinos pueden indicar para cu\u00e1ntas personas se requiere ropa de cama.\nEl equipo de limpieza hace las camas y coloca las toallas de forma decorativa. <\/p>\t\t\t\t\t\t\t\t<\/div>\n\t\t\t\t\t<\/div>\n\t\t\t\t<\/div>\n\t\t<div class=\"elementor-element elementor-element-d5c749d e-flex e-con-boxed e-con e-parent\" data-id=\"d5c749d\" data-element_type=\"container\" data-e-type=\"container\">\n\t\t\t\t\t<div class=\"e-con-inner\">\n\t\t\t\t<div class=\"elementor-element elementor-element-5dd3764 elementor-align-center elementor-widget elementor-widget-button\" data-id=\"5dd3764\" data-element_type=\"widget\" data-e-type=\"widget\" data-widget_type=\"button.default\">\n\t\t\t\t\t\t\t\t\t\t<a class=\"elementor-button elementor-button-link elementor-size-sm\" href=\"https:\/\/spanje-vakantiehuizen.com\/es\/contacto\/\">\n\t\t\t\t\t\t<span class=\"elementor-button-content-wrapper\">\n\t\t\t\t\t\t\t\t\t<span class=\"elementor-button-text\">\u00bfQuieres saber m\u00e1s?<\/span>\n\t\t\t\t\t<\/span>\n\t\t\t\t\t<\/a>\n\t\t\t\t\t\t\t\t<\/div>\n\t\t\t\t\t<\/div>\n\t\t\t\t<\/div>\n\t\t\t\t<\/div>\n\t\t","protected":false},"excerpt":{"rendered":"<p>Titularidad de la clave \u00bfAlquilas tu casa en Cumbre del Sol, pero no est\u00e1s all\u00ed? Arthedi ofrece todos los servicios para garantizar que sus inquilinos sean bien recibidos. Se recibe a los inquilinos y se entregan las llaves. Se cobrar\u00e1 un dep\u00f3sito, se organizar\u00e1 el registro de nombre\/pasaporte y se brindar\u00e1n las explicaciones necesarias dentro [&hellip;]<\/p>\n","protected":false},"author":2,"featured_media":0,"parent":0,"menu_order":0,"comment_status":"closed","ping_status":"closed","template":"","meta":{"footnotes":""},"class_list":["post-1187","page","type-page","status-publish","hentry"],"_links":{"self":[{"href":"https:\/\/spanje-vakantiehuizen.com\/es\/wp-json\/wp\/v2\/pages\/1187","targetHints":{"allow":["GET"]}}],"collection":[{"href":"https:\/\/spanje-vakantiehuizen.com\/es\/wp-json\/wp\/v2\/pages"}],"about":[{"href":"https:\/\/spanje-vakantiehuizen.com\/es\/wp-json\/wp\/v2\/types\/page"}],"author":[{"embeddable":true,"href":"https:\/\/spanje-vakantiehuizen.com\/es\/wp-json\/wp\/v2\/users\/2"}],"replies":[{"embeddable":true,"href":"https:\/\/spanje-vakantiehuizen.com\/es\/wp-json\/wp\/v2\/comments?post=1187"}],"version-history":[{"count":3,"href":"https:\/\/spanje-vakantiehuizen.com\/es\/wp-json\/wp\/v2\/pages\/1187\/revisions"}],"predecessor-version":[{"id":1190,"href":"https:\/\/spanje-vakantiehuizen.com\/es\/wp-json\/wp\/v2\/pages\/1187\/revisions\/1190"}],"wp:attachment":[{"href":"https:\/\/spanje-vakantiehuizen.com\/es\/wp-json\/wp\/v2\/media?parent=1187"}],"curies":[{"name":"wp","href":"https:\/\/api.w.org\/{rel}","templated":true}]}}