{"id":1224,"date":"2025-11-26T13:55:26","date_gmt":"2025-11-26T13:55:26","guid":{"rendered":"https:\/\/spanje-vakantiehuizen.com\/mantenimiento-de-piscinas\/"},"modified":"2026-02-06T06:59:40","modified_gmt":"2026-02-06T06:59:40","slug":"mantenimiento-de-piscinas","status":"publish","type":"page","link":"https:\/\/spanje-vakantiehuizen.com\/es\/mantenimiento-de-piscinas\/","title":{"rendered":"Mantenimiento de piscinas"},"content":{"rendered":"\t\t<div data-elementor-type=\"wp-page\" data-elementor-id=\"1224\" class=\"elementor elementor-1224 elementor-213\" data-elementor-post-type=\"page\">\n\t\t\t\t<div class=\"elementor-element elementor-element-1f20a98 e-flex e-con-boxed e-con e-parent\" data-id=\"1f20a98\" data-element_type=\"container\" data-e-type=\"container\">\n\t\t\t\t\t<div class=\"e-con-inner\">\n\t\t\t\t<div class=\"elementor-element elementor-element-7629c51 elementor-widget elementor-widget-heading\" data-id=\"7629c51\" data-element_type=\"widget\" data-e-type=\"widget\" data-widget_type=\"heading.default\">\n\t\t\t\t\t<h2 class=\"elementor-heading-title elementor-size-default\">Mantenimiento de piscinas<\/h2>\t\t\t\t<\/div>\n\t\t\t\t<div class=\"elementor-element elementor-element-c854c8d elementor-widget elementor-widget-text-editor\" data-id=\"c854c8d\" data-element_type=\"widget\" data-e-type=\"widget\" data-widget_type=\"text-editor.default\">\n\t\t\t\t\t\t\t\t\t<p>Mantener una calidad \u00f3ptima del agua de la piscina es un proceso continuo. Diversos factores pueden afectarla. Las condiciones clim\u00e1ticas, las estaciones, el polvo de las renovaciones, etc., influyen en la calidad del agua. La intensidad del uso de la piscina tambi\u00e9n puede provocar cambios.   <\/p>\t\t\t\t\t\t\t\t<\/div>\n\t\t\t\t<div class=\"elementor-element elementor-element-78b3d57 elementor-widget elementor-widget-image\" data-id=\"78b3d57\" data-element_type=\"widget\" data-e-type=\"widget\" data-widget_type=\"image.default\">\n\t\t\t\t\t\t\t\t\t\t\t\t\t\t\t<img fetchpriority=\"high\" decoding=\"async\" width=\"677\" height=\"297\" src=\"https:\/\/spanje-vakantiehuizen.com\/wp-content\/uploads\/2025\/11\/ZZwembad04.png\" class=\"attachment-large size-large wp-image-1158\" alt=\"\" srcset=\"https:\/\/spanje-vakantiehuizen.com\/wp-content\/uploads\/2025\/11\/ZZwembad04.png 677w, https:\/\/spanje-vakantiehuizen.com\/wp-content\/uploads\/2025\/11\/ZZwembad04-300x132.png 300w\" sizes=\"(max-width: 677px) 100vw, 677px\" \/>\t\t\t\t\t\t\t\t\t\t\t\t\t\t\t<\/div>\n\t\t\t\t<div class=\"elementor-element elementor-element-2f28154 elementor-align-center elementor-widget elementor-widget-button\" data-id=\"2f28154\" data-element_type=\"widget\" data-e-type=\"widget\" data-widget_type=\"button.default\">\n\t\t\t\t\t\t\t\t\t\t<a class=\"elementor-button elementor-button-link elementor-size-sm\" href=\"https:\/\/spanje-vakantiehuizen.com\/es\/contacto\/\">\n\t\t\t\t\t\t<span class=\"elementor-button-content-wrapper\">\n\t\t\t\t\t\t\t\t\t<span class=\"elementor-button-text\">\u00bfQuieres saber m\u00e1s?<\/span>\n\t\t\t\t\t<\/span>\n\t\t\t\t\t<\/a>\n\t\t\t\t\t\t\t\t<\/div>\n\t\t\t\t\t<\/div>\n\t\t\t\t<\/div>\n\t\t<div class=\"elementor-element elementor-element-9be129d e-flex e-con-boxed e-con e-parent\" data-id=\"9be129d\" data-element_type=\"container\" data-e-type=\"container\">\n\t\t\t\t\t<div class=\"e-con-inner\">\n\t\t<div class=\"elementor-element elementor-element-0b0a48f e-con-full e-flex e-con e-child\" data-id=\"0b0a48f\" data-element_type=\"container\" data-e-type=\"container\">\n\t\t\t\t<div class=\"elementor-element elementor-element-b870d0c elementor-widget elementor-widget-text-editor\" data-id=\"b870d0c\" data-element_type=\"widget\" data-e-type=\"widget\" data-widget_type=\"text-editor.default\">\n\t\t\t\t\t\t\t\t\t<p><a href=\"#\">El equipo de piscinas de Arthedi SL<\/a> cuenta con m\u00e1s de 28 a\u00f1os de experiencia con piscinas de cloro y de agua salada. Las piscinas se aspiran, se cepillan y se realiza todo el mantenimiento necesario semanalmente, incluyendo la limpieza del filtro. Hacemos todo esto con previsi\u00f3n, considerando todos los factores. Analizamos cuidadosamente el agua y evaluamos los aditivos necesarios. Si tiene una piscina de agua salada con cloro, supervisamos el equipo y lo ajustamos seg\u00fan sea necesario.      <\/p>\t\t\t\t\t\t\t\t<\/div>\n\t\t\t\t<\/div>\n\t\t<div class=\"elementor-element elementor-element-39fefea e-con-full e-flex e-con e-child\" data-id=\"39fefea\" data-element_type=\"container\" data-e-type=\"container\">\n\t\t\t\t<div class=\"elementor-element elementor-element-d6c8d98 elementor-widget elementor-widget-image\" data-id=\"d6c8d98\" data-element_type=\"widget\" data-e-type=\"widget\" data-widget_type=\"image.default\">\n\t\t\t\t\t\t\t\t\t\t\t\t\t\t\t<img decoding=\"async\" width=\"800\" height=\"533\" src=\"https:\/\/spanje-vakantiehuizen.com\/wp-content\/uploads\/2026\/01\/Cumbre-del-Sol-pool-patio-view.jpg\" class=\"attachment-large size-large wp-image-1159\" alt=\"\" srcset=\"https:\/\/spanje-vakantiehuizen.com\/wp-content\/uploads\/2026\/01\/Cumbre-del-Sol-pool-patio-view.jpg 800w, https:\/\/spanje-vakantiehuizen.com\/wp-content\/uploads\/2026\/01\/Cumbre-del-Sol-pool-patio-view-300x200.jpg 300w, https:\/\/spanje-vakantiehuizen.com\/wp-content\/uploads\/2026\/01\/Cumbre-del-Sol-pool-patio-view-768x512.jpg 768w\" sizes=\"(max-width: 800px) 100vw, 800px\" \/>\t\t\t\t\t\t\t\t\t\t\t\t\t\t\t<\/div>\n\t\t\t\t<\/div>\n\t\t\t\t\t<\/div>\n\t\t\t\t<\/div>\n\t\t<div class=\"elementor-element elementor-element-fd0bcb6 e-flex e-con-boxed e-con e-parent\" data-id=\"fd0bcb6\" data-element_type=\"container\" data-e-type=\"container\">\n\t\t\t\t\t<div class=\"e-con-inner\">\n\t\t<div class=\"elementor-element elementor-element-d2487d4 e-con-full e-flex e-con e-child\" data-id=\"d2487d4\" data-element_type=\"container\" data-e-type=\"container\">\n\t\t\t\t<div class=\"elementor-element elementor-element-e20e525 elementor-widget elementor-widget-image\" data-id=\"e20e525\" data-element_type=\"widget\" data-e-type=\"widget\" data-widget_type=\"image.default\">\n\t\t\t\t\t\t\t\t\t\t\t\t\t\t\t<img decoding=\"async\" width=\"600\" height=\"450\" src=\"https:\/\/spanje-vakantiehuizen.com\/wp-content\/uploads\/2026\/01\/Arth38-F2.jpg\" class=\"attachment-large size-large wp-image-1125\" alt=\"\" srcset=\"https:\/\/spanje-vakantiehuizen.com\/wp-content\/uploads\/2026\/01\/Arth38-F2.jpg 600w, https:\/\/spanje-vakantiehuizen.com\/wp-content\/uploads\/2026\/01\/Arth38-F2-300x225.jpg 300w\" sizes=\"(max-width: 600px) 100vw, 600px\" \/>\t\t\t\t\t\t\t\t\t\t\t\t\t\t\t<\/div>\n\t\t\t\t<\/div>\n\t\t<div class=\"elementor-element elementor-element-dfa9ad5 e-con-full e-flex e-con e-child\" data-id=\"dfa9ad5\" data-element_type=\"container\" data-e-type=\"container\">\n\t\t\t\t<div class=\"elementor-element elementor-element-cda0a1b elementor-widget elementor-widget-text-editor\" data-id=\"cda0a1b\" data-element_type=\"widget\" data-e-type=\"widget\" data-widget_type=\"text-editor.default\">\n\t\t\t\t\t\t\t\t\t<p>La obra consta de:<\/p><ul><li>Succi\u00f3n del fondo y posiblemente de las paredes.<\/li><li>Cepillado de escaleras y paredes<\/li><li>Determinar agua para determinar el nivel de cloro y el nivel de pH peri\u00f3dicamente<\/li><li>Adici\u00f3n de pastillas de cloro (si corresponde)<\/li><li>Prevenci\u00f3n de la formaci\u00f3n de algas<\/li><li>A\u00f1adir suplementos en caso de cambios inesperados<\/li><li>Mantener el nivel del agua<\/li><li>Gesti\u00f3n del temporizador, duraci\u00f3n del tiempo de funcionamiento del filtro<\/li><li>Limpieza del filtro (retrolavado) y eliminaci\u00f3n de hojas del filtro del motor<\/li><\/ul><p>El reemplazo de motores, filtros, etc., tiene un costo adicional. Coordinamos y supervisamos el reemplazo de las baldosas. Despu\u00e9s de 5 a 7 a\u00f1os, conviene reemplazar el vidrio (o la arena) del filtro. Este meticuloso trabajo lo realiza nuestro personal experto.   <\/p>\t\t\t\t\t\t\t\t<\/div>\n\t\t\t\t<\/div>\n\t\t\t\t\t<\/div>\n\t\t\t\t<\/div>\n\t\t<div class=\"elementor-element elementor-element-a342642 e-flex e-con-boxed e-con e-parent\" data-id=\"a342642\" data-element_type=\"container\" data-e-type=\"container\">\n\t\t\t\t\t<div class=\"e-con-inner\">\n\t\t\t\t<div class=\"elementor-element elementor-element-0c3f70b elementor-widget elementor-widget-text-editor\" data-id=\"0c3f70b\" data-element_type=\"widget\" data-e-type=\"widget\" data-widget_type=\"text-editor.default\">\n\t\t\t\t\t\t\t\t\t<p>Su piscina recibir\u00e1 mantenimiento semanal. Durante julio y agosto, y hasta el 15 de septiembre, la visitaremos dos veces por semana para garantizar su perfecto mantenimiento. Arthedi permanecer\u00e1 cerrado entre Navidad y A\u00f1o Nuevo. Durante las vacaciones espa\u00f1olas, seguiremos trabajando, por lo que su piscina recibir\u00e1 el mantenimiento programado. En caso de emergencia, responderemos con rapidez. Si su piscina se encuentra en Cumbre del Sol, estaremos encantados de contactarle..     <\/p>\t\t\t\t\t\t\t\t<\/div>\n\t\t\t\t<div class=\"elementor-element elementor-element-0e17eca elementor-align-center elementor-widget elementor-widget-button\" data-id=\"0e17eca\" data-element_type=\"widget\" data-e-type=\"widget\" data-widget_type=\"button.default\">\n\t\t\t\t\t\t\t\t\t\t<a class=\"elementor-button elementor-button-link elementor-size-sm\" href=\"https:\/\/spanje-vakantiehuizen.com\/es\/contacto\/\">\n\t\t\t\t\t\t<span class=\"elementor-button-content-wrapper\">\n\t\t\t\t\t\t\t\t\t<span class=\"elementor-button-text\">Cont\u00e1ctenos<\/span>\n\t\t\t\t\t<\/span>\n\t\t\t\t\t<\/a>\n\t\t\t\t\t\t\t\t<\/div>\n\t\t\t\t\t<\/div>\n\t\t\t\t<\/div>\n\t\t\t\t<\/div>\n\t\t","protected":false},"excerpt":{"rendered":"<p>Mantenimiento de piscinas Mantener una calidad \u00f3ptima del agua de la piscina es un proceso continuo. Diversos factores pueden afectarla. Las condiciones clim\u00e1ticas, las estaciones, el polvo de las renovaciones, etc., influyen en la calidad del agua. La intensidad del uso de la piscina tambi\u00e9n puede provocar cambios. \u00bfQuieres saber m\u00e1s? El equipo de piscinas [&hellip;]<\/p>\n","protected":false},"author":2,"featured_media":0,"parent":0,"menu_order":0,"comment_status":"closed","ping_status":"closed","template":"","meta":{"footnotes":""},"class_list":["post-1224","page","type-page","status-publish","hentry"],"_links":{"self":[{"href":"https:\/\/spanje-vakantiehuizen.com\/es\/wp-json\/wp\/v2\/pages\/1224","targetHints":{"allow":["GET"]}}],"collection":[{"href":"https:\/\/spanje-vakantiehuizen.com\/es\/wp-json\/wp\/v2\/pages"}],"about":[{"href":"https:\/\/spanje-vakantiehuizen.com\/es\/wp-json\/wp\/v2\/types\/page"}],"author":[{"embeddable":true,"href":"https:\/\/spanje-vakantiehuizen.com\/es\/wp-json\/wp\/v2\/users\/2"}],"replies":[{"embeddable":true,"href":"https:\/\/spanje-vakantiehuizen.com\/es\/wp-json\/wp\/v2\/comments?post=1224"}],"version-history":[{"count":4,"href":"https:\/\/spanje-vakantiehuizen.com\/es\/wp-json\/wp\/v2\/pages\/1224\/revisions"}],"predecessor-version":[{"id":1260,"href":"https:\/\/spanje-vakantiehuizen.com\/es\/wp-json\/wp\/v2\/pages\/1224\/revisions\/1260"}],"wp:attachment":[{"href":"https:\/\/spanje-vakantiehuizen.com\/es\/wp-json\/wp\/v2\/media?parent=1224"}],"curies":[{"name":"wp","href":"https:\/\/api.w.org\/{rel}","templated":true}]}}