{"id":1003,"date":"2025-11-18T12:05:15","date_gmt":"2025-11-18T12:05:15","guid":{"rendered":"https:\/\/spanje-vakantiehuizen.com\/pour-les-locataires\/"},"modified":"2026-02-10T14:33:16","modified_gmt":"2026-02-10T14:33:16","slug":"pour-les-locataires","status":"publish","type":"page","link":"https:\/\/spanje-vakantiehuizen.com\/fr\/pour-les-locataires\/","title":{"rendered":"Pour les locataires"},"content":{"rendered":"\t\t<div data-elementor-type=\"wp-page\" data-elementor-id=\"1003\" class=\"elementor elementor-1003 elementor-82\" data-elementor-post-type=\"page\">\n\t\t\t\t<div class=\"elementor-element elementor-element-853a192 e-flex e-con-boxed e-con e-parent\" data-id=\"853a192\" data-element_type=\"container\" data-e-type=\"container\">\n\t\t\t\t\t<div class=\"e-con-inner\">\n\t\t\t\t<div class=\"elementor-element elementor-element-b102c9a elementor-widget elementor-widget-flex-hero\" data-id=\"b102c9a\" data-element_type=\"widget\" data-e-type=\"widget\" data-settings=\"{&quot;layout_preset&quot;:&quot;storytelling&quot;,&quot;primary_button_shape&quot;:&quot;round&quot;,&quot;image_shape&quot;:&quot;sharp&quot;,&quot;box_shape&quot;:&quot;sharp&quot;}\" data-widget_type=\"flex-hero.default\">\n\t\t\t\t<div class=\"elementor-widget-container\">\n\t\t\t\t\t\t\t<div class=\"has-shape-sharp shape-type-box ehp-flex-hero has-layout-preset-storytelling\">\n\t\t\t\t\t\t<div class=\"ehp-flex-hero__overlay\"><\/div>\n\t\t\t<div class=\"ehp-flex-hero__content-container\">\n\t\t\t\t<p class=\"ehp-flex-hero__intro\">Profitez de la Costa Blanca<\/p><h2 class=\"ehp-flex-hero__heading\">LOUER UNE MAISON DE VACANCES<\/h2>\t\t\t<div class=\"ehp-flex-hero__ctas-container\">\n\t\t\t\t\t\t\t\t\t\t\t<\/div>\n\t\t\t\t\t<\/div>\n\t\t\t\t<div class=\"ehp-flex-hero__image-wrapper\">\n\t\t\t\t<\/div>\n\t\t\t\t<\/div>\n\t\t\t\t\t\t<\/div>\n\t\t\t\t<\/div>\n\t\t\t\t\t<\/div>\n\t\t\t\t<\/div>\n\t\t<div class=\"elementor-element elementor-element-408fbca e-flex e-con-boxed e-con e-parent\" data-id=\"408fbca\" data-element_type=\"container\" data-e-type=\"container\">\n\t\t\t\t\t<div class=\"e-con-inner\">\n\t\t\t\t<div class=\"elementor-element elementor-element-68b1931 elementor-widget elementor-widget-flex-hero\" data-id=\"68b1931\" data-element_type=\"widget\" data-e-type=\"widget\" data-settings=\"{&quot;primary_button_shape&quot;:&quot;round&quot;,&quot;layout_image_position&quot;:&quot;start&quot;,&quot;layout_preset&quot;:&quot;showcase&quot;,&quot;layout_column_structure&quot;:&quot;50-50&quot;,&quot;image_shape&quot;:&quot;sharp&quot;,&quot;box_shape&quot;:&quot;sharp&quot;}\" data-widget_type=\"flex-hero.default\">\n\t\t\t\t<div class=\"elementor-widget-container\">\n\t\t\t\t\t\t\t<div class=\"has-shape-sharp shape-type-box has-column-structure-50-50  ehp-flex-hero has-layout-preset-showcase has-image-stretch has-image-position-start\">\n\t\t\t\t\t\t<div class=\"ehp-flex-hero__overlay\"><\/div>\n\t\t\t<div class=\"ehp-flex-hero__content-container\">\n\t\t\t\t<p class=\"ehp-flex-hero__intro\">Cumbre est le sommet de la c\u00f4te\n<\/p><h3 class=\"ehp-flex-hero__subheading\">Cumbre del Sol signifie litt\u00e9ralement \u00ab sommet du soleil \u00bb. Profiter du soleil avec vue sur la mer, c'est ce que Cumbre promet. Gr\u00e2ce \u00e0 ses nombreux miradors (points de vue), on peut admirer le lever et le coucher du soleil. Mais cette urbanisation est aussi r\u00e9put\u00e9e pour sa tranquillit\u00e9 et la magnifique plage de Calle de Moraig.   \n\n<\/h3>\t\t\t<div class=\"ehp-flex-hero__ctas-container\">\n\t\t\t\t\t\t<a class=\"has-shape-round shape-type-button ehp-button ehp-button--primary ehp-flex-hero__button ehp-flex-hero__button--primary is-type-button\" href=\"https:\/\/spanje-vakantiehuizen.com\/fr\/contact\/\">\n\t\t\t\t\t<span class=\"ehp-button__text ehp-flex-hero__button-text ehp-flex-hero__button-text--primary\">\n\t\t\tMaisons \u00e0 vendre\t\t\t\t<\/a>\n\t\t\t\t\t\t\t\t\t<\/div>\n\t\t\t\t\t<\/div>\n\t\t\t\t<div class=\"ehp-flex-hero__image-wrapper\">\n\t\t\t\t\t<div class=\"ehp-image ehp-flex-hero__image-container\">\n\t\t\t\t<img decoding=\"async\" class=\"ehp-image__img ehp-flex-hero__img has-shape-sharp shape-type-image\" src=\"https:\/\/spanje-vakantiehuizen.com\/wp-content\/uploads\/2026\/01\/DSC_0229.jpg\" title=\"DSC_0229\" alt=\"DSC_0229\" loading=\"lazy\" \/>\t\t\t<\/div>\n\t\t\t\t\t<\/div>\n\t\t\t\t<\/div>\n\t\t\t\t\t\t<\/div>\n\t\t\t\t<\/div>\n\t\t\t\t<div class=\"elementor-element elementor-element-2c4e460 elementor-widget elementor-widget-flex-hero\" data-id=\"2c4e460\" data-element_type=\"widget\" data-e-type=\"widget\" data-settings=\"{&quot;primary_button_shape&quot;:&quot;round&quot;,&quot;layout_image_position_mobile&quot;:&quot;start&quot;,&quot;layout_preset&quot;:&quot;showcase&quot;,&quot;layout_column_structure&quot;:&quot;50-50&quot;,&quot;layout_image_position&quot;:&quot;end&quot;,&quot;image_shape&quot;:&quot;sharp&quot;,&quot;box_shape&quot;:&quot;sharp&quot;}\" data-widget_type=\"flex-hero.default\">\n\t\t\t\t<div class=\"elementor-widget-container\">\n\t\t\t\t\t\t\t<div class=\"has-shape-sharp shape-type-box has-column-structure-50-50  ehp-flex-hero has-layout-preset-showcase has-image-stretch has-image-position-end has-image-position-sm-start\">\n\t\t\t\t\t\t<div class=\"ehp-flex-hero__overlay\"><\/div>\n\t\t\t<div class=\"ehp-flex-hero__content-container\">\n\t\t\t\t<p class=\"ehp-flex-hero__intro\">De 2 \u00e0 8 personnes\n<\/p><h3 class=\"ehp-flex-hero__subheading\">Arthedi SL g\u00e8re plusieurs maisons de vacances de luxe sur l'\u00eele de Cumbre del Sol. Que vous recherchiez une maison pour deux ou m\u00eame huit personnes, nous avons l'offre id\u00e9ale. La plupart des maisons disposent d'une piscine et offrent des vues imprenables. Pour des vacances ou un s\u00e9jour plus long, Arthedi est le choix parfait.   <\/h3>\t\t\t<div class=\"ehp-flex-hero__ctas-container\">\n\t\t\t\t\t\t<a class=\"has-shape-round shape-type-button ehp-button ehp-button--primary ehp-flex-hero__button ehp-flex-hero__button--primary is-type-button\" href=\"https:\/\/spanje-vakantiehuizen.com\/fr\/contact\/\">\n\t\t\t\t\t<span class=\"ehp-button__text ehp-flex-hero__button-text ehp-flex-hero__button-text--primary\">\n\t\t\tCliquez ici pour plus d&#039;informations\t\t\t\t<\/a>\n\t\t\t\t\t\t\t\t\t<\/div>\n\t\t\t\t\t<\/div>\n\t\t\t\t<div class=\"ehp-flex-hero__image-wrapper\">\n\t\t\t\t\t<div class=\"ehp-image ehp-flex-hero__image-container\">\n\t\t\t\t<img decoding=\"async\" class=\"ehp-image__img ehp-flex-hero__img has-shape-sharp shape-type-image\" src=\"https:\/\/spanje-vakantiehuizen.com\/wp-content\/uploads\/2026\/01\/DSC_0732.jpg\" title=\"DSC_0732\" alt=\"DSC_0732\" loading=\"lazy\" \/>\t\t\t<\/div>\n\t\t\t\t\t<\/div>\n\t\t\t\t<\/div>\n\t\t\t\t\t\t<\/div>\n\t\t\t\t<\/div>\n\t\t\t\t<div class=\"elementor-element elementor-element-a5f525c elementor-widget elementor-widget-flex-hero\" data-id=\"a5f525c\" data-element_type=\"widget\" data-e-type=\"widget\" data-settings=\"{&quot;primary_button_shape&quot;:&quot;round&quot;,&quot;layout_image_position&quot;:&quot;start&quot;,&quot;layout_preset&quot;:&quot;showcase&quot;,&quot;layout_column_structure&quot;:&quot;50-50&quot;,&quot;image_shape&quot;:&quot;sharp&quot;,&quot;box_shape&quot;:&quot;sharp&quot;}\" data-widget_type=\"flex-hero.default\">\n\t\t\t\t<div class=\"elementor-widget-container\">\n\t\t\t\t\t\t\t<div class=\"has-shape-sharp shape-type-box has-column-structure-50-50  ehp-flex-hero has-layout-preset-showcase has-image-stretch has-image-position-start\">\n\t\t\t\t\t\t<div class=\"ehp-flex-hero__overlay\"><\/div>\n\t\t\t<div class=\"ehp-flex-hero__content-container\">\n\t\t\t\t<p class=\"ehp-flex-hero__intro\">Profiter du soleil<\/p><h3 class=\"ehp-flex-hero__subheading\">Avec 300 jours de soleil par an sur la Costa Blanca, Cumbre del Sol est un endroit id\u00e9al pour passer vos vacances. Situ\u00e9 entre les deux lieux idylliques de Javea et Moraira, de nombreuses plages et attractions sont facilement accessibles en voiture. Malgr\u00e9 cela, Cumbre del Sol est un gage de tranquillit\u00e9. Envie de d\u00e9couvrir des maisons sur la Costa Blanca&nbsp;?   <\/h3>\t\t\t<div class=\"ehp-flex-hero__ctas-container\">\n\t\t\t\t\t\t<a class=\"has-shape-round shape-type-button ehp-button ehp-button--primary ehp-flex-hero__button ehp-flex-hero__button--primary is-type-button\" href=\"https:\/\/spanje-vakantiehuizen.com\/fr\/contact\/\">\n\t\t\t\t\t<span class=\"ehp-button__text ehp-flex-hero__button-text ehp-flex-hero__button-text--primary\">\n\t\t\tPlus d&#039;informations\t\t\t\t<\/a>\n\t\t\t\t\t\t\t\t\t<\/div>\n\t\t\t\t\t<\/div>\n\t\t\t\t<div class=\"ehp-flex-hero__image-wrapper\">\n\t\t\t\t\t<div class=\"ehp-image ehp-flex-hero__image-container\">\n\t\t\t\t<img decoding=\"async\" class=\"ehp-image__img ehp-flex-hero__img has-shape-sharp shape-type-image\" src=\"https:\/\/spanje-vakantiehuizen.com\/wp-content\/uploads\/2026\/01\/Arth47-F1.jpg\" title=\"Arth47-F1\" alt=\"Arth47-F1\" loading=\"lazy\" \/>\t\t\t<\/div>\n\t\t\t\t\t<\/div>\n\t\t\t\t<\/div>\n\t\t\t\t\t\t<\/div>\n\t\t\t\t<\/div>\n\t\t\t\t<div class=\"elementor-element elementor-element-01d6a31 elementor-widget elementor-widget-flex-hero\" data-id=\"01d6a31\" data-element_type=\"widget\" data-e-type=\"widget\" data-settings=\"{&quot;primary_button_shape&quot;:&quot;round&quot;,&quot;layout_image_position_mobile&quot;:&quot;start&quot;,&quot;layout_preset&quot;:&quot;showcase&quot;,&quot;layout_column_structure&quot;:&quot;50-50&quot;,&quot;layout_image_position&quot;:&quot;end&quot;,&quot;image_shape&quot;:&quot;sharp&quot;,&quot;box_shape&quot;:&quot;sharp&quot;}\" data-widget_type=\"flex-hero.default\">\n\t\t\t\t<div class=\"elementor-widget-container\">\n\t\t\t\t\t\t\t<div class=\"has-shape-sharp shape-type-box has-column-structure-50-50  ehp-flex-hero has-layout-preset-showcase has-image-stretch has-image-position-end has-image-position-sm-start\">\n\t\t\t\t\t\t<div class=\"ehp-flex-hero__overlay\"><\/div>\n\t\t\t<div class=\"ehp-flex-hero__content-container\">\n\t\t\t\t<p class=\"ehp-flex-hero__intro\">Pour une location longue dur\u00e9e ?\n<\/p><h3 class=\"ehp-flex-hero__subheading\">Nous proposons \u00e9galement une s\u00e9lection de maisons de vacances en location longue dur\u00e9e. Si vous envisagez de profiter de la vie sur la Costa pendant une p\u00e9riode prolong\u00e9e, n'h\u00e9sitez pas \u00e0 nous contacter pour conna\u00eetre les options et les conditions. \n\n<\/h3>\t\t\t<div class=\"ehp-flex-hero__ctas-container\">\n\t\t\t\t\t\t<a class=\"has-shape-round shape-type-button ehp-button ehp-button--primary ehp-flex-hero__button ehp-flex-hero__button--primary is-type-button\" href=\"https:\/\/spanje-vakantiehuizen.com\/fr\/contact\/\">\n\t\t\t\t\t<span class=\"ehp-button__text ehp-flex-hero__button-text ehp-flex-hero__button-text--primary\">\n\t\t\tCliquez ici pour plus d&#039;informations\t\t\t\t<\/a>\n\t\t\t\t\t\t\t\t\t<\/div>\n\t\t\t\t\t<\/div>\n\t\t\t\t<div class=\"ehp-flex-hero__image-wrapper\">\n\t\t\t\t\t<div class=\"ehp-image ehp-flex-hero__image-container\">\n\t\t\t\t<img decoding=\"async\" class=\"ehp-image__img ehp-flex-hero__img has-shape-sharp shape-type-image\" src=\"https:\/\/spanje-vakantiehuizen.com\/wp-content\/uploads\/2025\/11\/DSC_0034-scaled.jpg\" title=\"DSC_0034\" alt=\"DSC_0034\" loading=\"lazy\" \/>\t\t\t<\/div>\n\t\t\t\t\t<\/div>\n\t\t\t\t<\/div>\n\t\t\t\t\t\t<\/div>\n\t\t\t\t<\/div>\n\t\t\t\t\t<\/div>\n\t\t\t\t<\/div>\n\t\t\t\t<\/div>\n\t\t","protected":false},"excerpt":{"rendered":"<p>Profitez de la Costa Blanca LOUER UNE MAISON DE VACANCES Cumbre est le sommet de la c\u00f4te Cumbre del Sol signifie litt\u00e9ralement \u00ab sommet du soleil \u00bb. Profiter du soleil avec vue sur la mer, c&rsquo;est ce que Cumbre promet. Gr\u00e2ce \u00e0 ses nombreux miradors (points de vue), on peut admirer le lever et le [&hellip;]<\/p>\n","protected":false},"author":1,"featured_media":0,"parent":0,"menu_order":0,"comment_status":"closed","ping_status":"closed","template":"","meta":{"footnotes":""},"class_list":["post-1003","page","type-page","status-publish","hentry"],"_links":{"self":[{"href":"https:\/\/spanje-vakantiehuizen.com\/fr\/wp-json\/wp\/v2\/pages\/1003","targetHints":{"allow":["GET"]}}],"collection":[{"href":"https:\/\/spanje-vakantiehuizen.com\/fr\/wp-json\/wp\/v2\/pages"}],"about":[{"href":"https:\/\/spanje-vakantiehuizen.com\/fr\/wp-json\/wp\/v2\/types\/page"}],"author":[{"embeddable":true,"href":"https:\/\/spanje-vakantiehuizen.com\/fr\/wp-json\/wp\/v2\/users\/1"}],"replies":[{"embeddable":true,"href":"https:\/\/spanje-vakantiehuizen.com\/fr\/wp-json\/wp\/v2\/comments?post=1003"}],"version-history":[{"count":2,"href":"https:\/\/spanje-vakantiehuizen.com\/fr\/wp-json\/wp\/v2\/pages\/1003\/revisions"}],"predecessor-version":[{"id":1282,"href":"https:\/\/spanje-vakantiehuizen.com\/fr\/wp-json\/wp\/v2\/pages\/1003\/revisions\/1282"}],"wp:attachment":[{"href":"https:\/\/spanje-vakantiehuizen.com\/fr\/wp-json\/wp\/v2\/media?parent=1003"}],"curies":[{"name":"wp","href":"https:\/\/api.w.org\/{rel}","templated":true}]}}