{"id":1007,"date":"2025-12-04T09:23:45","date_gmt":"2025-12-04T09:23:45","guid":{"rendered":"https:\/\/spanje-vakantiehuizen.com\/verification-du-compteur-deau\/"},"modified":"2026-01-28T15:09:13","modified_gmt":"2026-01-28T15:09:13","slug":"verification-du-compteur-deau","status":"publish","type":"page","link":"https:\/\/spanje-vakantiehuizen.com\/fr\/verification-du-compteur-deau\/","title":{"rendered":"V\u00e9rification du compteur d&rsquo;eau"},"content":{"rendered":"\t\t<div data-elementor-type=\"wp-page\" data-elementor-id=\"1007\" class=\"elementor elementor-1007 elementor-279\" data-elementor-post-type=\"page\">\n\t\t\t\t<div class=\"elementor-element elementor-element-515a68a e-flex e-con-boxed e-con e-parent\" data-id=\"515a68a\" data-element_type=\"container\" data-e-type=\"container\">\n\t\t\t\t\t<div class=\"e-con-inner\">\n\t\t\t\t<div class=\"elementor-element elementor-element-92be332 elementor-widget elementor-widget-heading\" data-id=\"92be332\" data-element_type=\"widget\" data-e-type=\"widget\" data-widget_type=\"heading.default\">\n\t\t\t\t\t<h2 class=\"elementor-heading-title elementor-size-default\">V\u00e9rification du compteur d'eau<\/h2>\t\t\t\t<\/div>\n\t\t\t\t<div class=\"elementor-element elementor-element-13e4ae0 elementor-widget__width-initial elementor-widget-tablet__width-inherit elementor-widget elementor-widget-text-editor\" data-id=\"13e4ae0\" data-element_type=\"widget\" data-e-type=\"widget\" data-widget_type=\"text-editor.default\">\n\t\t\t\t\t\t\t\t\t<p>Si vous \u00eates propri\u00e9taire et que vous vous absentez longtemps, vous ne souhaitez certainement pas recevoir une facture d&rsquo;eau exorbitante. En Espagne, les canalisations d&rsquo;eau peuvent malheureusement se rompre. Si le probl\u00e8me est d\u00e9tect\u00e9 trop tard, les d\u00e9g\u00e2ts s&rsquo;\u00e9l\u00e8vent souvent \u00e0 plus de mille euros.  <\/p>\t\t\t\t\t\t\t\t<\/div>\n\t\t\t\t\t<\/div>\n\t\t\t\t<\/div>\n\t\t<div class=\"elementor-element elementor-element-a8d6187 e-flex e-con-boxed e-con e-parent\" data-id=\"a8d6187\" data-element_type=\"container\" data-e-type=\"container\">\n\t\t\t\t\t<div class=\"e-con-inner\">\n\t\t<div class=\"elementor-element elementor-element-56be237 e-con-full e-flex e-con e-child\" data-id=\"56be237\" data-element_type=\"container\" data-e-type=\"container\">\n\t\t\t\t<div class=\"elementor-element elementor-element-c06dcf8 elementor-widget elementor-widget-image\" data-id=\"c06dcf8\" data-element_type=\"widget\" data-e-type=\"widget\" data-widget_type=\"image.default\">\n\t\t\t\t\t\t\t\t\t\t\t\t\t\t\t<img fetchpriority=\"high\" decoding=\"async\" width=\"437\" height=\"437\" src=\"https:\/\/spanje-vakantiehuizen.com\/wp-content\/uploads\/2025\/12\/stromendwater-2.png\" class=\"attachment-large size-large wp-image-1006\" alt=\"D\u00e9g\u00e2ts des eaux\" srcset=\"https:\/\/spanje-vakantiehuizen.com\/wp-content\/uploads\/2025\/12\/stromendwater-2.png 437w, https:\/\/spanje-vakantiehuizen.com\/wp-content\/uploads\/2025\/12\/stromendwater-2-300x300.png 300w, https:\/\/spanje-vakantiehuizen.com\/wp-content\/uploads\/2025\/12\/stromendwater-2-150x150.png 150w\" sizes=\"(max-width: 437px) 100vw, 437px\" \/>\t\t\t\t\t\t\t\t\t\t\t\t\t\t\t<\/div>\n\t\t\t\t<\/div>\n\t\t<div class=\"elementor-element elementor-element-02ae211 e-con-full e-flex e-con e-child\" data-id=\"02ae211\" data-element_type=\"container\" data-e-type=\"container\">\n\t\t\t\t<div class=\"elementor-element elementor-element-f1360de elementor-widget elementor-widget-text-editor\" data-id=\"f1360de\" data-element_type=\"widget\" data-e-type=\"widget\" data-widget_type=\"text-editor.default\">\n\t\t\t\t\t\t\t\t\t<p>Arthedi SL effectue des relev\u00e9s de compteurs d&rsquo;eau et v\u00e9rifie la consommation de ses abonn\u00e9s chaque semaine. Cela nous permet de d\u00e9tecter rapidement les pertes d&rsquo;eau. Nous prenons les mesures n\u00e9cessaires et contactons le propri\u00e9taire. Les contr\u00f4les sont r\u00e9alis\u00e9s chaque semaine.    <\/p>\t\t\t\t\t\t\t\t<\/div>\n\t\t\t\t<\/div>\n\t\t\t\t\t<\/div>\n\t\t\t\t<\/div>\n\t\t<div class=\"elementor-element elementor-element-369469b e-con-full e-flex e-con e-parent\" data-id=\"369469b\" data-element_type=\"container\" data-e-type=\"container\">\n\t\t\t\t<div class=\"elementor-element elementor-element-ebcfe3e elementor-widget__width-initial elementor-widget elementor-widget-text-editor\" data-id=\"ebcfe3e\" data-element_type=\"widget\" data-e-type=\"widget\" data-widget_type=\"text-editor.default\">\n\t\t\t\t\t\t\t\t\t<p>L&rsquo;exp\u00e9rience montre que les canalisations d&rsquo;eau r\u00e9cemment install\u00e9es sur la Costa Blanca sont sujettes au vieillissement et \u00e0 l&rsquo;usure. Les raccords en plastique, autrefois utilis\u00e9s, ont depuis \u00e9t\u00e9 remplac\u00e9s par des raccords en laiton. Le rev\u00eatement des tuyaux est souvent absent, ce qui entra\u00eene des dommages pr\u00e9matur\u00e9s. Les ruptures de ces canalisations provoquent fr\u00e9quemment des pertes d&rsquo;eau et des factures d&rsquo;eau \u00e9lev\u00e9es. V\u00e9rifier votre compteur d&rsquo;eau est un bon moyen de d\u00e9tecter les fuites rapidement. Vous habitez sur le Cumbre et souhaitez savoir ce que nous pouvons faire pour vous ?     <\/p>\t\t\t\t\t\t\t\t<\/div>\n\t\t\t\t<div class=\"elementor-element elementor-element-8f10bd5 elementor-align-center elementor-widget elementor-widget-button\" data-id=\"8f10bd5\" data-element_type=\"widget\" data-e-type=\"widget\" data-widget_type=\"button.default\">\n\t\t\t\t\t\t\t\t\t\t<a class=\"elementor-button elementor-button-link elementor-size-sm\" href=\"https:\/\/spanje-vakantiehuizen.com\/fr\/contact\/\" id=\"\/contact\">\n\t\t\t\t\t\t<span class=\"elementor-button-content-wrapper\">\n\t\t\t\t\t\t\t\t\t<span class=\"elementor-button-text\">Quelles sont les options ?<\/span>\n\t\t\t\t\t<\/span>\n\t\t\t\t\t<\/a>\n\t\t\t\t\t\t\t\t<\/div>\n\t\t\t\t<\/div>\n\t\t\t\t<\/div>\n\t\t","protected":false},"excerpt":{"rendered":"<p>V\u00e9rification du compteur d&rsquo;eau Si vous \u00eates propri\u00e9taire et que vous vous absentez longtemps, vous ne souhaitez certainement pas recevoir une facture d&rsquo;eau exorbitante. En Espagne, les canalisations d&rsquo;eau peuvent malheureusement se rompre. Si le probl\u00e8me est d\u00e9tect\u00e9 trop tard, les d\u00e9g\u00e2ts s&rsquo;\u00e9l\u00e8vent souvent \u00e0 plus de mille euros. Arthedi SL effectue des relev\u00e9s de [&hellip;]<\/p>\n","protected":false},"author":2,"featured_media":0,"parent":0,"menu_order":0,"comment_status":"closed","ping_status":"closed","template":"","meta":{"footnotes":""},"class_list":["post-1007","page","type-page","status-publish","hentry"],"_links":{"self":[{"href":"https:\/\/spanje-vakantiehuizen.com\/fr\/wp-json\/wp\/v2\/pages\/1007","targetHints":{"allow":["GET"]}}],"collection":[{"href":"https:\/\/spanje-vakantiehuizen.com\/fr\/wp-json\/wp\/v2\/pages"}],"about":[{"href":"https:\/\/spanje-vakantiehuizen.com\/fr\/wp-json\/wp\/v2\/types\/page"}],"author":[{"embeddable":true,"href":"https:\/\/spanje-vakantiehuizen.com\/fr\/wp-json\/wp\/v2\/users\/2"}],"replies":[{"embeddable":true,"href":"https:\/\/spanje-vakantiehuizen.com\/fr\/wp-json\/wp\/v2\/comments?post=1007"}],"version-history":[{"count":2,"href":"https:\/\/spanje-vakantiehuizen.com\/fr\/wp-json\/wp\/v2\/pages\/1007\/revisions"}],"predecessor-version":[{"id":1009,"href":"https:\/\/spanje-vakantiehuizen.com\/fr\/wp-json\/wp\/v2\/pages\/1007\/revisions\/1009"}],"wp:attachment":[{"href":"https:\/\/spanje-vakantiehuizen.com\/fr\/wp-json\/wp\/v2\/media?parent=1007"}],"curies":[{"name":"wp","href":"https:\/\/api.w.org\/{rel}","templated":true}]}}