{"id":1218,"date":"2025-11-26T13:55:26","date_gmt":"2025-11-26T13:55:26","guid":{"rendered":"https:\/\/spanje-vakantiehuizen.com\/entretien-de-la-piscine\/"},"modified":"2026-02-04T13:02:35","modified_gmt":"2026-02-04T13:02:35","slug":"entretien-de-la-piscine","status":"publish","type":"page","link":"https:\/\/spanje-vakantiehuizen.com\/fr\/entretien-de-la-piscine\/","title":{"rendered":"Entretien de la piscine"},"content":{"rendered":"\t\t<div data-elementor-type=\"wp-page\" data-elementor-id=\"1218\" class=\"elementor elementor-1218 elementor-213\" data-elementor-post-type=\"page\">\n\t\t\t\t<div class=\"elementor-element elementor-element-1f20a98 e-flex e-con-boxed e-con e-parent\" data-id=\"1f20a98\" data-element_type=\"container\" data-e-type=\"container\">\n\t\t\t\t\t<div class=\"e-con-inner\">\n\t\t\t\t<div class=\"elementor-element elementor-element-7629c51 elementor-widget elementor-widget-heading\" data-id=\"7629c51\" data-element_type=\"widget\" data-e-type=\"widget\" data-widget_type=\"heading.default\">\n\t\t\t\t\t<h2 class=\"elementor-heading-title elementor-size-default\">Entretien de la piscine<\/h2>\t\t\t\t<\/div>\n\t\t\t\t<div class=\"elementor-element elementor-element-c854c8d elementor-widget elementor-widget-text-editor\" data-id=\"c854c8d\" data-element_type=\"widget\" data-e-type=\"widget\" data-widget_type=\"text-editor.default\">\n\t\t\t\t\t\t\t\t\t<p>Maintenir une qualit\u00e9 d&rsquo;eau optimale pour une piscine est un processus continu. Plusieurs facteurs peuvent affecter cette qualit\u00e9 : les conditions m\u00e9t\u00e9orologiques, les saisons, la poussi\u00e8re provenant des travaux de r\u00e9novation, etc. La fr\u00e9quence d&rsquo;utilisation de la piscine peut \u00e9galement entra\u00eener des modifications.   <\/p>\t\t\t\t\t\t\t\t<\/div>\n\t\t\t\t<div class=\"elementor-element elementor-element-78b3d57 elementor-widget elementor-widget-image\" data-id=\"78b3d57\" data-element_type=\"widget\" data-e-type=\"widget\" data-widget_type=\"image.default\">\n\t\t\t\t\t\t\t\t\t\t\t\t\t\t\t<img fetchpriority=\"high\" decoding=\"async\" width=\"677\" height=\"297\" src=\"https:\/\/spanje-vakantiehuizen.com\/wp-content\/uploads\/2025\/11\/ZZwembad04.png\" class=\"attachment-large size-large wp-image-1011\" alt=\"\" srcset=\"https:\/\/spanje-vakantiehuizen.com\/wp-content\/uploads\/2025\/11\/ZZwembad04.png 677w, https:\/\/spanje-vakantiehuizen.com\/wp-content\/uploads\/2025\/11\/ZZwembad04-300x132.png 300w\" sizes=\"(max-width: 677px) 100vw, 677px\" \/>\t\t\t\t\t\t\t\t\t\t\t\t\t\t\t<\/div>\n\t\t\t\t<div class=\"elementor-element elementor-element-2f28154 elementor-align-center elementor-widget elementor-widget-button\" data-id=\"2f28154\" data-element_type=\"widget\" data-e-type=\"widget\" data-widget_type=\"button.default\">\n\t\t\t\t\t\t\t\t\t\t<a class=\"elementor-button elementor-button-link elementor-size-sm\" href=\"https:\/\/spanje-vakantiehuizen.com\/fr\/contact\/\">\n\t\t\t\t\t\t<span class=\"elementor-button-content-wrapper\">\n\t\t\t\t\t\t\t\t\t<span class=\"elementor-button-text\">En savoir plus ?<\/span>\n\t\t\t\t\t<\/span>\n\t\t\t\t\t<\/a>\n\t\t\t\t\t\t\t\t<\/div>\n\t\t\t\t\t<\/div>\n\t\t\t\t<\/div>\n\t\t<div class=\"elementor-element elementor-element-9be129d e-flex e-con-boxed e-con e-parent\" data-id=\"9be129d\" data-element_type=\"container\" data-e-type=\"container\">\n\t\t\t\t\t<div class=\"e-con-inner\">\n\t\t<div class=\"elementor-element elementor-element-0b0a48f e-con-full e-flex e-con e-child\" data-id=\"0b0a48f\" data-element_type=\"container\" data-e-type=\"container\">\n\t\t\t\t<div class=\"elementor-element elementor-element-b870d0c elementor-widget elementor-widget-text-editor\" data-id=\"b870d0c\" data-element_type=\"widget\" data-e-type=\"widget\" data-widget_type=\"text-editor.default\">\n\t\t\t\t\t\t\t\t\t<p><a href=\"https:\/\/spanje-vakantiehuizen.com\/fr\/contact\/\">L&rsquo;\u00e9quipe d&rsquo;Arthedi SL <\/a>poss\u00e8de plus de 28 ans d&rsquo;exp\u00e9rience dans l&rsquo;entretien des piscines, qu&rsquo;elles soient au chlore ou au sel. Le nettoyage complet (aspiration, brossage) et l&rsquo;entretien hebdomadaire, incluant le nettoyage du filtre, sont effectu\u00e9s avec soin. Nous anticipons les besoins de votre piscine et prenons en compte tous les facteurs. Nous analysons l&rsquo;eau avec pr\u00e9cision et d\u00e9terminons les additifs n\u00e9cessaires. Si vous poss\u00e9dez une piscine au sel \u00e9quip\u00e9e d&rsquo;un chlorinateur, nous assurons le suivi de l&rsquo;appareil et effectuons les r\u00e9glages n\u00e9cessaires.      <\/p>\t\t\t\t\t\t\t\t<\/div>\n\t\t\t\t<\/div>\n\t\t<div class=\"elementor-element elementor-element-39fefea e-con-full e-flex e-con e-child\" data-id=\"39fefea\" data-element_type=\"container\" data-e-type=\"container\">\n\t\t\t\t<div class=\"elementor-element elementor-element-d6c8d98 elementor-widget elementor-widget-image\" data-id=\"d6c8d98\" data-element_type=\"widget\" data-e-type=\"widget\" data-widget_type=\"image.default\">\n\t\t\t\t\t\t\t\t\t\t\t\t\t\t\t<img decoding=\"async\" width=\"800\" height=\"533\" src=\"https:\/\/spanje-vakantiehuizen.com\/wp-content\/uploads\/2026\/01\/Cumbre-del-Sol-pool-patio-view.jpg\" class=\"attachment-large size-large wp-image-1012\" alt=\"\" srcset=\"https:\/\/spanje-vakantiehuizen.com\/wp-content\/uploads\/2026\/01\/Cumbre-del-Sol-pool-patio-view.jpg 800w, https:\/\/spanje-vakantiehuizen.com\/wp-content\/uploads\/2026\/01\/Cumbre-del-Sol-pool-patio-view-300x200.jpg 300w, https:\/\/spanje-vakantiehuizen.com\/wp-content\/uploads\/2026\/01\/Cumbre-del-Sol-pool-patio-view-768x512.jpg 768w\" sizes=\"(max-width: 800px) 100vw, 800px\" \/>\t\t\t\t\t\t\t\t\t\t\t\t\t\t\t<\/div>\n\t\t\t\t<\/div>\n\t\t\t\t\t<\/div>\n\t\t\t\t<\/div>\n\t\t<div class=\"elementor-element elementor-element-fd0bcb6 e-flex e-con-boxed e-con e-parent\" data-id=\"fd0bcb6\" data-element_type=\"container\" data-e-type=\"container\">\n\t\t\t\t\t<div class=\"e-con-inner\">\n\t\t<div class=\"elementor-element elementor-element-d2487d4 e-con-full e-flex e-con e-child\" data-id=\"d2487d4\" data-element_type=\"container\" data-e-type=\"container\">\n\t\t\t\t<div class=\"elementor-element elementor-element-e20e525 elementor-widget elementor-widget-image\" data-id=\"e20e525\" data-element_type=\"widget\" data-e-type=\"widget\" data-widget_type=\"image.default\">\n\t\t\t\t\t\t\t\t\t\t\t\t\t\t\t<img decoding=\"async\" width=\"600\" height=\"450\" src=\"https:\/\/spanje-vakantiehuizen.com\/wp-content\/uploads\/2026\/01\/Arth38-F2.jpg\" class=\"attachment-large size-large wp-image-936\" alt=\"\" srcset=\"https:\/\/spanje-vakantiehuizen.com\/wp-content\/uploads\/2026\/01\/Arth38-F2.jpg 600w, https:\/\/spanje-vakantiehuizen.com\/wp-content\/uploads\/2026\/01\/Arth38-F2-300x225.jpg 300w\" sizes=\"(max-width: 600px) 100vw, 600px\" \/>\t\t\t\t\t\t\t\t\t\t\t\t\t\t\t<\/div>\n\t\t\t\t<\/div>\n\t\t<div class=\"elementor-element elementor-element-dfa9ad5 e-con-full e-flex e-con e-child\" data-id=\"dfa9ad5\" data-element_type=\"container\" data-e-type=\"container\">\n\t\t\t\t<div class=\"elementor-element elementor-element-cda0a1b elementor-widget elementor-widget-text-editor\" data-id=\"cda0a1b\" data-element_type=\"widget\" data-e-type=\"widget\" data-widget_type=\"text-editor.default\">\n\t\t\t\t\t\t\t\t\t<p>Le travail consiste en :<\/p><ul><li>Aspiration du fond et \u00e9ventuellement des parois<\/li><li>Nettoyage des escaliers et des murs<\/li><li>Contr\u00f4lez r\u00e9guli\u00e8rement le taux de chlore et le pH de l&rsquo;eau.<\/li><li>Ajouter des comprim\u00e9s de chlore (le cas \u00e9ch\u00e9ant)<\/li><li>Pr\u00e9venir la formation d&rsquo;algues<\/li><li>Ajout de suppl\u00e9ments en cas de changements inattendus<\/li><li>Maintien du niveau d&rsquo;eau<\/li><li>Gestion du minuteur, dur\u00e9e de fonctionnement du filtre<\/li><li>Nettoyage du filtre (lavage \u00e0 contre-courant) et retrait des feuilles du filtre du moteur<\/li><\/ul><p>Le remplacement des moteurs, filtres, etc., est possible moyennant un suppl\u00e9ment. Nous coordonnons et supervisons le remplacement des filtres. Apr\u00e8s 5 \u00e0 7 ans, il est conseill\u00e9 de remplacer le verre (ou le sable) de votre filtre. Ce travail minutieux est r\u00e9alis\u00e9 par nos techniciens sp\u00e9cialis\u00e9s.   <\/p>\t\t\t\t\t\t\t\t<\/div>\n\t\t\t\t<\/div>\n\t\t\t\t\t<\/div>\n\t\t\t\t<\/div>\n\t\t<div class=\"elementor-element elementor-element-a342642 e-flex e-con-boxed e-con e-parent\" data-id=\"a342642\" data-element_type=\"container\" data-e-type=\"container\">\n\t\t\t\t\t<div class=\"e-con-inner\">\n\t\t\t\t<div class=\"elementor-element elementor-element-0c3f70b elementor-widget elementor-widget-text-editor\" data-id=\"0c3f70b\" data-element_type=\"widget\" data-e-type=\"widget\" data-widget_type=\"text-editor.default\">\n\t\t\t\t\t\t\t\t\t<p>L&rsquo;entretien de votre piscine sera effectu\u00e9 chaque semaine. En juillet et ao\u00fbt, et jusqu&rsquo;au 15 septembre, nous viendrons deux fois par semaine pour garantir son parfait entretien. Arthedi est ferm\u00e9 entre No\u00ebl et le Nouvel An. Pendant les jours f\u00e9ri\u00e9s espagnols, nous restons ouverts et l&rsquo;entretien de votre piscine sera donc assur\u00e9 comme pr\u00e9vu. En cas d&rsquo;urgence, nous interviendrons rapidement. Si votre piscine se situe \u00e0 Cumbre del Sol, nous serons ravis de vous contacter.     <\/p>\t\t\t\t\t\t\t\t<\/div>\n\t\t\t\t<div class=\"elementor-element elementor-element-0e17eca elementor-align-center elementor-widget elementor-widget-button\" data-id=\"0e17eca\" data-element_type=\"widget\" data-e-type=\"widget\" data-widget_type=\"button.default\">\n\t\t\t\t\t\t\t\t\t\t<a class=\"elementor-button elementor-button-link elementor-size-sm\" href=\"https:\/\/spanje-vakantiehuizen.com\/fr\/contact\/\">\n\t\t\t\t\t\t<span class=\"elementor-button-content-wrapper\">\n\t\t\t\t\t\t\t\t\t<span class=\"elementor-button-text\">Contactez-nous<\/span>\n\t\t\t\t\t<\/span>\n\t\t\t\t\t<\/a>\n\t\t\t\t\t\t\t\t<\/div>\n\t\t\t\t\t<\/div>\n\t\t\t\t<\/div>\n\t\t\t\t<\/div>\n\t\t","protected":false},"excerpt":{"rendered":"<p>Entretien de la piscine Maintenir une qualit\u00e9 d&rsquo;eau optimale pour une piscine est un processus continu. Plusieurs facteurs peuvent affecter cette qualit\u00e9 : les conditions m\u00e9t\u00e9orologiques, les saisons, la poussi\u00e8re provenant des travaux de r\u00e9novation, etc. La fr\u00e9quence d&rsquo;utilisation de la piscine peut \u00e9galement entra\u00eener des modifications. En savoir plus ? L&rsquo;\u00e9quipe d&rsquo;Arthedi SL poss\u00e8de [&hellip;]<\/p>\n","protected":false},"author":2,"featured_media":0,"parent":0,"menu_order":0,"comment_status":"closed","ping_status":"closed","template":"","meta":{"footnotes":""},"class_list":["post-1218","page","type-page","status-publish","hentry"],"_links":{"self":[{"href":"https:\/\/spanje-vakantiehuizen.com\/fr\/wp-json\/wp\/v2\/pages\/1218","targetHints":{"allow":["GET"]}}],"collection":[{"href":"https:\/\/spanje-vakantiehuizen.com\/fr\/wp-json\/wp\/v2\/pages"}],"about":[{"href":"https:\/\/spanje-vakantiehuizen.com\/fr\/wp-json\/wp\/v2\/types\/page"}],"author":[{"embeddable":true,"href":"https:\/\/spanje-vakantiehuizen.com\/fr\/wp-json\/wp\/v2\/users\/2"}],"replies":[{"embeddable":true,"href":"https:\/\/spanje-vakantiehuizen.com\/fr\/wp-json\/wp\/v2\/comments?post=1218"}],"version-history":[{"count":4,"href":"https:\/\/spanje-vakantiehuizen.com\/fr\/wp-json\/wp\/v2\/pages\/1218\/revisions"}],"predecessor-version":[{"id":1223,"href":"https:\/\/spanje-vakantiehuizen.com\/fr\/wp-json\/wp\/v2\/pages\/1218\/revisions\/1223"}],"wp:attachment":[{"href":"https:\/\/spanje-vakantiehuizen.com\/fr\/wp-json\/wp\/v2\/media?parent=1218"}],"curies":[{"name":"wp","href":"https:\/\/api.w.org\/{rel}","templated":true}]}}