{"id":861,"date":"2025-12-05T09:54:40","date_gmt":"2025-12-05T09:54:40","guid":{"rendered":"https:\/\/spanje-vakantiehuizen.com\/detenteur-de-la-cle\/"},"modified":"2026-02-04T12:35:48","modified_gmt":"2026-02-04T12:35:48","slug":"detenteur-de-la-cle","status":"publish","type":"page","link":"https:\/\/spanje-vakantiehuizen.com\/fr\/detenteur-de-la-cle\/","title":{"rendered":"D\u00e9tenteur de la cl\u00e9"},"content":{"rendered":"\t\t<div data-elementor-type=\"wp-page\" data-elementor-id=\"861\" class=\"elementor elementor-861 elementor-389\" data-elementor-post-type=\"page\">\n\t\t\t\t<div class=\"elementor-element elementor-element-090960c e-flex e-con-boxed e-con e-parent\" data-id=\"090960c\" data-element_type=\"container\" data-e-type=\"container\">\n\t\t\t\t\t<div class=\"e-con-inner\">\n\t\t\t\t<div class=\"elementor-element elementor-element-6d48e78 elementor-widget elementor-widget-heading\" data-id=\"6d48e78\" data-element_type=\"widget\" data-e-type=\"widget\" data-widget_type=\"heading.default\">\n\t\t\t\t\t<h2 class=\"elementor-heading-title elementor-size-default\">D\u00e9tenteur de la cl\u00e9<\/h2>\t\t\t\t<\/div>\n\t\t\t\t<div class=\"elementor-element elementor-element-4c2e30c elementor-widget elementor-widget-text-editor\" data-id=\"4c2e30c\" data-element_type=\"widget\" data-e-type=\"widget\" data-widget_type=\"text-editor.default\">\n\t\t\t\t\t\t\t\t\tVous louez votre maison \u00e0 Cumbre del Sol, mais vous n&rsquo;y habitez pas vous-m\u00eame ? Arthedi propose tous les services n\u00e9cessaires pour garantir un accueil optimal \u00e0 vos locataires.\t\t\t\t\t\t\t\t<\/div>\n\t\t\t\t\t<\/div>\n\t\t\t\t<\/div>\n\t\t<div class=\"elementor-element elementor-element-08f0857 e-flex e-con-boxed e-con e-parent\" data-id=\"08f0857\" data-element_type=\"container\" data-e-type=\"container\">\n\t\t\t\t\t<div class=\"e-con-inner\">\n\t\t<div class=\"elementor-element elementor-element-383b75c e-con-full e-flex e-con e-child\" data-id=\"383b75c\" data-element_type=\"container\" data-e-type=\"container\">\n\t\t\t\t<div class=\"elementor-element elementor-element-8bfb56a elementor-widget elementor-widget-image\" data-id=\"8bfb56a\" data-element_type=\"widget\" data-e-type=\"widget\" data-widget_type=\"image.default\">\n\t\t\t\t\t\t\t\t\t\t\t\t\t\t\t<img fetchpriority=\"high\" decoding=\"async\" width=\"639\" height=\"449\" src=\"https:\/\/spanje-vakantiehuizen.com\/wp-content\/uploads\/2025\/11\/Casa-4.jpg\" class=\"attachment-large size-large wp-image-860\" alt=\"entretien du jardin Cumbre del Sol\" srcset=\"https:\/\/spanje-vakantiehuizen.com\/wp-content\/uploads\/2025\/11\/Casa-4.jpg 639w, https:\/\/spanje-vakantiehuizen.com\/wp-content\/uploads\/2025\/11\/Casa-4-300x211.jpg 300w\" sizes=\"(max-width: 639px) 100vw, 639px\" \/>\t\t\t\t\t\t\t\t\t\t\t\t\t\t\t<\/div>\n\t\t\t\t<\/div>\n\t\t<div class=\"elementor-element elementor-element-20f4fd4 e-con-full e-flex e-con e-child\" data-id=\"20f4fd4\" data-element_type=\"container\" data-e-type=\"container\">\n\t\t\t\t<div class=\"elementor-element elementor-element-b4f082e elementor-widget elementor-widget-text-editor\" data-id=\"b4f082e\" data-element_type=\"widget\" data-e-type=\"widget\" data-widget_type=\"text-editor.default\">\n\t\t\t\t\t\t\t\t\t<p>Les locataires sont accueillis et les cl\u00e9s leur sont remises. Un acompte sera per\u00e7u, l&rsquo;enregistrement du nom et du passeport sera effectu\u00e9, et les explications n\u00e9cessaires concernant la maison et ses alentours seront fournies. Arthedi se charge \u00e9galement du nettoyage final. Souvent, le nettoyage est \u00e9galement pr\u00e9vu avant l&rsquo;arriv\u00e9e des locataires, par exemple apr\u00e8s la p\u00e9riode o\u00f9 les propri\u00e9taires eux-m\u00eames \u00e9taient pr\u00e9sents.<\/p>\t\t\t\t\t\t\t\t<\/div>\n\t\t\t\t<\/div>\n\t\t\t\t\t<\/div>\n\t\t\t\t<\/div>\n\t\t<div class=\"elementor-element elementor-element-5853409 e-flex e-con-boxed e-con e-parent\" data-id=\"5853409\" data-element_type=\"container\" data-e-type=\"container\">\n\t\t\t\t\t<div class=\"e-con-inner\">\n\t\t\t\t<div class=\"elementor-element elementor-element-a76a94a elementor-widget elementor-widget-text-editor\" data-id=\"a76a94a\" data-element_type=\"widget\" data-e-type=\"widget\" data-widget_type=\"text-editor.default\">\n\t\t\t\t\t\t\t\t\t<p>Les locataires peuvent indiquer pour combien de personnes le <a href=\"https:\/\/spanje-vakantiehuizen.com\/fr\/service-de-linge\/\">linge de maison<\/a> est n\u00e9cessaire. L&rsquo;\u00e9quipe de m\u00e9nage fait les lits et dispose les serviettes de mani\u00e8re d\u00e9corative<\/p>\t\t\t\t\t\t\t\t<\/div>\n\t\t\t\t\t<\/div>\n\t\t\t\t<\/div>\n\t\t<div class=\"elementor-element elementor-element-d5c749d e-flex e-con-boxed e-con e-parent\" data-id=\"d5c749d\" data-element_type=\"container\" data-e-type=\"container\">\n\t\t\t\t\t<div class=\"e-con-inner\">\n\t\t\t\t<div class=\"elementor-element elementor-element-5dd3764 elementor-align-center elementor-widget elementor-widget-button\" data-id=\"5dd3764\" data-element_type=\"widget\" data-e-type=\"widget\" data-widget_type=\"button.default\">\n\t\t\t\t\t\t\t\t\t\t<a class=\"elementor-button elementor-button-link elementor-size-sm\" href=\"https:\/\/spanje-vakantiehuizen.com\/fr\/contact\/\">\n\t\t\t\t\t\t<span class=\"elementor-button-content-wrapper\">\n\t\t\t\t\t\t\t\t\t<span class=\"elementor-button-text\">En savoir plus ?<\/span>\n\t\t\t\t\t<\/span>\n\t\t\t\t\t<\/a>\n\t\t\t\t\t\t\t\t<\/div>\n\t\t\t\t\t<\/div>\n\t\t\t\t<\/div>\n\t\t\t\t<\/div>\n\t\t","protected":false},"excerpt":{"rendered":"<p>D\u00e9tenteur de la cl\u00e9 Vous louez votre maison \u00e0 Cumbre del Sol, mais vous n&rsquo;y habitez pas vous-m\u00eame ? Arthedi propose tous les services n\u00e9cessaires pour garantir un accueil optimal \u00e0 vos locataires. Les locataires sont accueillis et les cl\u00e9s leur sont remises. Un acompte sera per\u00e7u, l&rsquo;enregistrement du nom et du passeport sera effectu\u00e9, [&hellip;]<\/p>\n","protected":false},"author":2,"featured_media":0,"parent":0,"menu_order":0,"comment_status":"closed","ping_status":"closed","template":"","meta":{"footnotes":""},"class_list":["post-861","page","type-page","status-publish","hentry"],"_links":{"self":[{"href":"https:\/\/spanje-vakantiehuizen.com\/fr\/wp-json\/wp\/v2\/pages\/861","targetHints":{"allow":["GET"]}}],"collection":[{"href":"https:\/\/spanje-vakantiehuizen.com\/fr\/wp-json\/wp\/v2\/pages"}],"about":[{"href":"https:\/\/spanje-vakantiehuizen.com\/fr\/wp-json\/wp\/v2\/types\/page"}],"author":[{"embeddable":true,"href":"https:\/\/spanje-vakantiehuizen.com\/fr\/wp-json\/wp\/v2\/users\/2"}],"replies":[{"embeddable":true,"href":"https:\/\/spanje-vakantiehuizen.com\/fr\/wp-json\/wp\/v2\/comments?post=861"}],"version-history":[{"count":2,"href":"https:\/\/spanje-vakantiehuizen.com\/fr\/wp-json\/wp\/v2\/pages\/861\/revisions"}],"predecessor-version":[{"id":1184,"href":"https:\/\/spanje-vakantiehuizen.com\/fr\/wp-json\/wp\/v2\/pages\/861\/revisions\/1184"}],"wp:attachment":[{"href":"https:\/\/spanje-vakantiehuizen.com\/fr\/wp-json\/wp\/v2\/media?parent=861"}],"curies":[{"name":"wp","href":"https:\/\/api.w.org\/{rel}","templated":true}]}}