{"id":934,"date":"2025-12-05T09:24:17","date_gmt":"2025-12-05T09:24:17","guid":{"rendered":"https:\/\/spanje-vakantiehuizen.com\/services-de-nettoyage\/"},"modified":"2026-01-28T13:58:33","modified_gmt":"2026-01-28T13:58:33","slug":"services-de-nettoyage","status":"publish","type":"page","link":"https:\/\/spanje-vakantiehuizen.com\/fr\/services-de-nettoyage\/","title":{"rendered":"Services de nettoyage"},"content":{"rendered":"\t\t<div data-elementor-type=\"wp-page\" data-elementor-id=\"934\" class=\"elementor elementor-934 elementor-373\" data-elementor-post-type=\"page\">\n\t\t\t\t<div class=\"elementor-element elementor-element-d910725 e-flex e-con-boxed e-con e-parent\" data-id=\"d910725\" data-element_type=\"container\" data-e-type=\"container\">\n\t\t\t\t\t<div class=\"e-con-inner\">\n\t\t\t\t<div class=\"elementor-element elementor-element-793f1c1 elementor-widget elementor-widget-heading\" data-id=\"793f1c1\" data-element_type=\"widget\" data-e-type=\"widget\" data-widget_type=\"heading.default\">\n\t\t\t\t\t<h2 class=\"elementor-heading-title elementor-size-default\">Services de nettoyage<\/h2>\t\t\t\t<\/div>\n\t\t\t\t\t<\/div>\n\t\t\t\t<\/div>\n\t\t<div class=\"elementor-element elementor-element-f98b352 e-flex e-con-boxed e-con e-parent\" data-id=\"f98b352\" data-element_type=\"container\" data-e-type=\"container\">\n\t\t\t\t\t<div class=\"e-con-inner\">\n\t\t<div class=\"elementor-element elementor-element-cad90c4 e-con-full e-flex e-con e-child\" data-id=\"cad90c4\" data-element_type=\"container\" data-e-type=\"container\">\n\t\t\t\t<div class=\"elementor-element elementor-element-6fc7c36 elementor-widget elementor-widget-image\" data-id=\"6fc7c36\" data-element_type=\"widget\" data-e-type=\"widget\" data-widget_type=\"image.default\">\n\t\t\t\t\t\t\t\t\t\t\t\t\t\t\t<img fetchpriority=\"high\" decoding=\"async\" width=\"738\" height=\"491\" src=\"https:\/\/spanje-vakantiehuizen.com\/wp-content\/uploads\/2025\/12\/Schoonmaakdiensten.png\" class=\"attachment-large size-large wp-image-933\" alt=\"Service de Nettoyage\" srcset=\"https:\/\/spanje-vakantiehuizen.com\/wp-content\/uploads\/2025\/12\/Schoonmaakdiensten.png 738w, https:\/\/spanje-vakantiehuizen.com\/wp-content\/uploads\/2025\/12\/Schoonmaakdiensten-300x200.png 300w\" sizes=\"(max-width: 738px) 100vw, 738px\" \/>\t\t\t\t\t\t\t\t\t\t\t\t\t\t\t<\/div>\n\t\t\t\t<\/div>\n\t\t<div class=\"elementor-element elementor-element-a309743 e-con-full e-flex e-con e-child\" data-id=\"a309743\" data-element_type=\"container\" data-e-type=\"container\">\n\t\t\t\t<div class=\"elementor-element elementor-element-f1d7ca0 elementor-widget elementor-widget-text-editor\" data-id=\"f1d7ca0\" data-element_type=\"widget\" data-e-type=\"widget\" data-widget_type=\"text-editor.default\">\n\t\t\t\t\t\t\t\t\t<p>Rentrer chez soi et trouver une maison propre est une exp\u00e9rience r\u00e9confortante et relaxante. Arthedi met \u00e0 votre disposition une \u00e9quipe de professionnels du nettoyage qui prennent soin de l&rsquo;int\u00e9rieur comme de l&rsquo;ext\u00e9rieur de votre propri\u00e9t\u00e9. Nos forfaits incluent \u00e9galement le nettoyage des vitres et le lavage \u00e0 haute pression. Pour les biens lou\u00e9s par l&rsquo;interm\u00e9diaire d&rsquo;Arthedi, le nettoyage final est obligatoire. M\u00eame si un bien est rest\u00e9 inoccup\u00e9 pendant une p\u00e9riode prolong\u00e9e, nous recommandons un nettoyage complet. Les contrats de nettoyage sont annuels et ne sont disponibles qu&rsquo;en compl\u00e9ment d&rsquo;autres services, tels que la location et la gestion des cl\u00e9s.     <\/p>\t\t\t\t\t\t\t\t<\/div>\n\t\t\t\t<div class=\"elementor-element elementor-element-18b33c8 elementor-widget elementor-widget-button\" data-id=\"18b33c8\" data-element_type=\"widget\" data-e-type=\"widget\" data-widget_type=\"button.default\">\n\t\t\t\t\t\t\t\t\t\t<a class=\"elementor-button elementor-button-link elementor-size-sm\" href=\"https:\/\/spanje-vakantiehuizen.com\/fr\/contact\/\">\n\t\t\t\t\t\t<span class=\"elementor-button-content-wrapper\">\n\t\t\t\t\t\t\t\t\t<span class=\"elementor-button-text\">Demander un devis<\/span>\n\t\t\t\t\t<\/span>\n\t\t\t\t\t<\/a>\n\t\t\t\t\t\t\t\t<\/div>\n\t\t\t\t<\/div>\n\t\t\t\t\t<\/div>\n\t\t\t\t<\/div>\n\t\t\t\t<\/div>\n\t\t","protected":false},"excerpt":{"rendered":"<p>Services de nettoyage Rentrer chez soi et trouver une maison propre est une exp\u00e9rience r\u00e9confortante et relaxante. Arthedi met \u00e0 votre disposition une \u00e9quipe de professionnels du nettoyage qui prennent soin de l&rsquo;int\u00e9rieur comme de l&rsquo;ext\u00e9rieur de votre propri\u00e9t\u00e9. Nos forfaits incluent \u00e9galement le nettoyage des vitres et le lavage \u00e0 haute pression. Pour les [&hellip;]<\/p>\n","protected":false},"author":2,"featured_media":0,"parent":0,"menu_order":0,"comment_status":"closed","ping_status":"closed","template":"","meta":{"footnotes":""},"class_list":["post-934","page","type-page","status-publish","hentry"],"_links":{"self":[{"href":"https:\/\/spanje-vakantiehuizen.com\/fr\/wp-json\/wp\/v2\/pages\/934","targetHints":{"allow":["GET"]}}],"collection":[{"href":"https:\/\/spanje-vakantiehuizen.com\/fr\/wp-json\/wp\/v2\/pages"}],"about":[{"href":"https:\/\/spanje-vakantiehuizen.com\/fr\/wp-json\/wp\/v2\/types\/page"}],"author":[{"embeddable":true,"href":"https:\/\/spanje-vakantiehuizen.com\/fr\/wp-json\/wp\/v2\/users\/2"}],"replies":[{"embeddable":true,"href":"https:\/\/spanje-vakantiehuizen.com\/fr\/wp-json\/wp\/v2\/comments?post=934"}],"version-history":[{"count":1,"href":"https:\/\/spanje-vakantiehuizen.com\/fr\/wp-json\/wp\/v2\/pages\/934\/revisions"}],"predecessor-version":[{"id":935,"href":"https:\/\/spanje-vakantiehuizen.com\/fr\/wp-json\/wp\/v2\/pages\/934\/revisions\/935"}],"wp:attachment":[{"href":"https:\/\/spanje-vakantiehuizen.com\/fr\/wp-json\/wp\/v2\/media?parent=934"}],"curies":[{"name":"wp","href":"https:\/\/api.w.org\/{rel}","templated":true}]}}